{"id":11929,"date":"2020-02-20T07:51:00","date_gmt":"2020-02-20T06:51:00","guid":{"rendered":"https:\/\/biobim-hostnet-download.ddev.site\/home\/"},"modified":"2025-12-02T14:06:43","modified_gmt":"2025-12-02T13:06:43","slug":"home","status":"publish","type":"page","link":"https:\/\/biobim.com\/fr\/","title":{"rendered":"Biobim aliments biologiques pour b\u00e9b\u00e9s"},"content":{"rendered":"\r\n<div class=\"wp-block-columns is-layout-flex wp-container-core-columns-is-layout-9d6595d7 wp-block-columns-is-layout-flex\">\r\n<div class=\"wp-block-column is-layout-flow wp-block-column-is-layout-flow\">&#13;\n<h2 class=\"wp-block-heading\"><strong>Bienvenue sur notre site Web<\/strong><\/h2>&#13;\n\r\n\r\n&#13;\n<p class=\"has-normal-font-size\">Chez Biobim, nous fabriquons depuis 1982 de savoureux aliments biologiques pour b\u00e9b\u00e9s, tels que des laits de suite, des bouillies et des collations \u00e0 base de fruits et de l\u00e9gumes. Sur notre site Web, vous trouverez des informations sur l&rsquo;alimentation pendant la grossesse et la premi\u00e8re phase de la vie de votre b\u00e9b\u00e9. Bien entendu, nous vous y parlons \u00e9galement de nos produits. En outre, vous y trouverez r\u00e9guli\u00e8rement des actualit\u00e9s et des conseils sur l&rsquo;alimentation naturelle et le mode de vie durable.   <\/p>&#13;\n\r\n\r\n\n<figure class=\"wp-block-image size-large\"><img loading=\"lazy\" decoding=\"async\" width=\"617\" height=\"13\" src=\"https:\/\/biobim.enict.io\/wp-content\/uploads\/2020\/02\/divider-616.png\" alt=\"\" class=\"wp-image-11864\" srcset=\"https:\/\/biobim.com\/wp-content\/uploads\/2020\/02\/divider-616.png 617w, https:\/\/biobim.com\/wp-content\/uploads\/2020\/02\/divider-616-300x6.png 300w, https:\/\/biobim.com\/wp-content\/uploads\/2020\/02\/divider-616-280x6.png 280w, https:\/\/biobim.com\/wp-content\/uploads\/2020\/02\/divider-616-116x2.png 116w, https:\/\/biobim.com\/wp-content\/uploads\/2020\/02\/divider-616-180x4.png 180w, https:\/\/biobim.com\/wp-content\/uploads\/2020\/02\/divider-616-380x8.png 380w, https:\/\/biobim.com\/wp-content\/uploads\/2020\/02\/divider-616-604x13.png 604w, https:\/\/biobim.com\/wp-content\/uploads\/2020\/02\/divider-616-232x5.png 232w, https:\/\/biobim.com\/wp-content\/uploads\/2020\/02\/divider-616-400x8.png 400w\" sizes=\"auto, (max-width: 617px) 100vw, 617px\" \/><\/figure>\n\r\n\r\n&#13;\n<h2 class=\"wp-block-heading\"><strong>En \u00e9quilibre avec la nature<\/strong><\/h2>&#13;\n\r\n\r\n&#13;\n<p>Biobim offre aux parents responsables une gamme \u00e9quilibr\u00e9e d&rsquo;aliments biologiques pour b\u00e9b\u00e9s, adapt\u00e9s de mani\u00e8re optimale \u00e0 chaque stade de d\u00e9veloppement.<\/p>&#13;\n<\/div>\r\n\r\n\r\n\r\n<div class=\"wp-block-column is-layout-flow wp-block-column-is-layout-flow\">&#13;\n<h2 class=\"wp-block-heading\"><strong>Aliments biologiques pour b\u00e9b\u00e9s<\/strong><\/h2>&#13;\n\r\n\r\n&#13;\n<p>Pour les tout-petits, une bonne alimentation est tr\u00e8s importante. L&rsquo;allaitement est ce qu&rsquo;il y a de mieux pour votre b\u00e9b\u00e9. Une merveilleuse invention de m\u00e8re Nature que personne ne peut reproduire. Pour les situations o\u00f9 l&rsquo;allaitement n&rsquo;est pas (ou plus) possible, nous proposons une large gamme d&rsquo;aliments biologiques pour b\u00e9b\u00e9s, tels que le lait de suite et le lait de croissance, fabriqu\u00e9s \u00e0 partir d&rsquo;ingr\u00e9dients naturels.   <\/p>&#13;\n\r\n\r\n\n<figure class=\"wp-block-image size-large\"><img loading=\"lazy\" decoding=\"async\" width=\"617\" height=\"13\" src=\"https:\/\/biobim.enict.io\/wp-content\/uploads\/2020\/02\/divider-616.png\" alt=\"\" class=\"wp-image-11864\" srcset=\"https:\/\/biobim.com\/wp-content\/uploads\/2020\/02\/divider-616.png 617w, https:\/\/biobim.com\/wp-content\/uploads\/2020\/02\/divider-616-300x6.png 300w, https:\/\/biobim.com\/wp-content\/uploads\/2020\/02\/divider-616-280x6.png 280w, https:\/\/biobim.com\/wp-content\/uploads\/2020\/02\/divider-616-116x2.png 116w, https:\/\/biobim.com\/wp-content\/uploads\/2020\/02\/divider-616-180x4.png 180w, https:\/\/biobim.com\/wp-content\/uploads\/2020\/02\/divider-616-380x8.png 380w, https:\/\/biobim.com\/wp-content\/uploads\/2020\/02\/divider-616-604x13.png 604w, https:\/\/biobim.com\/wp-content\/uploads\/2020\/02\/divider-616-232x5.png 232w, https:\/\/biobim.com\/wp-content\/uploads\/2020\/02\/divider-616-400x8.png 400w\" sizes=\"auto, (max-width: 617px) 100vw, 617px\" \/><\/figure>\n\r\n\r\n\r\n\r\n&#13;\n<figure class=\"wp-block-image size-large\"><img loading=\"lazy\" decoding=\"async\" width=\"184\" height=\"240\" class=\"wp-image-11303\" src=\"https:\/\/biobim.enict.io\/wp-content\/uploads\/2020\/02\/Biobim-Ekonijn-Webshop-1.png\" alt=\"\" srcset=\"https:\/\/biobim.com\/wp-content\/uploads\/2020\/02\/Biobim-Ekonijn-Webshop-1.png 184w, https:\/\/biobim.com\/wp-content\/uploads\/2020\/02\/Biobim-Ekonijn-Webshop-1-116x150.png 116w, https:\/\/biobim.com\/wp-content\/uploads\/2020\/02\/Biobim-Ekonijn-Webshop-1-180x235.png 180w\" sizes=\"auto, (max-width: 184px) 100vw, 184px\" \/><\/figure>&#13;\n<\/div>\r\n<\/div>\r\n","protected":false},"excerpt":{"rendered":"<p>&#13; Bienvenue sur notre site Web &#13; &#13; Chez Biobim, nous fabriquons depuis 1982 de savoureux aliments biologiques pour b\u00e9b\u00e9s, tels que des laits de suite, des bouillies et des collations \u00e0 base de fruits et de l\u00e9gumes. Sur notre site Web, vous trouverez des informations sur l&rsquo;alimentation pendant la grossesse et la premi\u00e8re phase [&hellip;]<\/p>\n","protected":false},"author":6485,"featured_media":0,"parent":0,"menu_order":0,"comment_status":"open","ping_status":"closed","template":"page-home.php","meta":{"_acf_changed":false,"_coblocks_attr":"","_coblocks_dimensions":"","_coblocks_responsive_height":"","_coblocks_accordion_ie_support":"","footnotes":""},"class_list":["post-11929","page","type-page","status-publish","hentry"],"acf":[],"yoast_head":"<!-- This site is optimized with the Yoast SEO plugin v27.5 - https:\/\/yoast.com\/product\/yoast-seo-wordpress\/ -->\n<title>Biobim : Des aliments biologiques pour b\u00e9b\u00e9s, depuis 1982<\/title>\n<meta name=\"description\" content=\"D\u00e9couvrez Biobim, une alimentation biologique de haute qualit\u00e9 pour b\u00e9b\u00e9s depuis 1982. Parcourez l\u2019assortiment complet pour votre petit.\" \/>\n<meta name=\"robots\" content=\"index, follow, max-snippet:-1, max-image-preview:large, max-video-preview:-1\" \/>\n<link rel=\"canonical\" href=\"https:\/\/biobim.com\/fr\/\" \/>\n<meta property=\"og:locale\" content=\"fr_FR\" \/>\n<meta property=\"og:type\" content=\"article\" \/>\n<meta property=\"og:title\" content=\"Biobim biologische babyvoeding voor jouw kindje\" \/>\n<meta property=\"og:description\" content=\"Biobim biologische babyvoeding biedt lekkere en gezonde opties voor elke ontwikkelingsfase van je baby. Lees meer!\" \/>\n<meta property=\"og:url\" content=\"https:\/\/biobim.com\/fr\/\" \/>\n<meta property=\"og:site_name\" content=\"Biobim\" \/>\n<meta property=\"article:modified_time\" content=\"2025-12-02T13:06:43+00:00\" \/>\n<meta property=\"og:image\" content=\"https:\/\/biobim.com\/wp-content\/uploads\/2020\/02\/cropped-Favicon-2-300x300.png\" \/>\n<meta name=\"twitter:label1\" content=\"Dur\u00e9e de lecture estim\u00e9e\" \/>\n\t<meta name=\"twitter:data1\" content=\"4 minutes\" \/>\n<script type=\"application\/ld+json\" class=\"yoast-schema-graph\">{\"@context\":\"https:\\\/\\\/schema.org\",\"@graph\":[{\"@type\":\"WebPage\",\"@id\":\"https:\\\/\\\/biobim.com\\\/fr\\\/\",\"url\":\"https:\\\/\\\/biobim.com\\\/fr\\\/\",\"name\":\"Biobim : Des aliments biologiques pour b\u00e9b\u00e9s, depuis 1982\",\"isPartOf\":{\"@id\":\"https:\\\/\\\/biobim.com\\\/fr\\\/#website\"},\"primaryImageOfPage\":{\"@id\":\"https:\\\/\\\/biobim.com\\\/fr\\\/#primaryimage\"},\"image\":{\"@id\":\"https:\\\/\\\/biobim.com\\\/fr\\\/#primaryimage\"},\"thumbnailUrl\":\"https:\\\/\\\/biobim.enict.io\\\/wp-content\\\/uploads\\\/2020\\\/02\\\/Biobim-Ekonijn-Webshop-1.png\",\"datePublished\":\"2020-02-20T06:51:00+00:00\",\"dateModified\":\"2025-12-02T13:06:43+00:00\",\"description\":\"D\u00e9couvrez Biobim, une alimentation biologique de haute qualit\u00e9 pour b\u00e9b\u00e9s depuis 1982. Parcourez l\u2019assortiment complet pour votre petit.\",\"breadcrumb\":{\"@id\":\"https:\\\/\\\/biobim.com\\\/fr\\\/#breadcrumb\"},\"inLanguage\":\"fr-FR\",\"potentialAction\":[{\"@type\":\"ReadAction\",\"target\":[\"https:\\\/\\\/biobim.com\\\/fr\\\/\"]}]},{\"@type\":\"ImageObject\",\"inLanguage\":\"fr-FR\",\"@id\":\"https:\\\/\\\/biobim.com\\\/fr\\\/#primaryimage\",\"url\":\"https:\\\/\\\/biobim.enict.io\\\/wp-content\\\/uploads\\\/2020\\\/02\\\/Biobim-Ekonijn-Webshop-1.png\",\"contentUrl\":\"https:\\\/\\\/biobim.enict.io\\\/wp-content\\\/uploads\\\/2020\\\/02\\\/Biobim-Ekonijn-Webshop-1.png\"},{\"@type\":\"BreadcrumbList\",\"@id\":\"https:\\\/\\\/biobim.com\\\/fr\\\/#breadcrumb\",\"itemListElement\":[{\"@type\":\"ListItem\",\"position\":1,\"name\":\"Home\",\"item\":\"https:\\\/\\\/biobim.enict.io\\\/fr\\\/\"},{\"@type\":\"ListItem\",\"position\":2,\"name\":\"Biobim aliments biologiques pour b\u00e9b\u00e9s\"}]},{\"@type\":\"WebSite\",\"@id\":\"https:\\\/\\\/biobim.com\\\/fr\\\/#website\",\"url\":\"https:\\\/\\\/biobim.com\\\/fr\\\/\",\"name\":\"Biobim\",\"description\":\"Aliments biologiques pour b\u00e9b\u00e9s depuis 1982\",\"potentialAction\":[{\"@type\":\"SearchAction\",\"target\":{\"@type\":\"EntryPoint\",\"urlTemplate\":\"https:\\\/\\\/biobim.com\\\/fr\\\/?s={search_term_string}\"},\"query-input\":{\"@type\":\"PropertyValueSpecification\",\"valueRequired\":true,\"valueName\":\"search_term_string\"}}],\"inLanguage\":\"fr-FR\"}]}<\/script>\n<!-- \/ Yoast SEO plugin. -->","yoast_head_json":{"title":"Biobim : Des aliments biologiques pour b\u00e9b\u00e9s, depuis 1982","description":"D\u00e9couvrez Biobim, une alimentation biologique de haute qualit\u00e9 pour b\u00e9b\u00e9s depuis 1982. Parcourez l\u2019assortiment complet pour votre petit.","robots":{"index":"index","follow":"follow","max-snippet":"max-snippet:-1","max-image-preview":"max-image-preview:large","max-video-preview":"max-video-preview:-1"},"canonical":"https:\/\/biobim.com\/fr\/","og_locale":"fr_FR","og_type":"article","og_title":"Biobim biologische babyvoeding voor jouw kindje","og_description":"Biobim biologische babyvoeding biedt lekkere en gezonde opties voor elke ontwikkelingsfase van je baby. Lees meer!","og_url":"https:\/\/biobim.com\/fr\/","og_site_name":"Biobim","article_modified_time":"2025-12-02T13:06:43+00:00","og_image":[{"url":"https:\/\/biobim.com\/wp-content\/uploads\/2020\/02\/cropped-Favicon-2-300x300.png","type":"","width":"","height":""}],"twitter_misc":{"Dur\u00e9e de lecture estim\u00e9e":"4 minutes"},"schema":{"@context":"https:\/\/schema.org","@graph":[{"@type":"WebPage","@id":"https:\/\/biobim.com\/fr\/","url":"https:\/\/biobim.com\/fr\/","name":"Biobim : Des aliments biologiques pour b\u00e9b\u00e9s, depuis 1982","isPartOf":{"@id":"https:\/\/biobim.com\/fr\/#website"},"primaryImageOfPage":{"@id":"https:\/\/biobim.com\/fr\/#primaryimage"},"image":{"@id":"https:\/\/biobim.com\/fr\/#primaryimage"},"thumbnailUrl":"https:\/\/biobim.enict.io\/wp-content\/uploads\/2020\/02\/Biobim-Ekonijn-Webshop-1.png","datePublished":"2020-02-20T06:51:00+00:00","dateModified":"2025-12-02T13:06:43+00:00","description":"D\u00e9couvrez Biobim, une alimentation biologique de haute qualit\u00e9 pour b\u00e9b\u00e9s depuis 1982. Parcourez l\u2019assortiment complet pour votre petit.","breadcrumb":{"@id":"https:\/\/biobim.com\/fr\/#breadcrumb"},"inLanguage":"fr-FR","potentialAction":[{"@type":"ReadAction","target":["https:\/\/biobim.com\/fr\/"]}]},{"@type":"ImageObject","inLanguage":"fr-FR","@id":"https:\/\/biobim.com\/fr\/#primaryimage","url":"https:\/\/biobim.enict.io\/wp-content\/uploads\/2020\/02\/Biobim-Ekonijn-Webshop-1.png","contentUrl":"https:\/\/biobim.enict.io\/wp-content\/uploads\/2020\/02\/Biobim-Ekonijn-Webshop-1.png"},{"@type":"BreadcrumbList","@id":"https:\/\/biobim.com\/fr\/#breadcrumb","itemListElement":[{"@type":"ListItem","position":1,"name":"Home","item":"https:\/\/biobim.enict.io\/fr\/"},{"@type":"ListItem","position":2,"name":"Biobim aliments biologiques pour b\u00e9b\u00e9s"}]},{"@type":"WebSite","@id":"https:\/\/biobim.com\/fr\/#website","url":"https:\/\/biobim.com\/fr\/","name":"Biobim","description":"Aliments biologiques pour b\u00e9b\u00e9s depuis 1982","potentialAction":[{"@type":"SearchAction","target":{"@type":"EntryPoint","urlTemplate":"https:\/\/biobim.com\/fr\/?s={search_term_string}"},"query-input":{"@type":"PropertyValueSpecification","valueRequired":true,"valueName":"search_term_string"}}],"inLanguage":"fr-FR"}]}},"_links":{"self":[{"href":"https:\/\/biobim.com\/fr\/wp-json\/wp\/v2\/pages\/11929","targetHints":{"allow":["GET"]}}],"collection":[{"href":"https:\/\/biobim.com\/fr\/wp-json\/wp\/v2\/pages"}],"about":[{"href":"https:\/\/biobim.com\/fr\/wp-json\/wp\/v2\/types\/page"}],"author":[{"embeddable":true,"href":"https:\/\/biobim.com\/fr\/wp-json\/wp\/v2\/users\/6485"}],"replies":[{"embeddable":true,"href":"https:\/\/biobim.com\/fr\/wp-json\/wp\/v2\/comments?post=11929"}],"version-history":[{"count":7,"href":"https:\/\/biobim.com\/fr\/wp-json\/wp\/v2\/pages\/11929\/revisions"}],"predecessor-version":[{"id":18666,"href":"https:\/\/biobim.com\/fr\/wp-json\/wp\/v2\/pages\/11929\/revisions\/18666"}],"wp:attachment":[{"href":"https:\/\/biobim.com\/fr\/wp-json\/wp\/v2\/media?parent=11929"}],"curies":[{"name":"wp","href":"https:\/\/api.w.org\/{rel}","templated":true}]}}