{"id":11932,"date":"2020-02-19T15:01:20","date_gmt":"2020-02-19T14:01:20","guid":{"rendered":"https:\/\/biobim-hostnet-download.ddev.site\/?page_id=11932"},"modified":"2025-11-27T09:49:46","modified_gmt":"2025-11-27T08:49:46","slug":"biobim","status":"publish","type":"page","link":"https:\/\/biobim.com\/fr\/biobim\/","title":{"rendered":"A propos de nous"},"content":{"rendered":"\n<h2 class=\"wp-block-heading\">Bon pour votre b\u00e9b\u00e9 et la nature<\/h2>\n\n<p class=\"has-text-color has-medium-font-size has-blue-color\">Chez Biobim, nous fabriquons des aliments biologiques savoureux pour b\u00e9b\u00e9s depuis 1982, avec amour pour les enfants et dans le respect de la nature.<\/p>\n\n<figure class=\"wp-block-image size-large\"><img loading=\"lazy\" decoding=\"async\" width=\"837\" height=\"13\" src=\"https:\/\/biobim.enict.io\/wp-content\/uploads\/2020\/02\/divider-836.png\" alt=\"\" class=\"wp-image-11866\" srcset=\"https:\/\/biobim.com\/wp-content\/uploads\/2020\/02\/divider-836.png 837w, https:\/\/biobim.com\/wp-content\/uploads\/2020\/02\/divider-836-300x5.png 300w, https:\/\/biobim.com\/wp-content\/uploads\/2020\/02\/divider-836-768x12.png 768w, https:\/\/biobim.com\/wp-content\/uploads\/2020\/02\/divider-836-280x4.png 280w, https:\/\/biobim.com\/wp-content\/uploads\/2020\/02\/divider-836-116x2.png 116w, https:\/\/biobim.com\/wp-content\/uploads\/2020\/02\/divider-836-180x3.png 180w, https:\/\/biobim.com\/wp-content\/uploads\/2020\/02\/divider-836-380x6.png 380w, https:\/\/biobim.com\/wp-content\/uploads\/2020\/02\/divider-836-232x4.png 232w, https:\/\/biobim.com\/wp-content\/uploads\/2020\/02\/divider-836-400x6.png 400w\" sizes=\"auto, (max-width: 837px) 100vw, 837px\" \/><\/figure>\n\n<p>Gr\u00e2ce \u00e0 nos ann\u00e9es de connaissances et d&rsquo;exp\u00e9rience, nous savons ce dont les petits ont besoin. Les parents conscients peuvent acheter nos produits pour assurer une alimentation \u00e9quilibr\u00e9e \u00e0 leur b\u00e9b\u00e9. Notre gamme comprend des pr\u00e9parations biologiques pour nourrissons, comme le lait de suite et le lait pour enfants en bas \u00e2ge, des collations pour b\u00e9b\u00e9s, des bouillies et des en-cas. Nos produits sont disponibles chez Ekoplaza et dans d&rsquo;autres magasins sp\u00e9cialis\u00e9s.<\/p>\n\n<p>Chaque produit est soigneusement adapt\u00e9 aux besoins nutritionnels de votre b\u00e9b\u00e9 et fabriqu\u00e9 de mani\u00e8re durable \u00e0 partir d&rsquo;ingr\u00e9dients biologiques. Nos vaches paissent en plein air dans des p\u00e2turages et les c\u00e9r\u00e9ales et les l\u00e9gumes sont cultiv\u00e9s de mani\u00e8re responsable et ne sont pas pulv\u00e9ris\u00e9s. C&rsquo;est important car les petits sont sensibles aux pesticides et aux m\u00e9taux lourds, par exemple. En outre, nous sommes toujours \u00e0 la recherche de moyens pour rendre notre production, notre transport et notre emballage encore plus durables. Par exemple, nous avons opt\u00e9 pour des sachets tenant debout pour nos papillotes afin de r\u00e9duire les mat\u00e9riaux d&#8217;emballage.<\/p>\n<p>Nous aimerions vous pr\u00e9senter Ekonijn :  <em>\u00ab\u00a0Bonjour, je suis le visage de Biobim. Vous me trouverez sur tous les nouveaux emballages. Avec mes amis les animaux, j&rsquo;apprends \u00e0 votre enfant \u00e0 d\u00e9couvrir de nouvelles saveurs de mani\u00e8re ludique.  <\/em><\/p>\n<p><em>L&rsquo;illustratrice de livres pour enfants Marije Tolman m&rsquo;a donn\u00e9 vie. Vous savez, celle de Miss Mouse, de Little Fox et de bien d&rsquo;autres livres pour enfants qui ont \u00e9t\u00e9 prim\u00e9s. Elle m&rsquo;a dessin\u00e9e sp\u00e9cialement pour vous et tous les autres papas et mamans verts. Et j&rsquo;en suis extr\u00eamement fi\u00e8re\u00a0\u00bb.  <\/em><\/p>\n","protected":false},"excerpt":{"rendered":"<p>Bon pour votre b\u00e9b\u00e9 et la nature Chez Biobim, nous fabriquons des aliments biologiques savoureux pour b\u00e9b\u00e9s depuis 1982, avec amour pour les enfants et dans le respect de la nature. Gr\u00e2ce \u00e0 nos ann\u00e9es de connaissances et d&rsquo;exp\u00e9rience, nous savons ce dont les petits ont besoin. Les parents conscients peuvent acheter nos produits pour [&hellip;]<\/p>\n","protected":false},"author":5103,"featured_media":18567,"parent":0,"menu_order":0,"comment_status":"open","ping_status":"open","template":"page-sidebar.php","meta":{"_acf_changed":false,"_coblocks_attr":"","_coblocks_dimensions":"","_coblocks_responsive_height":"","_coblocks_accordion_ie_support":"","footnotes":""},"class_list":["post-11932","page","type-page","status-publish","has-post-thumbnail","hentry"],"acf":[],"yoast_head":"<!-- This site is optimized with the Yoast SEO plugin v27.5 - https:\/\/yoast.com\/product\/yoast-seo-wordpress\/ -->\n<title>A propos de nous - Biobim<\/title>\n<meta name=\"robots\" content=\"index, follow, max-snippet:-1, max-image-preview:large, max-video-preview:-1\" \/>\n<link rel=\"canonical\" href=\"https:\/\/biobim.com\/fr\/biobim\/\" \/>\n<meta property=\"og:locale\" content=\"fr_FR\" \/>\n<meta property=\"og:type\" content=\"article\" \/>\n<meta property=\"og:title\" content=\"A propos de nous - Biobim\" \/>\n<meta property=\"og:description\" content=\"Bon pour votre b\u00e9b\u00e9 et la nature Chez Biobim, nous fabriquons des aliments biologiques savoureux pour b\u00e9b\u00e9s depuis 1982, avec amour pour les enfants et dans le respect de la nature. Gr\u00e2ce \u00e0 nos ann\u00e9es de connaissances et d&rsquo;exp\u00e9rience, nous savons ce dont les petits ont besoin. Les parents conscients peuvent acheter nos produits pour [&hellip;]\" \/>\n<meta property=\"og:url\" content=\"https:\/\/biobim.com\/fr\/biobim\/\" \/>\n<meta property=\"og:site_name\" content=\"Biobim\" \/>\n<meta property=\"article:modified_time\" content=\"2025-11-27T08:49:46+00:00\" \/>\n<meta property=\"og:image\" content=\"https:\/\/biobim.com\/wp-content\/uploads\/2025\/11\/Biobim_online_banner_1400x500px.jpg\" \/>\n\t<meta property=\"og:image:width\" content=\"1400\" \/>\n\t<meta property=\"og:image:height\" content=\"500\" \/>\n\t<meta property=\"og:image:type\" content=\"image\/jpeg\" \/>\n<meta name=\"twitter:label1\" content=\"Dur\u00e9e de lecture estim\u00e9e\" \/>\n\t<meta name=\"twitter:data1\" content=\"3 minutes\" \/>\n<script type=\"application\/ld+json\" class=\"yoast-schema-graph\">{\"@context\":\"https:\\\/\\\/schema.org\",\"@graph\":[{\"@type\":\"WebPage\",\"@id\":\"https:\\\/\\\/biobim.com\\\/fr\\\/biobim\\\/\",\"url\":\"https:\\\/\\\/biobim.com\\\/fr\\\/biobim\\\/\",\"name\":\"A propos de nous - Biobim\",\"isPartOf\":{\"@id\":\"https:\\\/\\\/biobim.com\\\/fr\\\/#website\"},\"primaryImageOfPage\":{\"@id\":\"https:\\\/\\\/biobim.com\\\/fr\\\/biobim\\\/#primaryimage\"},\"image\":{\"@id\":\"https:\\\/\\\/biobim.com\\\/fr\\\/biobim\\\/#primaryimage\"},\"thumbnailUrl\":\"https:\\\/\\\/biobim.com\\\/wp-content\\\/uploads\\\/2025\\\/11\\\/Biobim_online_banner_1400x500px.jpg\",\"datePublished\":\"2020-02-19T14:01:20+00:00\",\"dateModified\":\"2025-11-27T08:49:46+00:00\",\"breadcrumb\":{\"@id\":\"https:\\\/\\\/biobim.com\\\/fr\\\/biobim\\\/#breadcrumb\"},\"inLanguage\":\"fr-FR\",\"potentialAction\":[{\"@type\":\"ReadAction\",\"target\":[\"https:\\\/\\\/biobim.com\\\/fr\\\/biobim\\\/\"]}]},{\"@type\":\"ImageObject\",\"inLanguage\":\"fr-FR\",\"@id\":\"https:\\\/\\\/biobim.com\\\/fr\\\/biobim\\\/#primaryimage\",\"url\":\"https:\\\/\\\/biobim.com\\\/wp-content\\\/uploads\\\/2025\\\/11\\\/Biobim_online_banner_1400x500px.jpg\",\"contentUrl\":\"https:\\\/\\\/biobim.com\\\/wp-content\\\/uploads\\\/2025\\\/11\\\/Biobim_online_banner_1400x500px.jpg\",\"width\":1400,\"height\":500},{\"@type\":\"BreadcrumbList\",\"@id\":\"https:\\\/\\\/biobim.com\\\/fr\\\/biobim\\\/#breadcrumb\",\"itemListElement\":[{\"@type\":\"ListItem\",\"position\":1,\"name\":\"Home\",\"item\":\"https:\\\/\\\/biobim.enict.io\\\/fr\\\/\"},{\"@type\":\"ListItem\",\"position\":2,\"name\":\"A propos de nous\"}]},{\"@type\":\"WebSite\",\"@id\":\"https:\\\/\\\/biobim.com\\\/fr\\\/#website\",\"url\":\"https:\\\/\\\/biobim.com\\\/fr\\\/\",\"name\":\"Biobim\",\"description\":\"Aliments biologiques pour b\u00e9b\u00e9s depuis 1982\",\"potentialAction\":[{\"@type\":\"SearchAction\",\"target\":{\"@type\":\"EntryPoint\",\"urlTemplate\":\"https:\\\/\\\/biobim.com\\\/fr\\\/?s={search_term_string}\"},\"query-input\":{\"@type\":\"PropertyValueSpecification\",\"valueRequired\":true,\"valueName\":\"search_term_string\"}}],\"inLanguage\":\"fr-FR\"}]}<\/script>\n<!-- \/ Yoast SEO plugin. -->","yoast_head_json":{"title":"A propos de nous - Biobim","robots":{"index":"index","follow":"follow","max-snippet":"max-snippet:-1","max-image-preview":"max-image-preview:large","max-video-preview":"max-video-preview:-1"},"canonical":"https:\/\/biobim.com\/fr\/biobim\/","og_locale":"fr_FR","og_type":"article","og_title":"A propos de nous - Biobim","og_description":"Bon pour votre b\u00e9b\u00e9 et la nature Chez Biobim, nous fabriquons des aliments biologiques savoureux pour b\u00e9b\u00e9s depuis 1982, avec amour pour les enfants et dans le respect de la nature. Gr\u00e2ce \u00e0 nos ann\u00e9es de connaissances et d&rsquo;exp\u00e9rience, nous savons ce dont les petits ont besoin. Les parents conscients peuvent acheter nos produits pour [&hellip;]","og_url":"https:\/\/biobim.com\/fr\/biobim\/","og_site_name":"Biobim","article_modified_time":"2025-11-27T08:49:46+00:00","og_image":[{"width":1400,"height":500,"url":"https:\/\/biobim.com\/wp-content\/uploads\/2025\/11\/Biobim_online_banner_1400x500px.jpg","type":"image\/jpeg"}],"twitter_misc":{"Dur\u00e9e de lecture estim\u00e9e":"3 minutes"},"schema":{"@context":"https:\/\/schema.org","@graph":[{"@type":"WebPage","@id":"https:\/\/biobim.com\/fr\/biobim\/","url":"https:\/\/biobim.com\/fr\/biobim\/","name":"A propos de nous - Biobim","isPartOf":{"@id":"https:\/\/biobim.com\/fr\/#website"},"primaryImageOfPage":{"@id":"https:\/\/biobim.com\/fr\/biobim\/#primaryimage"},"image":{"@id":"https:\/\/biobim.com\/fr\/biobim\/#primaryimage"},"thumbnailUrl":"https:\/\/biobim.com\/wp-content\/uploads\/2025\/11\/Biobim_online_banner_1400x500px.jpg","datePublished":"2020-02-19T14:01:20+00:00","dateModified":"2025-11-27T08:49:46+00:00","breadcrumb":{"@id":"https:\/\/biobim.com\/fr\/biobim\/#breadcrumb"},"inLanguage":"fr-FR","potentialAction":[{"@type":"ReadAction","target":["https:\/\/biobim.com\/fr\/biobim\/"]}]},{"@type":"ImageObject","inLanguage":"fr-FR","@id":"https:\/\/biobim.com\/fr\/biobim\/#primaryimage","url":"https:\/\/biobim.com\/wp-content\/uploads\/2025\/11\/Biobim_online_banner_1400x500px.jpg","contentUrl":"https:\/\/biobim.com\/wp-content\/uploads\/2025\/11\/Biobim_online_banner_1400x500px.jpg","width":1400,"height":500},{"@type":"BreadcrumbList","@id":"https:\/\/biobim.com\/fr\/biobim\/#breadcrumb","itemListElement":[{"@type":"ListItem","position":1,"name":"Home","item":"https:\/\/biobim.enict.io\/fr\/"},{"@type":"ListItem","position":2,"name":"A propos de nous"}]},{"@type":"WebSite","@id":"https:\/\/biobim.com\/fr\/#website","url":"https:\/\/biobim.com\/fr\/","name":"Biobim","description":"Aliments biologiques pour b\u00e9b\u00e9s depuis 1982","potentialAction":[{"@type":"SearchAction","target":{"@type":"EntryPoint","urlTemplate":"https:\/\/biobim.com\/fr\/?s={search_term_string}"},"query-input":{"@type":"PropertyValueSpecification","valueRequired":true,"valueName":"search_term_string"}}],"inLanguage":"fr-FR"}]}},"_links":{"self":[{"href":"https:\/\/biobim.com\/fr\/wp-json\/wp\/v2\/pages\/11932","targetHints":{"allow":["GET"]}}],"collection":[{"href":"https:\/\/biobim.com\/fr\/wp-json\/wp\/v2\/pages"}],"about":[{"href":"https:\/\/biobim.com\/fr\/wp-json\/wp\/v2\/types\/page"}],"author":[{"embeddable":true,"href":"https:\/\/biobim.com\/fr\/wp-json\/wp\/v2\/users\/5103"}],"replies":[{"embeddable":true,"href":"https:\/\/biobim.com\/fr\/wp-json\/wp\/v2\/comments?post=11932"}],"version-history":[{"count":11,"href":"https:\/\/biobim.com\/fr\/wp-json\/wp\/v2\/pages\/11932\/revisions"}],"predecessor-version":[{"id":18644,"href":"https:\/\/biobim.com\/fr\/wp-json\/wp\/v2\/pages\/11932\/revisions\/18644"}],"wp:featuredmedia":[{"embeddable":true,"href":"https:\/\/biobim.com\/fr\/wp-json\/wp\/v2\/media\/18567"}],"wp:attachment":[{"href":"https:\/\/biobim.com\/fr\/wp-json\/wp\/v2\/media?parent=11932"}],"curies":[{"name":"wp","href":"https:\/\/api.w.org\/{rel}","templated":true}]}}