{"id":11982,"date":"2020-02-21T10:11:57","date_gmt":"2020-02-21T09:11:57","guid":{"rendered":"https:\/\/biobim-hostnet-download.ddev.site\/?page_id=11982"},"modified":"2025-10-31T12:20:56","modified_gmt":"2025-10-31T11:20:56","slug":"certifications","status":"publish","type":"page","link":"https:\/\/biobim.com\/fr\/certifications\/","title":{"rendered":"Certifications"},"content":{"rendered":"\n<div class=\"wp-block-columns is-layout-flex wp-container-core-columns-is-layout-9d6595d7 wp-block-columns-is-layout-flex\">\n<div class=\"wp-block-column is-layout-flow wp-block-column-is-layout-flow\">\n<div class=\"wp-block-group\"><div class=\"wp-block-group__inner-container is-layout-flow wp-block-group-is-layout-flow\">\n<h2 class=\"wp-block-heading\"><strong>Label biologique : Ingr\u00e9dients issus de l&rsquo;agriculture biologique<\/strong><\/h2>\n\n\n\n<p>Tous nos produits sont biologiques. Le terme \u00ab biologique \u00bb signifie que les mati\u00e8res premi\u00e8res proviennent de fermes pratiquant une agriculture durable. Les cultures ne sont pas asperg\u00e9es de pesticides chimiques de synth\u00e8se, aucun engrais artificiel n&rsquo;est utilis\u00e9, les cultures ne sont pas g\u00e9n\u00e9tiquement modifi\u00e9es et les animaux ont de l&rsquo;espace. Les produits biologiques sont fabriqu\u00e9s dans le respect de la nature, des personnes et des animaux. C&rsquo;est pourquoi nous avons opt\u00e9 pour le bio depuis 1982.    <\/p>\n\n\n\n<div class=\"wp-block-group\"><div class=\"wp-block-group__inner-container is-layout-flow wp-block-group-is-layout-flow\">\n<figure class=\"wp-block-image size-large\"><img loading=\"lazy\" decoding=\"async\" width=\"1024\" height=\"10\" src=\"https:\/\/biobim.com\/wp-content\/uploads\/2020\/02\/divider-1276-1024x10.png\" alt=\"\" class=\"wp-image-11868\" srcset=\"https:\/\/biobim.com\/wp-content\/uploads\/2020\/02\/divider-1276-1024x10.png 1024w, https:\/\/biobim.com\/wp-content\/uploads\/2020\/02\/divider-1276-300x3.png 300w, https:\/\/biobim.com\/wp-content\/uploads\/2020\/02\/divider-1276-768x8.png 768w, https:\/\/biobim.com\/wp-content\/uploads\/2020\/02\/divider-1276-280x3.png 280w, https:\/\/biobim.com\/wp-content\/uploads\/2020\/02\/divider-1276-116x1.png 116w, https:\/\/biobim.com\/wp-content\/uploads\/2020\/02\/divider-1276-1000x10.png 1000w, https:\/\/biobim.com\/wp-content\/uploads\/2020\/02\/divider-1276-180x2.png 180w, https:\/\/biobim.com\/wp-content\/uploads\/2020\/02\/divider-1276-380x4.png 380w, https:\/\/biobim.com\/wp-content\/uploads\/2020\/02\/divider-1276-232x2.png 232w, https:\/\/biobim.com\/wp-content\/uploads\/2020\/02\/divider-1276-400x4.png 400w, https:\/\/biobim.com\/wp-content\/uploads\/2020\/02\/divider-1276.png 1277w\" sizes=\"auto, (max-width: 1024px) 100vw, 1024px\" \/><\/figure>\n\n\n\n<h2 class=\"wp-block-heading\"><strong>Label Demeter : Ingr\u00e9dients provenant d&rsquo;agriculteurs biodynamiques<\/strong><\/h2>\n\n\n\n<p>Tous les petits pots Biobim d&rsquo;aliments pour b\u00e9b\u00e9s \u00e0 base de fruits et l\u00e9gumes portent le label Demeter pour l&rsquo;agriculture biodynamique. Biodynamique signifie que les mati\u00e8res premi\u00e8res proviennent de fermes qui pratiquent une agriculture durable, dans le respect de la nature. Ces agriculteurs ne se contentent pas de cultiver selon des normes biologiques strictes, ils prennent \u00e9galement en compte les forces \u00e9nerg\u00e9tiques de la plante et de la terre lors de la culture et de la r\u00e9colte. Les cultures ont ainsi le temps de m\u00fbrir en \u00e9quilibre avec l&rsquo;\u00e9cosyst\u00e8me. Et cela se go\u00fbte !    <\/p>\n\n\n\n<div class=\"wp-block-group\"><div class=\"wp-block-group__inner-container is-layout-flow wp-block-group-is-layout-flow\">\n<figure class=\"wp-block-image size-large\"><img loading=\"lazy\" decoding=\"async\" width=\"1024\" height=\"10\" src=\"https:\/\/biobim.com\/wp-content\/uploads\/2020\/02\/divider-1276-1024x10.png\" alt=\"\" class=\"wp-image-11868\" srcset=\"https:\/\/biobim.com\/wp-content\/uploads\/2020\/02\/divider-1276-1024x10.png 1024w, https:\/\/biobim.com\/wp-content\/uploads\/2020\/02\/divider-1276-300x3.png 300w, https:\/\/biobim.com\/wp-content\/uploads\/2020\/02\/divider-1276-768x8.png 768w, https:\/\/biobim.com\/wp-content\/uploads\/2020\/02\/divider-1276-280x3.png 280w, https:\/\/biobim.com\/wp-content\/uploads\/2020\/02\/divider-1276-116x1.png 116w, https:\/\/biobim.com\/wp-content\/uploads\/2020\/02\/divider-1276-1000x10.png 1000w, https:\/\/biobim.com\/wp-content\/uploads\/2020\/02\/divider-1276-180x2.png 180w, https:\/\/biobim.com\/wp-content\/uploads\/2020\/02\/divider-1276-380x4.png 380w, https:\/\/biobim.com\/wp-content\/uploads\/2020\/02\/divider-1276-232x2.png 232w, https:\/\/biobim.com\/wp-content\/uploads\/2020\/02\/divider-1276-400x4.png 400w, https:\/\/biobim.com\/wp-content\/uploads\/2020\/02\/divider-1276.png 1277w\" sizes=\"auto, (max-width: 1024px) 100vw, 1024px\" \/><\/figure>\n<\/div><\/div>\n<\/div><\/div>\n<\/div><\/div>\n<\/div>\n\n\n\n<div class=\"wp-block-column is-layout-flow wp-block-column-is-layout-flow\">\n<div class=\"wp-block-group\"><div class=\"wp-block-group__inner-container is-layout-flow wp-block-group-is-layout-flow\">\n<div class=\"wp-block-group\"><div class=\"wp-block-group__inner-container is-layout-flow wp-block-group-is-layout-flow\">\n<h2 class=\"wp-block-heading\"><strong>Label FSC : Emballages en bois issu de for\u00eats durables<\/strong><\/h2>\n\n\n\n<p>Nous accordons une grande importance \u00e0 un processus de production durable. En plus d\u2019utiliser 100 % d\u2019\u00e9nergie verte et un traitement des d\u00e9chets neutre en carbone, nous privil\u00e9gions autant que possible les mat\u00e9riaux recyclables pour nos emballages. Le carton utilis\u00e9 provient de for\u00eats de production certifi\u00e9es FSC, g\u00e9r\u00e9es de mani\u00e8re responsable, et m\u00eame l\u2019encre d\u2019impression est fabriqu\u00e9e \u00e0 partir d\u2019huile de soja plut\u00f4t que d\u2019huile synth\u00e9tique. Dans les for\u00eats FSC, l\u2019abattage est s\u00e9lectif, la conversion en plantations est interdite, et des mesures actives sont mises en \u0153uvre pour prot\u00e9ger l\u2019environnement et les \u00e9cosyst\u00e8mes forestiers.   <\/p>\n<\/div><\/div>\n<\/div><\/div>\n\n\n\n<div class=\"wp-block-columns is-layout-flex wp-container-core-columns-is-layout-9d6595d7 wp-block-columns-is-layout-flex\">\n<div class=\"wp-block-column is-layout-flow wp-block-column-is-layout-flow\"><\/div>\n<\/div>\n\n\n<div class=\"wp-block-image\">\n<figure class=\"aligncenter size-full is-resized\"><img loading=\"lazy\" decoding=\"async\" width=\"184\" height=\"240\" src=\"https:\/\/biobim.com\/wp-content\/uploads\/2020\/02\/Biobim-Ekonijn-Webshop-1.png\" alt=\"\" class=\"wp-image-11303\" style=\"width:205px;height:auto\" srcset=\"https:\/\/biobim.com\/wp-content\/uploads\/2020\/02\/Biobim-Ekonijn-Webshop-1.png 184w, https:\/\/biobim.com\/wp-content\/uploads\/2020\/02\/Biobim-Ekonijn-Webshop-1-116x150.png 116w, https:\/\/biobim.com\/wp-content\/uploads\/2020\/02\/Biobim-Ekonijn-Webshop-1-180x235.png 180w\" sizes=\"auto, (max-width: 184px) 100vw, 184px\" \/><\/figure>\n<\/div><\/div>\n<\/div>\n","protected":false},"excerpt":{"rendered":"<p>Label biologique : Ingr\u00e9dients issus de l&rsquo;agriculture biologique Tous nos produits sont biologiques. Le terme \u00ab biologique \u00bb signifie que les mati\u00e8res premi\u00e8res proviennent de fermes pratiquant une agriculture durable. Les cultures ne sont pas asperg\u00e9es de pesticides chimiques de synth\u00e8se, aucun engrais artificiel n&rsquo;est utilis\u00e9, les cultures ne sont pas g\u00e9n\u00e9tiquement modifi\u00e9es et les [&hellip;]<\/p>\n","protected":false},"author":6485,"featured_media":11981,"parent":0,"menu_order":0,"comment_status":"open","ping_status":"closed","template":"","meta":{"_acf_changed":false,"_coblocks_attr":"","_coblocks_dimensions":"","_coblocks_responsive_height":"","_coblocks_accordion_ie_support":"","footnotes":""},"class_list":["post-11982","page","type-page","status-publish","has-post-thumbnail","hentry"],"acf":[],"yoast_head":"<!-- This site is optimized with the Yoast SEO plugin v27.5 - https:\/\/yoast.com\/product\/yoast-seo-wordpress\/ -->\n<title>Certifications - Biobim<\/title>\n<meta name=\"robots\" content=\"index, follow, max-snippet:-1, max-image-preview:large, max-video-preview:-1\" \/>\n<link rel=\"canonical\" href=\"https:\/\/biobim.com\/fr\/certifications\/\" \/>\n<meta property=\"og:locale\" content=\"fr_FR\" \/>\n<meta property=\"og:type\" content=\"article\" \/>\n<meta property=\"og:title\" content=\"Certifications - Biobim\" \/>\n<meta property=\"og:description\" content=\"Label biologique : Ingr\u00e9dients issus de l&rsquo;agriculture biologique Tous nos produits sont biologiques. Le terme \u00ab biologique \u00bb signifie que les mati\u00e8res premi\u00e8res proviennent de fermes pratiquant une agriculture durable. Les cultures ne sont pas asperg\u00e9es de pesticides chimiques de synth\u00e8se, aucun engrais artificiel n&rsquo;est utilis\u00e9, les cultures ne sont pas g\u00e9n\u00e9tiquement modifi\u00e9es et les [&hellip;]\" \/>\n<meta property=\"og:url\" content=\"https:\/\/biobim.com\/fr\/certifications\/\" \/>\n<meta property=\"og:site_name\" content=\"Biobim\" \/>\n<meta property=\"article:modified_time\" content=\"2025-10-31T11:20:56+00:00\" \/>\n<meta property=\"og:image\" content=\"https:\/\/biobim.com\/wp-content\/uploads\/2020\/02\/Beelden-Header-Keurmerken-1.jpg\" \/>\n\t<meta property=\"og:image:width\" content=\"1400\" \/>\n\t<meta property=\"og:image:height\" content=\"500\" \/>\n\t<meta property=\"og:image:type\" content=\"image\/jpeg\" \/>\n<meta name=\"twitter:label1\" content=\"Dur\u00e9e de lecture estim\u00e9e\" \/>\n\t<meta name=\"twitter:data1\" content=\"2 minutes\" \/>\n<script type=\"application\/ld+json\" class=\"yoast-schema-graph\">{\"@context\":\"https:\\\/\\\/schema.org\",\"@graph\":[{\"@type\":\"WebPage\",\"@id\":\"https:\\\/\\\/biobim.com\\\/fr\\\/certifications\\\/\",\"url\":\"https:\\\/\\\/biobim.com\\\/fr\\\/certifications\\\/\",\"name\":\"Certifications - Biobim\",\"isPartOf\":{\"@id\":\"https:\\\/\\\/biobim.com\\\/fr\\\/#website\"},\"primaryImageOfPage\":{\"@id\":\"https:\\\/\\\/biobim.com\\\/fr\\\/certifications\\\/#primaryimage\"},\"image\":{\"@id\":\"https:\\\/\\\/biobim.com\\\/fr\\\/certifications\\\/#primaryimage\"},\"thumbnailUrl\":\"https:\\\/\\\/biobim.com\\\/wp-content\\\/uploads\\\/2020\\\/02\\\/Beelden-Header-Keurmerken-1.jpg\",\"datePublished\":\"2020-02-21T09:11:57+00:00\",\"dateModified\":\"2025-10-31T11:20:56+00:00\",\"breadcrumb\":{\"@id\":\"https:\\\/\\\/biobim.com\\\/fr\\\/certifications\\\/#breadcrumb\"},\"inLanguage\":\"fr-FR\",\"potentialAction\":[{\"@type\":\"ReadAction\",\"target\":[\"https:\\\/\\\/biobim.com\\\/fr\\\/certifications\\\/\"]}]},{\"@type\":\"ImageObject\",\"inLanguage\":\"fr-FR\",\"@id\":\"https:\\\/\\\/biobim.com\\\/fr\\\/certifications\\\/#primaryimage\",\"url\":\"https:\\\/\\\/biobim.com\\\/wp-content\\\/uploads\\\/2020\\\/02\\\/Beelden-Header-Keurmerken-1.jpg\",\"contentUrl\":\"https:\\\/\\\/biobim.com\\\/wp-content\\\/uploads\\\/2020\\\/02\\\/Beelden-Header-Keurmerken-1.jpg\",\"width\":1400,\"height\":500,\"caption\":\"Koeien in de wei.\"},{\"@type\":\"BreadcrumbList\",\"@id\":\"https:\\\/\\\/biobim.com\\\/fr\\\/certifications\\\/#breadcrumb\",\"itemListElement\":[{\"@type\":\"ListItem\",\"position\":1,\"name\":\"Home\",\"item\":\"https:\\\/\\\/biobim.enict.io\\\/fr\\\/\"},{\"@type\":\"ListItem\",\"position\":2,\"name\":\"Certifications\"}]},{\"@type\":\"WebSite\",\"@id\":\"https:\\\/\\\/biobim.com\\\/fr\\\/#website\",\"url\":\"https:\\\/\\\/biobim.com\\\/fr\\\/\",\"name\":\"Biobim\",\"description\":\"Aliments biologiques pour b\u00e9b\u00e9s depuis 1982\",\"potentialAction\":[{\"@type\":\"SearchAction\",\"target\":{\"@type\":\"EntryPoint\",\"urlTemplate\":\"https:\\\/\\\/biobim.com\\\/fr\\\/?s={search_term_string}\"},\"query-input\":{\"@type\":\"PropertyValueSpecification\",\"valueRequired\":true,\"valueName\":\"search_term_string\"}}],\"inLanguage\":\"fr-FR\"}]}<\/script>\n<!-- \/ Yoast SEO plugin. -->","yoast_head_json":{"title":"Certifications - Biobim","robots":{"index":"index","follow":"follow","max-snippet":"max-snippet:-1","max-image-preview":"max-image-preview:large","max-video-preview":"max-video-preview:-1"},"canonical":"https:\/\/biobim.com\/fr\/certifications\/","og_locale":"fr_FR","og_type":"article","og_title":"Certifications - Biobim","og_description":"Label biologique : Ingr\u00e9dients issus de l&rsquo;agriculture biologique Tous nos produits sont biologiques. Le terme \u00ab biologique \u00bb signifie que les mati\u00e8res premi\u00e8res proviennent de fermes pratiquant une agriculture durable. Les cultures ne sont pas asperg\u00e9es de pesticides chimiques de synth\u00e8se, aucun engrais artificiel n&rsquo;est utilis\u00e9, les cultures ne sont pas g\u00e9n\u00e9tiquement modifi\u00e9es et les [&hellip;]","og_url":"https:\/\/biobim.com\/fr\/certifications\/","og_site_name":"Biobim","article_modified_time":"2025-10-31T11:20:56+00:00","og_image":[{"width":1400,"height":500,"url":"https:\/\/biobim.com\/wp-content\/uploads\/2020\/02\/Beelden-Header-Keurmerken-1.jpg","type":"image\/jpeg"}],"twitter_misc":{"Dur\u00e9e de lecture estim\u00e9e":"2 minutes"},"schema":{"@context":"https:\/\/schema.org","@graph":[{"@type":"WebPage","@id":"https:\/\/biobim.com\/fr\/certifications\/","url":"https:\/\/biobim.com\/fr\/certifications\/","name":"Certifications - Biobim","isPartOf":{"@id":"https:\/\/biobim.com\/fr\/#website"},"primaryImageOfPage":{"@id":"https:\/\/biobim.com\/fr\/certifications\/#primaryimage"},"image":{"@id":"https:\/\/biobim.com\/fr\/certifications\/#primaryimage"},"thumbnailUrl":"https:\/\/biobim.com\/wp-content\/uploads\/2020\/02\/Beelden-Header-Keurmerken-1.jpg","datePublished":"2020-02-21T09:11:57+00:00","dateModified":"2025-10-31T11:20:56+00:00","breadcrumb":{"@id":"https:\/\/biobim.com\/fr\/certifications\/#breadcrumb"},"inLanguage":"fr-FR","potentialAction":[{"@type":"ReadAction","target":["https:\/\/biobim.com\/fr\/certifications\/"]}]},{"@type":"ImageObject","inLanguage":"fr-FR","@id":"https:\/\/biobim.com\/fr\/certifications\/#primaryimage","url":"https:\/\/biobim.com\/wp-content\/uploads\/2020\/02\/Beelden-Header-Keurmerken-1.jpg","contentUrl":"https:\/\/biobim.com\/wp-content\/uploads\/2020\/02\/Beelden-Header-Keurmerken-1.jpg","width":1400,"height":500,"caption":"Koeien in de wei."},{"@type":"BreadcrumbList","@id":"https:\/\/biobim.com\/fr\/certifications\/#breadcrumb","itemListElement":[{"@type":"ListItem","position":1,"name":"Home","item":"https:\/\/biobim.enict.io\/fr\/"},{"@type":"ListItem","position":2,"name":"Certifications"}]},{"@type":"WebSite","@id":"https:\/\/biobim.com\/fr\/#website","url":"https:\/\/biobim.com\/fr\/","name":"Biobim","description":"Aliments biologiques pour b\u00e9b\u00e9s depuis 1982","potentialAction":[{"@type":"SearchAction","target":{"@type":"EntryPoint","urlTemplate":"https:\/\/biobim.com\/fr\/?s={search_term_string}"},"query-input":{"@type":"PropertyValueSpecification","valueRequired":true,"valueName":"search_term_string"}}],"inLanguage":"fr-FR"}]}},"_links":{"self":[{"href":"https:\/\/biobim.com\/fr\/wp-json\/wp\/v2\/pages\/11982","targetHints":{"allow":["GET"]}}],"collection":[{"href":"https:\/\/biobim.com\/fr\/wp-json\/wp\/v2\/pages"}],"about":[{"href":"https:\/\/biobim.com\/fr\/wp-json\/wp\/v2\/types\/page"}],"author":[{"embeddable":true,"href":"https:\/\/biobim.com\/fr\/wp-json\/wp\/v2\/users\/6485"}],"replies":[{"embeddable":true,"href":"https:\/\/biobim.com\/fr\/wp-json\/wp\/v2\/comments?post=11982"}],"version-history":[{"count":2,"href":"https:\/\/biobim.com\/fr\/wp-json\/wp\/v2\/pages\/11982\/revisions"}],"predecessor-version":[{"id":18318,"href":"https:\/\/biobim.com\/fr\/wp-json\/wp\/v2\/pages\/11982\/revisions\/18318"}],"wp:featuredmedia":[{"embeddable":true,"href":"https:\/\/biobim.com\/fr\/wp-json\/wp\/v2\/media\/11981"}],"wp:attachment":[{"href":"https:\/\/biobim.com\/fr\/wp-json\/wp\/v2\/media?parent=11982"}],"curies":[{"name":"wp","href":"https:\/\/api.w.org\/{rel}","templated":true}]}}