{"id":11994,"date":"2020-02-21T10:30:06","date_gmt":"2020-02-21T09:30:06","guid":{"rendered":"https:\/\/biobim-hostnet-download.ddev.site\/?page_id=11994"},"modified":"2025-11-27T16:39:26","modified_gmt":"2025-11-27T15:39:26","slug":"informations","status":"publish","type":"page","link":"https:\/\/biobim.com\/fr\/informations\/","title":{"rendered":"Informations"},"content":{"rendered":"\n<div class=\"wp-block-columns is-layout-flex wp-container-core-columns-is-layout-9d6595d7 wp-block-columns-is-layout-flex\">\n<div class=\"wp-block-column is-layout-flow wp-block-column-is-layout-flow\">\n<h2 class=\"wp-block-heading\">Informations<\/h2>\n\n\n\n<p class=\"has-grey-color has-text-color has-medium-font-size\">Cette page contient des informations sur la premi\u00e8re ann\u00e9e de vie de votre b\u00e9b\u00e9. Par exemple, sur son alimentation et son d\u00e9veloppement. <\/p>\n\n\n\n<figure class=\"wp-block-image size-large\"><img loading=\"lazy\" decoding=\"async\" width=\"617\" height=\"13\" src=\"http:\/\/local.biobom.com\/wp-content\/uploads\/2020\/02\/divider-616.png\" alt=\"\" class=\"wp-image-11864\" srcset=\"https:\/\/biobim.com\/wp-content\/uploads\/2020\/02\/divider-616.png 617w, https:\/\/biobim.com\/wp-content\/uploads\/2020\/02\/divider-616-300x6.png 300w, https:\/\/biobim.com\/wp-content\/uploads\/2020\/02\/divider-616-280x6.png 280w, https:\/\/biobim.com\/wp-content\/uploads\/2020\/02\/divider-616-116x2.png 116w, https:\/\/biobim.com\/wp-content\/uploads\/2020\/02\/divider-616-180x4.png 180w, https:\/\/biobim.com\/wp-content\/uploads\/2020\/02\/divider-616-380x8.png 380w, https:\/\/biobim.com\/wp-content\/uploads\/2020\/02\/divider-616-604x13.png 604w, https:\/\/biobim.com\/wp-content\/uploads\/2020\/02\/divider-616-232x5.png 232w, https:\/\/biobim.com\/wp-content\/uploads\/2020\/02\/divider-616-400x8.png 400w\" sizes=\"auto, (max-width: 617px) 100vw, 617px\" \/><\/figure>\n\n\n\n<h4 class=\"wp-block-heading\"><a href=\"https:\/\/biobim.enict.io\/fr\/informations\/lalimentation-pendant-la-grossesse\/\">L&rsquo;alimentation pendant la grossesse<\/a><\/h4>\n\n\n\n<p>Il est important de se nourrir de mani\u00e8re saine et vari\u00e9e avant m\u00eame d&rsquo;\u00eatre enceinte. D\u00e8s le tout d\u00e9but, les organes de votre b\u00e9b\u00e9 se d\u00e9veloppent. Il s&rsquo;agit donc d&rsquo;avoir suffisamment d&rsquo;\u00e9l\u00e9ments constitutifs dans votre alimentation.  <\/p>\n\n\n\n<h4 class=\"wp-block-heading\"><a href=\"https:\/\/biobim.enict.io\/fr\/informations\/nutrition-par-tranche-dage\/\">Nutition par tranche d&rsquo;\u00e2ge<\/a><\/h4>\n\n\n\n<p><\/p>\n\n\n\n<p><\/p>\n\n\n\n<p>Au cours de la premi\u00e8re ann\u00e9e de sa vie, votre b\u00e9b\u00e9 conna\u00eet une \u00e9volution consid\u00e9rable en termes de go\u00fbt, d&rsquo;alimentation et de boisson. Du simple lait \u00e0 la d\u00e9couverte de nouveaux go\u00fbts, textures et moments de repas, chaque \u00e9tape jette les bases d&rsquo;un comportement alimentaire sain et sociable. <\/p>\n<\/div>\n\n\n\n<div class=\"wp-block-column is-layout-flow wp-block-column-is-layout-flow\">\n<h4 class=\"wp-block-heading\"><a href=\"https:\/\/biobim.enict.io\/fr\/informations\/allaitement-maternel\/\">L&rsquo;allaitement<\/a><\/h4>\n\n\n\n<p>L&rsquo;allaitement constitue l&rsquo;alimentation la plus naturelle et la plus compl\u00e8te pour votre b\u00e9b\u00e9, pleine de nutriments essentiels et de d\u00e9fenses qui contribuent \u00e0 une croissance et \u00e0 un d\u00e9veloppement sains. Vous trouverez plus d&rsquo;informations sur l&rsquo;allaitement en cliquant sur le bouton ci-dessous. <\/p>\n\n\n\n<h4 class=\"wp-block-heading\"><a href=\"https:\/\/biobim.enict.io\/fr\/informations\/alimentation-au-biberon\/\">L&rsquo;alimentation au biberon<\/a><\/h4>\n\n\n\n<p>Biobim Ekobaby est une gamme de pr\u00e9parations pour biberon adapt\u00e9e aux besoins de votre b\u00e9b\u00e9. Le lait maternis\u00e9 est strictement r\u00e9glement\u00e9 afin qu&rsquo;il contienne toujours les bons nutriments. <\/p>\n\n\n\n<div class=\"wp-block-group has-blue-background-color has-background\"><div class=\"wp-block-group__inner-container is-layout-flow wp-block-group-is-layout-flow\">\n<h4 class=\"wp-block-heading has-text-align-center has-lightgrey-color has-text-color\">Questions fr\u00e9quemment pos\u00e9es<\/h4>\n\n\n\n<p class=\"has-text-align-center has-lightgrey-color has-text-color has-medium-font-size\">Si vous avez une question sur nos produits alimentaires, consultez la foire aux questions, la r\u00e9ponse que vous cherchez s&rsquo;y trouve peut-\u00eatre.<\/p>\n<\/div><\/div>\n<\/div>\n<\/div>\n","protected":false},"excerpt":{"rendered":"<p>Informations Cette page contient des informations sur la premi\u00e8re ann\u00e9e de vie de votre b\u00e9b\u00e9. Par exemple, sur son alimentation et son d\u00e9veloppement. L&rsquo;alimentation pendant la grossesse Il est important de se nourrir de mani\u00e8re saine et vari\u00e9e avant m\u00eame d&rsquo;\u00eatre enceinte. D\u00e8s le tout d\u00e9but, les organes de votre b\u00e9b\u00e9 se d\u00e9veloppent. Il s&rsquo;agit [&hellip;]<\/p>\n","protected":false},"author":6485,"featured_media":11996,"parent":0,"menu_order":0,"comment_status":"open","ping_status":"closed","template":"single.php","meta":{"_acf_changed":false,"_coblocks_attr":"","_coblocks_dimensions":"","_coblocks_responsive_height":"","_coblocks_accordion_ie_support":"","footnotes":""},"class_list":["post-11994","page","type-page","status-publish","has-post-thumbnail","hentry"],"acf":[],"yoast_head":"<!-- This site is optimized with the Yoast SEO plugin v27.5 - https:\/\/yoast.com\/product\/yoast-seo-wordpress\/ -->\n<title>Informations - Biobim<\/title>\n<meta name=\"robots\" content=\"index, follow, max-snippet:-1, max-image-preview:large, max-video-preview:-1\" \/>\n<link rel=\"canonical\" href=\"https:\/\/biobim.com\/fr\/informations\/\" \/>\n<meta property=\"og:locale\" content=\"fr_FR\" \/>\n<meta property=\"og:type\" content=\"article\" \/>\n<meta property=\"og:title\" content=\"Informations - Biobim\" \/>\n<meta property=\"og:description\" content=\"Informations Cette page contient des informations sur la premi\u00e8re ann\u00e9e de vie de votre b\u00e9b\u00e9. Par exemple, sur son alimentation et son d\u00e9veloppement. L&rsquo;alimentation pendant la grossesse Il est important de se nourrir de mani\u00e8re saine et vari\u00e9e avant m\u00eame d&rsquo;\u00eatre enceinte. D\u00e8s le tout d\u00e9but, les organes de votre b\u00e9b\u00e9 se d\u00e9veloppent. Il s&rsquo;agit [&hellip;]\" \/>\n<meta property=\"og:url\" content=\"https:\/\/biobim.com\/fr\/informations\/\" \/>\n<meta property=\"og:site_name\" content=\"Biobim\" \/>\n<meta property=\"article:modified_time\" content=\"2025-11-27T15:39:26+00:00\" \/>\n<meta property=\"og:image\" content=\"https:\/\/biobim.enict.io\/wp-content\/uploads\/2020\/02\/Biobim-header-G.jpg\" \/>\n\t<meta property=\"og:image:width\" content=\"1400\" \/>\n\t<meta property=\"og:image:height\" content=\"500\" \/>\n\t<meta property=\"og:image:type\" content=\"image\/jpeg\" \/>\n<meta name=\"twitter:label1\" content=\"Dur\u00e9e de lecture estim\u00e9e\" \/>\n\t<meta name=\"twitter:data1\" content=\"2 minutes\" \/>\n<script type=\"application\/ld+json\" class=\"yoast-schema-graph\">{\"@context\":\"https:\\\/\\\/schema.org\",\"@graph\":[{\"@type\":\"WebPage\",\"@id\":\"https:\\\/\\\/biobim.com\\\/fr\\\/informations\\\/\",\"url\":\"https:\\\/\\\/biobim.com\\\/fr\\\/informations\\\/\",\"name\":\"Informations - Biobim\",\"isPartOf\":{\"@id\":\"https:\\\/\\\/biobim.com\\\/fr\\\/#website\"},\"primaryImageOfPage\":{\"@id\":\"https:\\\/\\\/biobim.com\\\/fr\\\/informations\\\/#primaryimage\"},\"image\":{\"@id\":\"https:\\\/\\\/biobim.com\\\/fr\\\/informations\\\/#primaryimage\"},\"thumbnailUrl\":\"https:\\\/\\\/biobim.com\\\/wp-content\\\/uploads\\\/2020\\\/02\\\/Biobim-header-G.jpg\",\"datePublished\":\"2020-02-21T09:30:06+00:00\",\"dateModified\":\"2025-11-27T15:39:26+00:00\",\"breadcrumb\":{\"@id\":\"https:\\\/\\\/biobim.com\\\/fr\\\/informations\\\/#breadcrumb\"},\"inLanguage\":\"fr-FR\",\"potentialAction\":[{\"@type\":\"ReadAction\",\"target\":[\"https:\\\/\\\/biobim.com\\\/fr\\\/informations\\\/\"]}]},{\"@type\":\"ImageObject\",\"inLanguage\":\"fr-FR\",\"@id\":\"https:\\\/\\\/biobim.com\\\/fr\\\/informations\\\/#primaryimage\",\"url\":\"https:\\\/\\\/biobim.com\\\/wp-content\\\/uploads\\\/2020\\\/02\\\/Biobim-header-G.jpg\",\"contentUrl\":\"https:\\\/\\\/biobim.com\\\/wp-content\\\/uploads\\\/2020\\\/02\\\/Biobim-header-G.jpg\",\"width\":1400,\"height\":500,\"caption\":\"Een baby afgebeeld voor Biobim biologische babyvoeding.\"},{\"@type\":\"BreadcrumbList\",\"@id\":\"https:\\\/\\\/biobim.com\\\/fr\\\/informations\\\/#breadcrumb\",\"itemListElement\":[{\"@type\":\"ListItem\",\"position\":1,\"name\":\"Home\",\"item\":\"https:\\\/\\\/biobim.enict.io\\\/fr\\\/\"},{\"@type\":\"ListItem\",\"position\":2,\"name\":\"Informations\"}]},{\"@type\":\"WebSite\",\"@id\":\"https:\\\/\\\/biobim.com\\\/fr\\\/#website\",\"url\":\"https:\\\/\\\/biobim.com\\\/fr\\\/\",\"name\":\"Biobim\",\"description\":\"Aliments biologiques pour b\u00e9b\u00e9s depuis 1982\",\"potentialAction\":[{\"@type\":\"SearchAction\",\"target\":{\"@type\":\"EntryPoint\",\"urlTemplate\":\"https:\\\/\\\/biobim.com\\\/fr\\\/?s={search_term_string}\"},\"query-input\":{\"@type\":\"PropertyValueSpecification\",\"valueRequired\":true,\"valueName\":\"search_term_string\"}}],\"inLanguage\":\"fr-FR\"}]}<\/script>\n<!-- \/ Yoast SEO plugin. -->","yoast_head_json":{"title":"Informations - Biobim","robots":{"index":"index","follow":"follow","max-snippet":"max-snippet:-1","max-image-preview":"max-image-preview:large","max-video-preview":"max-video-preview:-1"},"canonical":"https:\/\/biobim.com\/fr\/informations\/","og_locale":"fr_FR","og_type":"article","og_title":"Informations - Biobim","og_description":"Informations Cette page contient des informations sur la premi\u00e8re ann\u00e9e de vie de votre b\u00e9b\u00e9. Par exemple, sur son alimentation et son d\u00e9veloppement. L&rsquo;alimentation pendant la grossesse Il est important de se nourrir de mani\u00e8re saine et vari\u00e9e avant m\u00eame d&rsquo;\u00eatre enceinte. D\u00e8s le tout d\u00e9but, les organes de votre b\u00e9b\u00e9 se d\u00e9veloppent. Il s&rsquo;agit [&hellip;]","og_url":"https:\/\/biobim.com\/fr\/informations\/","og_site_name":"Biobim","article_modified_time":"2025-11-27T15:39:26+00:00","og_image":[{"width":1400,"height":500,"url":"https:\/\/biobim.enict.io\/wp-content\/uploads\/2020\/02\/Biobim-header-G.jpg","type":"image\/jpeg"}],"twitter_misc":{"Dur\u00e9e de lecture estim\u00e9e":"2 minutes"},"schema":{"@context":"https:\/\/schema.org","@graph":[{"@type":"WebPage","@id":"https:\/\/biobim.com\/fr\/informations\/","url":"https:\/\/biobim.com\/fr\/informations\/","name":"Informations - Biobim","isPartOf":{"@id":"https:\/\/biobim.com\/fr\/#website"},"primaryImageOfPage":{"@id":"https:\/\/biobim.com\/fr\/informations\/#primaryimage"},"image":{"@id":"https:\/\/biobim.com\/fr\/informations\/#primaryimage"},"thumbnailUrl":"https:\/\/biobim.com\/wp-content\/uploads\/2020\/02\/Biobim-header-G.jpg","datePublished":"2020-02-21T09:30:06+00:00","dateModified":"2025-11-27T15:39:26+00:00","breadcrumb":{"@id":"https:\/\/biobim.com\/fr\/informations\/#breadcrumb"},"inLanguage":"fr-FR","potentialAction":[{"@type":"ReadAction","target":["https:\/\/biobim.com\/fr\/informations\/"]}]},{"@type":"ImageObject","inLanguage":"fr-FR","@id":"https:\/\/biobim.com\/fr\/informations\/#primaryimage","url":"https:\/\/biobim.com\/wp-content\/uploads\/2020\/02\/Biobim-header-G.jpg","contentUrl":"https:\/\/biobim.com\/wp-content\/uploads\/2020\/02\/Biobim-header-G.jpg","width":1400,"height":500,"caption":"Een baby afgebeeld voor Biobim biologische babyvoeding."},{"@type":"BreadcrumbList","@id":"https:\/\/biobim.com\/fr\/informations\/#breadcrumb","itemListElement":[{"@type":"ListItem","position":1,"name":"Home","item":"https:\/\/biobim.enict.io\/fr\/"},{"@type":"ListItem","position":2,"name":"Informations"}]},{"@type":"WebSite","@id":"https:\/\/biobim.com\/fr\/#website","url":"https:\/\/biobim.com\/fr\/","name":"Biobim","description":"Aliments biologiques pour b\u00e9b\u00e9s depuis 1982","potentialAction":[{"@type":"SearchAction","target":{"@type":"EntryPoint","urlTemplate":"https:\/\/biobim.com\/fr\/?s={search_term_string}"},"query-input":{"@type":"PropertyValueSpecification","valueRequired":true,"valueName":"search_term_string"}}],"inLanguage":"fr-FR"}]}},"_links":{"self":[{"href":"https:\/\/biobim.com\/fr\/wp-json\/wp\/v2\/pages\/11994","targetHints":{"allow":["GET"]}}],"collection":[{"href":"https:\/\/biobim.com\/fr\/wp-json\/wp\/v2\/pages"}],"about":[{"href":"https:\/\/biobim.com\/fr\/wp-json\/wp\/v2\/types\/page"}],"author":[{"embeddable":true,"href":"https:\/\/biobim.com\/fr\/wp-json\/wp\/v2\/users\/6485"}],"replies":[{"embeddable":true,"href":"https:\/\/biobim.com\/fr\/wp-json\/wp\/v2\/comments?post=11994"}],"version-history":[{"count":10,"href":"https:\/\/biobim.com\/fr\/wp-json\/wp\/v2\/pages\/11994\/revisions"}],"predecessor-version":[{"id":18650,"href":"https:\/\/biobim.com\/fr\/wp-json\/wp\/v2\/pages\/11994\/revisions\/18650"}],"wp:featuredmedia":[{"embeddable":true,"href":"https:\/\/biobim.com\/fr\/wp-json\/wp\/v2\/media\/11996"}],"wp:attachment":[{"href":"https:\/\/biobim.com\/fr\/wp-json\/wp\/v2\/media?parent=11994"}],"curies":[{"name":"wp","href":"https:\/\/api.w.org\/{rel}","templated":true}]}}