{"id":12005,"date":"2020-02-21T10:47:05","date_gmt":"2020-02-21T09:47:05","guid":{"rendered":"https:\/\/biobim-hostnet-download.ddev.site\/?page_id=12005"},"modified":"2025-10-31T11:48:02","modified_gmt":"2025-10-31T10:48:02","slug":"allaitement-maternel","status":"publish","type":"page","link":"https:\/\/biobim.com\/fr\/informations\/allaitement-maternel\/","title":{"rendered":"L&rsquo;allaitement"},"content":{"rendered":"\n<div class=\"wp-block-columns is-layout-flex wp-container-core-columns-is-layout-9d6595d7 wp-block-columns-is-layout-flex\">\n<div class=\"wp-block-column is-layout-flow wp-block-column-is-layout-flow\">\n<h2 class=\"wp-block-heading\">L&rsquo;allaitement : une merveilleuse invention de m\u00e8re Nature<\/h2>\n\n\n\n<p class=\"p1 has-blue-color has-text-color has-medium-font-size\"><span class=\"s1\">L&rsquo;allaitement est tout simplement ce qu&rsquo;il y a de mieux pour votre b\u00e9b\u00e9, une merveilleuse invention de m\u00e8re Nature. Le contact corporel affectueux avec votre b\u00e9b\u00e9 lors de l&rsquo;allaitement ne peut \u00eatre \u00e9gal\u00e9 par l&rsquo;alimentation au biberon.<\/span><\/p>\n\n\n\n<figure class=\"wp-block-image size-large\"><img loading=\"lazy\" decoding=\"async\" width=\"617\" height=\"13\" class=\"wp-image-11864\" src=\"http:\/\/local.biobom.com\/wp-content\/uploads\/2020\/02\/divider-616.png\" alt=\"\" srcset=\"https:\/\/biobim.com\/wp-content\/uploads\/2020\/02\/divider-616.png 617w, https:\/\/biobim.com\/wp-content\/uploads\/2020\/02\/divider-616-300x6.png 300w, https:\/\/biobim.com\/wp-content\/uploads\/2020\/02\/divider-616-280x6.png 280w, https:\/\/biobim.com\/wp-content\/uploads\/2020\/02\/divider-616-116x2.png 116w, https:\/\/biobim.com\/wp-content\/uploads\/2020\/02\/divider-616-180x4.png 180w, https:\/\/biobim.com\/wp-content\/uploads\/2020\/02\/divider-616-380x8.png 380w, https:\/\/biobim.com\/wp-content\/uploads\/2020\/02\/divider-616-604x13.png 604w, https:\/\/biobim.com\/wp-content\/uploads\/2020\/02\/divider-616-232x5.png 232w, https:\/\/biobim.com\/wp-content\/uploads\/2020\/02\/divider-616-400x8.png 400w\" sizes=\"auto, (max-width: 617px) 100vw, 617px\" \/><\/figure>\n\n\n\n<p class=\"p1\"><span class=\"s1\">L&rsquo;allaitement contient des nutriments et des d\u00e9fenses pr\u00e9cieuses. Ils sont n\u00e9cessaires \u00e0 la croissance et au d\u00e9veloppement de votre b\u00e9b\u00e9. Votre enfant profitera pleinement de ces avantages s&rsquo;il est allait\u00e9 (de pr\u00e9f\u00e9rence pendant au moins six mois).<\/span><\/p>\n\n\n\n<p class=\"p1\"><span class=\"s1\">Il est \u00e9galement pratique d&rsquo;allaiter. Vous avez toujours le lait avec vous, \u00e0 la bonne temp\u00e9rature. Et quand tout va bien, on en a toujours assez En effet, plus votre b\u00e9b\u00e9 boit, plus votre corps produit du lait.<\/span><\/p>\n<\/div>\n\n\n\n<div class=\"wp-block-column is-layout-flow wp-block-column-is-layout-flow\">\n<h2 class=\"p1 wp-block-heading\"><span class=\"s1\"><b>Que manger lorsque vous allaitez ?<\/b><\/span><\/h2>\n\n\n\n<p class=\"p1\">Si vous allaitez, vous pouvez manger \u00ab normalement \u00bb. Il n&rsquo;y a pas d&rsquo;aliments \u00ab interdits \u00bb. Cependant, la consommation d&rsquo;alcool est d\u00e9conseill\u00e9e et la consommation de caf\u00e9ine peut \u00e9galement \u00eatre limit\u00e9e. Il est particuli\u00e8rement important d&rsquo;avoir une alimentation vari\u00e9e et saine. La plupart des m\u00e8res ont besoin d&rsquo;un surcro\u00eet d&rsquo;\u00e9nergie. En moyenne, en cas d&rsquo;allaitement complet, vous avez besoin d&rsquo;environ 500 kcal par jour en plus.     <\/p>\n\n\n\n<p class=\"p1\"><span class=\"s1\">Il n&rsquo;est pas n\u00e9cessaire de renoncer \u00e0 certains aliments. Si vous nourrissez votre b\u00e9b\u00e9 \u00e0 la demande, la production de lait sera bien maintenue et contiendra tout ce dont votre b\u00e9b\u00e9 a besoin pendant les six premiers mois et au-del\u00e0, jusqu&rsquo;\u00e0 l&rsquo;\u00e2ge de 2 ans. Toutefois, il est important de suivre un r\u00e9gime riche en fruits, l\u00e9gumes et c\u00e9r\u00e9ales compl\u00e8tes.   <\/span>Et n&rsquo;oubliez pas de boire suffisamment, c&rsquo;est tr\u00e8s important.<\/p>\n\n\n\n<h4 class=\"p1 wp-block-heading\"><span class=\"s1\"><b>Manger v\u00e9g\u00e9tarien pendant l&rsquo;allaitement<\/b><\/span><\/h4>\n\n\n\n<p class=\"p1\"><span class=\"s1\">Un r\u00e9gime v\u00e9g\u00e9tarien vous apporte \u00e9galement tous les nutriments n\u00e9cessaires pendant la p\u00e9riode d&rsquo;allaitement. Mangez beaucoup de l\u00e9gumes, de fruits, de c\u00e9r\u00e9ales compl\u00e8tes, de l\u00e9gumineuses, de produits laitiers et d&rsquo;\u0153ufs. <\/span><\/p>\n<\/div>\n<\/div>\n\n<h4 class=\"wp-block-heading\">Sevrage progressif<\/h4>\n\n<p>T\u00f4t ou tard, toutes les m\u00e8res cessent d&rsquo;allaiter. Parfois pendant la p\u00e9riode de maternit\u00e9, parfois pas avant que l&rsquo;enfant ne devienne un bambin. \u00c0 partir de six mois, vous pouvez donner des aliments solides en plus de l&rsquo;alimentation compl\u00e8te en lait, car les besoins \u00e9nerg\u00e9tiques et nutritionnels de votre b\u00e9b\u00e9 augmentent. \u00c0 partir de huit mois, les aliments solides remplacent progressivement le lait. L&rsquo;allaitement s&rsquo;inscrit donc dans un r\u00e9gime alimentaire de plus en plus vari\u00e9.    <\/p>\n\n<figure class=\"wp-block-image size-large is-resized\"><img loading=\"lazy\" decoding=\"async\" class=\"wp-image-11868\" src=\"http:\/\/local.biobom.com\/wp-content\/uploads\/2020\/02\/divider-1276-1024x10.png\" alt=\"\" width=\"1277\" height=\"13\" srcset=\"https:\/\/biobim.com\/wp-content\/uploads\/2020\/02\/divider-1276-1024x10.png 1024w, https:\/\/biobim.com\/wp-content\/uploads\/2020\/02\/divider-1276-300x3.png 300w, https:\/\/biobim.com\/wp-content\/uploads\/2020\/02\/divider-1276-768x8.png 768w, https:\/\/biobim.com\/wp-content\/uploads\/2020\/02\/divider-1276-280x3.png 280w, https:\/\/biobim.com\/wp-content\/uploads\/2020\/02\/divider-1276-116x1.png 116w, https:\/\/biobim.com\/wp-content\/uploads\/2020\/02\/divider-1276-1000x10.png 1000w, https:\/\/biobim.com\/wp-content\/uploads\/2020\/02\/divider-1276-180x2.png 180w, https:\/\/biobim.com\/wp-content\/uploads\/2020\/02\/divider-1276-380x4.png 380w, https:\/\/biobim.com\/wp-content\/uploads\/2020\/02\/divider-1276-232x2.png 232w, https:\/\/biobim.com\/wp-content\/uploads\/2020\/02\/divider-1276-400x4.png 400w, https:\/\/biobim.com\/wp-content\/uploads\/2020\/02\/divider-1276.png 1277w\" sizes=\"auto, (max-width: 1277px) 100vw, 1277px\" \/><\/figure>\n\n<p class=\"p1\"><span class=\"s1\">Pour conna\u00eetre les quantit\u00e9s recommand\u00e9es, consultez le site <a href=\"http:\/\/www.voedingscentrum.nl\/nl\/mijn-kind-en-ik\/Borstvoeding\/tips-en-adviezen\/eten-en-borstvoeding.aspx\"><span class=\"s2\">Voedingscentrum<\/span> <\/a>.<\/span><\/p>\n","protected":false},"excerpt":{"rendered":"<p>L&rsquo;allaitement : une merveilleuse invention de m\u00e8re Nature L&rsquo;allaitement est tout simplement ce qu&rsquo;il y a de mieux pour votre b\u00e9b\u00e9, une merveilleuse invention de m\u00e8re Nature. Le contact corporel affectueux avec votre b\u00e9b\u00e9 lors de l&rsquo;allaitement ne peut \u00eatre \u00e9gal\u00e9 par l&rsquo;alimentation au biberon. L&rsquo;allaitement contient des nutriments et des d\u00e9fenses pr\u00e9cieuses. Ils sont [&hellip;]<\/p>\n","protected":false},"author":6485,"featured_media":11996,"parent":11994,"menu_order":0,"comment_status":"open","ping_status":"closed","template":"single.php","meta":{"_acf_changed":false,"_coblocks_attr":"","_coblocks_dimensions":"","_coblocks_responsive_height":"","_coblocks_accordion_ie_support":"","footnotes":""},"class_list":["post-12005","page","type-page","status-publish","has-post-thumbnail","hentry"],"acf":[],"yoast_head":"<!-- This site is optimized with the Yoast SEO plugin v27.5 - https:\/\/yoast.com\/product\/yoast-seo-wordpress\/ -->\n<title>L&#039;allaitement - Biobim<\/title>\n<meta name=\"robots\" content=\"index, follow, max-snippet:-1, max-image-preview:large, max-video-preview:-1\" \/>\n<link rel=\"canonical\" href=\"https:\/\/biobim.com\/fr\/informations\/allaitement-maternel\/\" \/>\n<meta property=\"og:locale\" content=\"fr_FR\" \/>\n<meta property=\"og:type\" content=\"article\" \/>\n<meta property=\"og:title\" content=\"L&#039;allaitement - Biobim\" \/>\n<meta property=\"og:description\" content=\"L&rsquo;allaitement : une merveilleuse invention de m\u00e8re Nature L&rsquo;allaitement est tout simplement ce qu&rsquo;il y a de mieux pour votre b\u00e9b\u00e9, une merveilleuse invention de m\u00e8re Nature. Le contact corporel affectueux avec votre b\u00e9b\u00e9 lors de l&rsquo;allaitement ne peut \u00eatre \u00e9gal\u00e9 par l&rsquo;alimentation au biberon. L&rsquo;allaitement contient des nutriments et des d\u00e9fenses pr\u00e9cieuses. Ils sont [&hellip;]\" \/>\n<meta property=\"og:url\" content=\"https:\/\/biobim.com\/fr\/informations\/allaitement-maternel\/\" \/>\n<meta property=\"og:site_name\" content=\"Biobim\" \/>\n<meta property=\"article:modified_time\" content=\"2025-10-31T10:48:02+00:00\" \/>\n<meta property=\"og:image\" content=\"https:\/\/biobim.com\/wp-content\/uploads\/2020\/02\/Biobim-header-G.jpg\" \/>\n\t<meta property=\"og:image:width\" content=\"1400\" \/>\n\t<meta property=\"og:image:height\" content=\"500\" \/>\n\t<meta property=\"og:image:type\" content=\"image\/jpeg\" \/>\n<meta name=\"twitter:label1\" content=\"Dur\u00e9e de lecture estim\u00e9e\" \/>\n\t<meta name=\"twitter:data1\" content=\"2 minutes\" \/>\n<script type=\"application\/ld+json\" class=\"yoast-schema-graph\">{\"@context\":\"https:\\\/\\\/schema.org\",\"@graph\":[{\"@type\":\"WebPage\",\"@id\":\"https:\\\/\\\/biobim.com\\\/fr\\\/informations\\\/allaitement-maternel\\\/\",\"url\":\"https:\\\/\\\/biobim.com\\\/fr\\\/informations\\\/allaitement-maternel\\\/\",\"name\":\"L'allaitement - Biobim\",\"isPartOf\":{\"@id\":\"https:\\\/\\\/biobim.com\\\/fr\\\/#website\"},\"primaryImageOfPage\":{\"@id\":\"https:\\\/\\\/biobim.com\\\/fr\\\/informations\\\/allaitement-maternel\\\/#primaryimage\"},\"image\":{\"@id\":\"https:\\\/\\\/biobim.com\\\/fr\\\/informations\\\/allaitement-maternel\\\/#primaryimage\"},\"thumbnailUrl\":\"https:\\\/\\\/biobim.com\\\/wp-content\\\/uploads\\\/2020\\\/02\\\/Biobim-header-G.jpg\",\"datePublished\":\"2020-02-21T09:47:05+00:00\",\"dateModified\":\"2025-10-31T10:48:02+00:00\",\"breadcrumb\":{\"@id\":\"https:\\\/\\\/biobim.com\\\/fr\\\/informations\\\/allaitement-maternel\\\/#breadcrumb\"},\"inLanguage\":\"fr-FR\",\"potentialAction\":[{\"@type\":\"ReadAction\",\"target\":[\"https:\\\/\\\/biobim.com\\\/fr\\\/informations\\\/allaitement-maternel\\\/\"]}]},{\"@type\":\"ImageObject\",\"inLanguage\":\"fr-FR\",\"@id\":\"https:\\\/\\\/biobim.com\\\/fr\\\/informations\\\/allaitement-maternel\\\/#primaryimage\",\"url\":\"https:\\\/\\\/biobim.com\\\/wp-content\\\/uploads\\\/2020\\\/02\\\/Biobim-header-G.jpg\",\"contentUrl\":\"https:\\\/\\\/biobim.com\\\/wp-content\\\/uploads\\\/2020\\\/02\\\/Biobim-header-G.jpg\",\"width\":1400,\"height\":500,\"caption\":\"Een baby afgebeeld voor Biobim biologische babyvoeding.\"},{\"@type\":\"BreadcrumbList\",\"@id\":\"https:\\\/\\\/biobim.com\\\/fr\\\/informations\\\/allaitement-maternel\\\/#breadcrumb\",\"itemListElement\":[{\"@type\":\"ListItem\",\"position\":1,\"name\":\"Home\",\"item\":\"https:\\\/\\\/biobim.enict.io\\\/fr\\\/\"},{\"@type\":\"ListItem\",\"position\":2,\"name\":\"Informations\",\"item\":\"https:\\\/\\\/biobim.enict.io\\\/fr\\\/informations\\\/\"},{\"@type\":\"ListItem\",\"position\":3,\"name\":\"L&#8217;allaitement\"}]},{\"@type\":\"WebSite\",\"@id\":\"https:\\\/\\\/biobim.com\\\/fr\\\/#website\",\"url\":\"https:\\\/\\\/biobim.com\\\/fr\\\/\",\"name\":\"Biobim\",\"description\":\"Aliments biologiques pour b\u00e9b\u00e9s depuis 1982\",\"potentialAction\":[{\"@type\":\"SearchAction\",\"target\":{\"@type\":\"EntryPoint\",\"urlTemplate\":\"https:\\\/\\\/biobim.com\\\/fr\\\/?s={search_term_string}\"},\"query-input\":{\"@type\":\"PropertyValueSpecification\",\"valueRequired\":true,\"valueName\":\"search_term_string\"}}],\"inLanguage\":\"fr-FR\"}]}<\/script>\n<!-- \/ Yoast SEO plugin. -->","yoast_head_json":{"title":"L'allaitement - Biobim","robots":{"index":"index","follow":"follow","max-snippet":"max-snippet:-1","max-image-preview":"max-image-preview:large","max-video-preview":"max-video-preview:-1"},"canonical":"https:\/\/biobim.com\/fr\/informations\/allaitement-maternel\/","og_locale":"fr_FR","og_type":"article","og_title":"L'allaitement - Biobim","og_description":"L&rsquo;allaitement : une merveilleuse invention de m\u00e8re Nature L&rsquo;allaitement est tout simplement ce qu&rsquo;il y a de mieux pour votre b\u00e9b\u00e9, une merveilleuse invention de m\u00e8re Nature. Le contact corporel affectueux avec votre b\u00e9b\u00e9 lors de l&rsquo;allaitement ne peut \u00eatre \u00e9gal\u00e9 par l&rsquo;alimentation au biberon. L&rsquo;allaitement contient des nutriments et des d\u00e9fenses pr\u00e9cieuses. Ils sont [&hellip;]","og_url":"https:\/\/biobim.com\/fr\/informations\/allaitement-maternel\/","og_site_name":"Biobim","article_modified_time":"2025-10-31T10:48:02+00:00","og_image":[{"width":1400,"height":500,"url":"https:\/\/biobim.com\/wp-content\/uploads\/2020\/02\/Biobim-header-G.jpg","type":"image\/jpeg"}],"twitter_misc":{"Dur\u00e9e de lecture estim\u00e9e":"2 minutes"},"schema":{"@context":"https:\/\/schema.org","@graph":[{"@type":"WebPage","@id":"https:\/\/biobim.com\/fr\/informations\/allaitement-maternel\/","url":"https:\/\/biobim.com\/fr\/informations\/allaitement-maternel\/","name":"L'allaitement - Biobim","isPartOf":{"@id":"https:\/\/biobim.com\/fr\/#website"},"primaryImageOfPage":{"@id":"https:\/\/biobim.com\/fr\/informations\/allaitement-maternel\/#primaryimage"},"image":{"@id":"https:\/\/biobim.com\/fr\/informations\/allaitement-maternel\/#primaryimage"},"thumbnailUrl":"https:\/\/biobim.com\/wp-content\/uploads\/2020\/02\/Biobim-header-G.jpg","datePublished":"2020-02-21T09:47:05+00:00","dateModified":"2025-10-31T10:48:02+00:00","breadcrumb":{"@id":"https:\/\/biobim.com\/fr\/informations\/allaitement-maternel\/#breadcrumb"},"inLanguage":"fr-FR","potentialAction":[{"@type":"ReadAction","target":["https:\/\/biobim.com\/fr\/informations\/allaitement-maternel\/"]}]},{"@type":"ImageObject","inLanguage":"fr-FR","@id":"https:\/\/biobim.com\/fr\/informations\/allaitement-maternel\/#primaryimage","url":"https:\/\/biobim.com\/wp-content\/uploads\/2020\/02\/Biobim-header-G.jpg","contentUrl":"https:\/\/biobim.com\/wp-content\/uploads\/2020\/02\/Biobim-header-G.jpg","width":1400,"height":500,"caption":"Een baby afgebeeld voor Biobim biologische babyvoeding."},{"@type":"BreadcrumbList","@id":"https:\/\/biobim.com\/fr\/informations\/allaitement-maternel\/#breadcrumb","itemListElement":[{"@type":"ListItem","position":1,"name":"Home","item":"https:\/\/biobim.enict.io\/fr\/"},{"@type":"ListItem","position":2,"name":"Informations","item":"https:\/\/biobim.enict.io\/fr\/informations\/"},{"@type":"ListItem","position":3,"name":"L&#8217;allaitement"}]},{"@type":"WebSite","@id":"https:\/\/biobim.com\/fr\/#website","url":"https:\/\/biobim.com\/fr\/","name":"Biobim","description":"Aliments biologiques pour b\u00e9b\u00e9s depuis 1982","potentialAction":[{"@type":"SearchAction","target":{"@type":"EntryPoint","urlTemplate":"https:\/\/biobim.com\/fr\/?s={search_term_string}"},"query-input":{"@type":"PropertyValueSpecification","valueRequired":true,"valueName":"search_term_string"}}],"inLanguage":"fr-FR"}]}},"_links":{"self":[{"href":"https:\/\/biobim.com\/fr\/wp-json\/wp\/v2\/pages\/12005","targetHints":{"allow":["GET"]}}],"collection":[{"href":"https:\/\/biobim.com\/fr\/wp-json\/wp\/v2\/pages"}],"about":[{"href":"https:\/\/biobim.com\/fr\/wp-json\/wp\/v2\/types\/page"}],"author":[{"embeddable":true,"href":"https:\/\/biobim.com\/fr\/wp-json\/wp\/v2\/users\/6485"}],"replies":[{"embeddable":true,"href":"https:\/\/biobim.com\/fr\/wp-json\/wp\/v2\/comments?post=12005"}],"version-history":[{"count":5,"href":"https:\/\/biobim.com\/fr\/wp-json\/wp\/v2\/pages\/12005\/revisions"}],"predecessor-version":[{"id":18291,"href":"https:\/\/biobim.com\/fr\/wp-json\/wp\/v2\/pages\/12005\/revisions\/18291"}],"up":[{"embeddable":true,"href":"https:\/\/biobim.com\/fr\/wp-json\/wp\/v2\/pages\/11994"}],"wp:featuredmedia":[{"embeddable":true,"href":"https:\/\/biobim.com\/fr\/wp-json\/wp\/v2\/media\/11996"}],"wp:attachment":[{"href":"https:\/\/biobim.com\/fr\/wp-json\/wp\/v2\/media?parent=12005"}],"curies":[{"name":"wp","href":"https:\/\/api.w.org\/{rel}","templated":true}]}}