{"id":12007,"date":"2020-02-21T11:45:44","date_gmt":"2020-02-21T10:45:44","guid":{"rendered":"https:\/\/biobim-hostnet-download.ddev.site\/?page_id=12007"},"modified":"2025-10-31T13:19:56","modified_gmt":"2025-10-31T12:19:56","slug":"alimentation-au-biberon","status":"publish","type":"page","link":"https:\/\/biobim.com\/fr\/informations\/alimentation-au-biberon\/","title":{"rendered":"L&rsquo;alimentation au biberon"},"content":{"rendered":"\n<div class=\"wp-block-columns is-layout-flex wp-container-core-columns-is-layout-9d6595d7 wp-block-columns-is-layout-flex\">\n<div class=\"wp-block-column is-layout-flow wp-block-column-is-layout-flow\">\n<h2 class=\"wp-block-heading\">L&rsquo;alimentation au biberon<\/h2>\n\n\n\n<p class=\"p1 has-blue-color has-text-color has-medium-font-size\"><span class=\"s1\">Le lait maternis\u00e9 est une alternative s\u00fbre au lait maternel, et contient tous les nutriments essentiels dont votre b\u00e9b\u00e9 a besoin. La composition des pr\u00e9parations pour nourrissons est fortement r\u00e9glement\u00e9e au sein de l&rsquo;Union europ\u00e9enne et doit r\u00e9pondre \u00e0 des exigences strictes en mati\u00e8re de s\u00e9curit\u00e9, de qualit\u00e9 et de nutrition. Vous \u00eates donc assur\u00e9 de disposer d&rsquo;un produit de qualit\u00e9 et fiable, quelle que soit la marque.  <\/span><\/p>\n\n\n\n<p class=\"p1 has-blue-color has-text-color has-medium-font-size\"><\/p>\n<\/div>\n<\/div>\n\n\n<p><!-- \/wp:post-content --><\/p>\n\n<!-- wp:heading -->\n<h2 class=\"wp-block-heading\">Biobim Ekobaby<\/h2>\n<!-- \/wp:heading -->\n\n<!-- wp:paragraph -->\n<p>Nos pr\u00e9parations pour nourrissons sont fabriqu\u00e9es \u00e0 partir de lait biologique provenant de vaches qui paissent \u00e0 l&rsquo;air frais des montagnes de la r\u00e9gion de l&rsquo;Allg\u00e4u en Allemagne. La proximit\u00e9 entre les exploitations agricoles et les sites de production contribue \u00e0 une fra\u00eecheur optimale, \u00e0 un transport efficient et \u00e0 un impact minimal sur l&rsquo;environnement.<\/p>\n<!-- \/wp:paragraph -->\n\n<!-- wp:paragraph -->\n<p><img loading=\"lazy\" decoding=\"async\" width=\"245\" height=\"300\" class=\"wp-image-17149 size-medium aligncenter\" src=\"https:\/\/biobim.com\/wp-content\/uploads\/2022\/04\/Mock-up-Lac-1-front-view-600g-DHA-245x300.png\" alt=\"\" srcset=\"https:\/\/biobim.com\/wp-content\/uploads\/2022\/04\/Mock-up-Lac-1-front-view-600g-DHA-245x300.png 245w, https:\/\/biobim.com\/wp-content\/uploads\/2022\/04\/Mock-up-Lac-1-front-view-600g-DHA-837x1024.png 837w, https:\/\/biobim.com\/wp-content\/uploads\/2022\/04\/Mock-up-Lac-1-front-view-600g-DHA-768x939.png 768w, https:\/\/biobim.com\/wp-content\/uploads\/2022\/04\/Mock-up-Lac-1-front-view-600g-DHA-229x280.png 229w, https:\/\/biobim.com\/wp-content\/uploads\/2022\/04\/Mock-up-Lac-1-front-view-600g-DHA-116x142.png 116w, https:\/\/biobim.com\/wp-content\/uploads\/2022\/04\/Mock-up-Lac-1-front-view-600g-DHA-818x1000.png 818w, https:\/\/biobim.com\/wp-content\/uploads\/2022\/04\/Mock-up-Lac-1-front-view-600g-DHA-180x220.png 180w, https:\/\/biobim.com\/wp-content\/uploads\/2022\/04\/Mock-up-Lac-1-front-view-600g-DHA-380x465.png 380w, https:\/\/biobim.com\/wp-content\/uploads\/2022\/04\/Mock-up-Lac-1-front-view-600g-DHA-300x367.png 300w, https:\/\/biobim.com\/wp-content\/uploads\/2022\/04\/Mock-up-Lac-1-front-view-600g-DHA-232x284.png 232w, https:\/\/biobim.com\/wp-content\/uploads\/2022\/04\/Mock-up-Lac-1-front-view-600g-DHA-400x489.png 400w, https:\/\/biobim.com\/wp-content\/uploads\/2022\/04\/Mock-up-Lac-1-front-view-600g-DHA.png 1185w\" sizes=\"auto, (max-width: 245px) 100vw, 245px\" \/><img loading=\"lazy\" decoding=\"async\" width=\"245\" height=\"300\" class=\"wp-image-17151 size-medium aligncenter\" src=\"https:\/\/biobim.com\/wp-content\/uploads\/2022\/04\/Mock-up-Lac-2-front-view-600g-DHA-ARA-245x300.png\" alt=\"\" srcset=\"https:\/\/biobim.com\/wp-content\/uploads\/2022\/04\/Mock-up-Lac-2-front-view-600g-DHA-ARA-245x300.png 245w, https:\/\/biobim.com\/wp-content\/uploads\/2022\/04\/Mock-up-Lac-2-front-view-600g-DHA-ARA-837x1024.png 837w, https:\/\/biobim.com\/wp-content\/uploads\/2022\/04\/Mock-up-Lac-2-front-view-600g-DHA-ARA-768x939.png 768w, https:\/\/biobim.com\/wp-content\/uploads\/2022\/04\/Mock-up-Lac-2-front-view-600g-DHA-ARA-229x280.png 229w, https:\/\/biobim.com\/wp-content\/uploads\/2022\/04\/Mock-up-Lac-2-front-view-600g-DHA-ARA-116x142.png 116w, https:\/\/biobim.com\/wp-content\/uploads\/2022\/04\/Mock-up-Lac-2-front-view-600g-DHA-ARA-818x1000.png 818w, https:\/\/biobim.com\/wp-content\/uploads\/2022\/04\/Mock-up-Lac-2-front-view-600g-DHA-ARA-180x220.png 180w, https:\/\/biobim.com\/wp-content\/uploads\/2022\/04\/Mock-up-Lac-2-front-view-600g-DHA-ARA-380x465.png 380w, https:\/\/biobim.com\/wp-content\/uploads\/2022\/04\/Mock-up-Lac-2-front-view-600g-DHA-ARA-300x367.png 300w, https:\/\/biobim.com\/wp-content\/uploads\/2022\/04\/Mock-up-Lac-2-front-view-600g-DHA-ARA-232x284.png 232w, https:\/\/biobim.com\/wp-content\/uploads\/2022\/04\/Mock-up-Lac-2-front-view-600g-DHA-ARA-400x489.png 400w, https:\/\/biobim.com\/wp-content\/uploads\/2022\/04\/Mock-up-Lac-2-front-view-600g-DHA-ARA.png 1185w\" sizes=\"auto, (max-width: 245px) 100vw, 245px\" \/><img loading=\"lazy\" decoding=\"async\" width=\"245\" height=\"300\" class=\"wp-image-17153 size-medium aligncenter\" src=\"https:\/\/biobim.com\/wp-content\/uploads\/2022\/04\/Mock-up-Lac-3-front-view-600g-DHA-ARA-245x300.png\" alt=\"\" srcset=\"https:\/\/biobim.com\/wp-content\/uploads\/2022\/04\/Mock-up-Lac-3-front-view-600g-DHA-ARA-245x300.png 245w, https:\/\/biobim.com\/wp-content\/uploads\/2022\/04\/Mock-up-Lac-3-front-view-600g-DHA-ARA-837x1024.png 837w, https:\/\/biobim.com\/wp-content\/uploads\/2022\/04\/Mock-up-Lac-3-front-view-600g-DHA-ARA-768x939.png 768w, https:\/\/biobim.com\/wp-content\/uploads\/2022\/04\/Mock-up-Lac-3-front-view-600g-DHA-ARA-229x280.png 229w, https:\/\/biobim.com\/wp-content\/uploads\/2022\/04\/Mock-up-Lac-3-front-view-600g-DHA-ARA-116x142.png 116w, https:\/\/biobim.com\/wp-content\/uploads\/2022\/04\/Mock-up-Lac-3-front-view-600g-DHA-ARA-818x1000.png 818w, https:\/\/biobim.com\/wp-content\/uploads\/2022\/04\/Mock-up-Lac-3-front-view-600g-DHA-ARA-180x220.png 180w, https:\/\/biobim.com\/wp-content\/uploads\/2022\/04\/Mock-up-Lac-3-front-view-600g-DHA-ARA-380x465.png 380w, https:\/\/biobim.com\/wp-content\/uploads\/2022\/04\/Mock-up-Lac-3-front-view-600g-DHA-ARA-300x367.png 300w, https:\/\/biobim.com\/wp-content\/uploads\/2022\/04\/Mock-up-Lac-3-front-view-600g-DHA-ARA-232x284.png 232w, https:\/\/biobim.com\/wp-content\/uploads\/2022\/04\/Mock-up-Lac-3-front-view-600g-DHA-ARA-400x489.png 400w, https:\/\/biobim.com\/wp-content\/uploads\/2022\/04\/Mock-up-Lac-3-front-view-600g-DHA-ARA.png 1185w\" sizes=\"auto, (max-width: 245px) 100vw, 245px\" \/><\/p>\n<!-- \/wp:paragraph -->","protected":false},"excerpt":{"rendered":"<p>L&rsquo;alimentation au biberon Le lait maternis\u00e9 est une alternative s\u00fbre au lait maternel, et contient tous les nutriments essentiels dont votre b\u00e9b\u00e9 a besoin. La composition des pr\u00e9parations pour nourrissons est fortement r\u00e9glement\u00e9e au sein de l&rsquo;Union europ\u00e9enne et doit r\u00e9pondre \u00e0 des exigences strictes en mati\u00e8re de s\u00e9curit\u00e9, de qualit\u00e9 et de nutrition. Vous [&hellip;]<\/p>\n","protected":false},"author":6485,"featured_media":12010,"parent":11994,"menu_order":0,"comment_status":"open","ping_status":"closed","template":"single.php","meta":{"_acf_changed":false,"_coblocks_attr":"","_coblocks_dimensions":"","_coblocks_responsive_height":"","_coblocks_accordion_ie_support":"","footnotes":""},"class_list":["post-12007","page","type-page","status-publish","has-post-thumbnail","hentry"],"acf":[],"yoast_head":"<!-- This site is optimized with the Yoast SEO plugin v27.4 - https:\/\/yoast.com\/product\/yoast-seo-wordpress\/ -->\n<title>L&#039;alimentation au biberon - Biobim<\/title>\n<meta name=\"robots\" content=\"index, follow, max-snippet:-1, max-image-preview:large, max-video-preview:-1\" \/>\n<link rel=\"canonical\" href=\"https:\/\/biobim.com\/fr\/informations\/alimentation-au-biberon\/\" \/>\n<meta property=\"og:locale\" content=\"fr_FR\" \/>\n<meta property=\"og:type\" content=\"article\" \/>\n<meta property=\"og:title\" content=\"L&#039;alimentation au biberon - Biobim\" \/>\n<meta property=\"og:description\" content=\"L&rsquo;alimentation au biberon Le lait maternis\u00e9 est une alternative s\u00fbre au lait maternel, et contient tous les nutriments essentiels dont votre b\u00e9b\u00e9 a besoin. La composition des pr\u00e9parations pour nourrissons est fortement r\u00e9glement\u00e9e au sein de l&rsquo;Union europ\u00e9enne et doit r\u00e9pondre \u00e0 des exigences strictes en mati\u00e8re de s\u00e9curit\u00e9, de qualit\u00e9 et de nutrition. Vous [&hellip;]\" \/>\n<meta property=\"og:url\" content=\"https:\/\/biobim.com\/fr\/informations\/alimentation-au-biberon\/\" \/>\n<meta property=\"og:site_name\" content=\"Biobim\" \/>\n<meta property=\"article:modified_time\" content=\"2025-10-31T12:19:56+00:00\" \/>\n<meta property=\"og:image\" content=\"https:\/\/biobim.com\/wp-content\/uploads\/2020\/02\/Beelden-Header-Home-D.jpg\" \/>\n\t<meta property=\"og:image:width\" content=\"1400\" \/>\n\t<meta property=\"og:image:height\" content=\"500\" \/>\n\t<meta property=\"og:image:type\" content=\"image\/jpeg\" \/>\n<meta name=\"twitter:label1\" content=\"Dur\u00e9e de lecture estim\u00e9e\" \/>\n\t<meta name=\"twitter:data1\" content=\"2 minutes\" \/>\n<script type=\"application\/ld+json\" class=\"yoast-schema-graph\">{\"@context\":\"https:\\\/\\\/schema.org\",\"@graph\":[{\"@type\":\"WebPage\",\"@id\":\"https:\\\/\\\/biobim.com\\\/fr\\\/informations\\\/alimentation-au-biberon\\\/\",\"url\":\"https:\\\/\\\/biobim.com\\\/fr\\\/informations\\\/alimentation-au-biberon\\\/\",\"name\":\"L'alimentation au biberon - Biobim\",\"isPartOf\":{\"@id\":\"https:\\\/\\\/biobim.com\\\/fr\\\/#website\"},\"primaryImageOfPage\":{\"@id\":\"https:\\\/\\\/biobim.com\\\/fr\\\/informations\\\/alimentation-au-biberon\\\/#primaryimage\"},\"image\":{\"@id\":\"https:\\\/\\\/biobim.com\\\/fr\\\/informations\\\/alimentation-au-biberon\\\/#primaryimage\"},\"thumbnailUrl\":\"https:\\\/\\\/biobim.com\\\/wp-content\\\/uploads\\\/2020\\\/02\\\/Beelden-Header-Home-D.jpg\",\"datePublished\":\"2020-02-21T10:45:44+00:00\",\"dateModified\":\"2025-10-31T12:19:56+00:00\",\"breadcrumb\":{\"@id\":\"https:\\\/\\\/biobim.com\\\/fr\\\/informations\\\/alimentation-au-biberon\\\/#breadcrumb\"},\"inLanguage\":\"fr-FR\",\"potentialAction\":[{\"@type\":\"ReadAction\",\"target\":[\"https:\\\/\\\/biobim.com\\\/fr\\\/informations\\\/alimentation-au-biberon\\\/\"]}]},{\"@type\":\"ImageObject\",\"inLanguage\":\"fr-FR\",\"@id\":\"https:\\\/\\\/biobim.com\\\/fr\\\/informations\\\/alimentation-au-biberon\\\/#primaryimage\",\"url\":\"https:\\\/\\\/biobim.com\\\/wp-content\\\/uploads\\\/2020\\\/02\\\/Beelden-Header-Home-D.jpg\",\"contentUrl\":\"https:\\\/\\\/biobim.com\\\/wp-content\\\/uploads\\\/2020\\\/02\\\/Beelden-Header-Home-D.jpg\",\"width\":1400,\"height\":500,\"caption\":\"Een baby afgebeeld voor Biobim biologische babyvoeding.\"},{\"@type\":\"BreadcrumbList\",\"@id\":\"https:\\\/\\\/biobim.com\\\/fr\\\/informations\\\/alimentation-au-biberon\\\/#breadcrumb\",\"itemListElement\":[{\"@type\":\"ListItem\",\"position\":1,\"name\":\"Home\",\"item\":\"https:\\\/\\\/biobim.enict.io\\\/fr\\\/\"},{\"@type\":\"ListItem\",\"position\":2,\"name\":\"Informations\",\"item\":\"https:\\\/\\\/biobim.enict.io\\\/fr\\\/informations\\\/\"},{\"@type\":\"ListItem\",\"position\":3,\"name\":\"L&#8217;alimentation au biberon\"}]},{\"@type\":\"WebSite\",\"@id\":\"https:\\\/\\\/biobim.com\\\/fr\\\/#website\",\"url\":\"https:\\\/\\\/biobim.com\\\/fr\\\/\",\"name\":\"Biobim\",\"description\":\"Aliments biologiques pour b\u00e9b\u00e9s depuis 1982\",\"potentialAction\":[{\"@type\":\"SearchAction\",\"target\":{\"@type\":\"EntryPoint\",\"urlTemplate\":\"https:\\\/\\\/biobim.com\\\/fr\\\/?s={search_term_string}\"},\"query-input\":{\"@type\":\"PropertyValueSpecification\",\"valueRequired\":true,\"valueName\":\"search_term_string\"}}],\"inLanguage\":\"fr-FR\"}]}<\/script>\n<!-- \/ Yoast SEO plugin. -->","yoast_head_json":{"title":"L'alimentation au biberon - Biobim","robots":{"index":"index","follow":"follow","max-snippet":"max-snippet:-1","max-image-preview":"max-image-preview:large","max-video-preview":"max-video-preview:-1"},"canonical":"https:\/\/biobim.com\/fr\/informations\/alimentation-au-biberon\/","og_locale":"fr_FR","og_type":"article","og_title":"L'alimentation au biberon - Biobim","og_description":"L&rsquo;alimentation au biberon Le lait maternis\u00e9 est une alternative s\u00fbre au lait maternel, et contient tous les nutriments essentiels dont votre b\u00e9b\u00e9 a besoin. La composition des pr\u00e9parations pour nourrissons est fortement r\u00e9glement\u00e9e au sein de l&rsquo;Union europ\u00e9enne et doit r\u00e9pondre \u00e0 des exigences strictes en mati\u00e8re de s\u00e9curit\u00e9, de qualit\u00e9 et de nutrition. Vous [&hellip;]","og_url":"https:\/\/biobim.com\/fr\/informations\/alimentation-au-biberon\/","og_site_name":"Biobim","article_modified_time":"2025-10-31T12:19:56+00:00","og_image":[{"width":1400,"height":500,"url":"https:\/\/biobim.com\/wp-content\/uploads\/2020\/02\/Beelden-Header-Home-D.jpg","type":"image\/jpeg"}],"twitter_misc":{"Dur\u00e9e de lecture estim\u00e9e":"2 minutes"},"schema":{"@context":"https:\/\/schema.org","@graph":[{"@type":"WebPage","@id":"https:\/\/biobim.com\/fr\/informations\/alimentation-au-biberon\/","url":"https:\/\/biobim.com\/fr\/informations\/alimentation-au-biberon\/","name":"L'alimentation au biberon - Biobim","isPartOf":{"@id":"https:\/\/biobim.com\/fr\/#website"},"primaryImageOfPage":{"@id":"https:\/\/biobim.com\/fr\/informations\/alimentation-au-biberon\/#primaryimage"},"image":{"@id":"https:\/\/biobim.com\/fr\/informations\/alimentation-au-biberon\/#primaryimage"},"thumbnailUrl":"https:\/\/biobim.com\/wp-content\/uploads\/2020\/02\/Beelden-Header-Home-D.jpg","datePublished":"2020-02-21T10:45:44+00:00","dateModified":"2025-10-31T12:19:56+00:00","breadcrumb":{"@id":"https:\/\/biobim.com\/fr\/informations\/alimentation-au-biberon\/#breadcrumb"},"inLanguage":"fr-FR","potentialAction":[{"@type":"ReadAction","target":["https:\/\/biobim.com\/fr\/informations\/alimentation-au-biberon\/"]}]},{"@type":"ImageObject","inLanguage":"fr-FR","@id":"https:\/\/biobim.com\/fr\/informations\/alimentation-au-biberon\/#primaryimage","url":"https:\/\/biobim.com\/wp-content\/uploads\/2020\/02\/Beelden-Header-Home-D.jpg","contentUrl":"https:\/\/biobim.com\/wp-content\/uploads\/2020\/02\/Beelden-Header-Home-D.jpg","width":1400,"height":500,"caption":"Een baby afgebeeld voor Biobim biologische babyvoeding."},{"@type":"BreadcrumbList","@id":"https:\/\/biobim.com\/fr\/informations\/alimentation-au-biberon\/#breadcrumb","itemListElement":[{"@type":"ListItem","position":1,"name":"Home","item":"https:\/\/biobim.enict.io\/fr\/"},{"@type":"ListItem","position":2,"name":"Informations","item":"https:\/\/biobim.enict.io\/fr\/informations\/"},{"@type":"ListItem","position":3,"name":"L&#8217;alimentation au biberon"}]},{"@type":"WebSite","@id":"https:\/\/biobim.com\/fr\/#website","url":"https:\/\/biobim.com\/fr\/","name":"Biobim","description":"Aliments biologiques pour b\u00e9b\u00e9s depuis 1982","potentialAction":[{"@type":"SearchAction","target":{"@type":"EntryPoint","urlTemplate":"https:\/\/biobim.com\/fr\/?s={search_term_string}"},"query-input":{"@type":"PropertyValueSpecification","valueRequired":true,"valueName":"search_term_string"}}],"inLanguage":"fr-FR"}]}},"_links":{"self":[{"href":"https:\/\/biobim.com\/fr\/wp-json\/wp\/v2\/pages\/12007","targetHints":{"allow":["GET"]}}],"collection":[{"href":"https:\/\/biobim.com\/fr\/wp-json\/wp\/v2\/pages"}],"about":[{"href":"https:\/\/biobim.com\/fr\/wp-json\/wp\/v2\/types\/page"}],"author":[{"embeddable":true,"href":"https:\/\/biobim.com\/fr\/wp-json\/wp\/v2\/users\/6485"}],"replies":[{"embeddable":true,"href":"https:\/\/biobim.com\/fr\/wp-json\/wp\/v2\/comments?post=12007"}],"version-history":[{"count":4,"href":"https:\/\/biobim.com\/fr\/wp-json\/wp\/v2\/pages\/12007\/revisions"}],"predecessor-version":[{"id":18345,"href":"https:\/\/biobim.com\/fr\/wp-json\/wp\/v2\/pages\/12007\/revisions\/18345"}],"up":[{"embeddable":true,"href":"https:\/\/biobim.com\/fr\/wp-json\/wp\/v2\/pages\/11994"}],"wp:featuredmedia":[{"embeddable":true,"href":"https:\/\/biobim.com\/fr\/wp-json\/wp\/v2\/media\/12010"}],"wp:attachment":[{"href":"https:\/\/biobim.com\/fr\/wp-json\/wp\/v2\/media?parent=12007"}],"curies":[{"name":"wp","href":"https:\/\/api.w.org\/{rel}","templated":true}]}}