{"id":18225,"date":"2025-10-22T20:05:27","date_gmt":"2025-10-22T19:05:27","guid":{"rendered":"https:\/\/biobim.enict.io\/home\/as-tu-une-question\/"},"modified":"2025-10-22T20:36:59","modified_gmt":"2025-10-22T19:36:59","slug":"as-tu-une-question","status":"publish","type":"page","link":"https:\/\/biobim.com\/fr\/home\/as-tu-une-question\/","title":{"rendered":"As-tu une question ?"},"content":{"rendered":"<h2><strong>As-tu une question ?<\/strong><\/h2>\n<p>Consultez d&rsquo;abord les questions fr\u00e9quemment pos\u00e9es, la r\u00e9ponse que vous cherchez s&rsquo;y trouve peut-\u00eatre. Si votre question n\u2019y figure pas ou si vous souhaitez faire un compliment ou une r\u00e9clamation, veuillez contacter-nous via l&rsquo;adresse e-mail ci-dessous.  <\/p>\n<h5>Avez-vous une r\u00e9clamation concernant un produit ?<\/h5>\n<p>Il se peut que notre responsable qualit\u00e9 veuille examiner le produit de plus pr\u00e8s. C\u2019est pourquoi nous vous demandons de conserver le produit jusqu\u2019\u00e0 nouvel avis. <\/p>\n<p>Si vous avez une question professionnelle, envoyez un e-mail au service des ventes.<\/p>\n","protected":false},"excerpt":{"rendered":"<p>As-tu une question ? Consultez d&rsquo;abord les questions fr\u00e9quemment pos\u00e9es, la r\u00e9ponse que vous cherchez s&rsquo;y trouve peut-\u00eatre. Si votre question n\u2019y figure pas ou si vous souhaitez faire un compliment ou une r\u00e9clamation, veuillez contacter-nous via l&rsquo;adresse e-mail ci-dessous. Avez-vous une r\u00e9clamation concernant un produit ? Il se peut que notre responsable qualit\u00e9 veuille [&hellip;]<\/p>\n","protected":false},"author":8195,"featured_media":0,"parent":11929,"menu_order":0,"comment_status":"closed","ping_status":"closed","template":"page-sidebar.php","meta":{"_acf_changed":false,"_coblocks_attr":"","_coblocks_dimensions":"","_coblocks_responsive_height":"","_coblocks_accordion_ie_support":"","footnotes":""},"class_list":["post-18225","page","type-page","status-publish","hentry"],"acf":[],"yoast_head":"<!-- This site is optimized with the Yoast SEO plugin v27.5 - https:\/\/yoast.com\/product\/yoast-seo-wordpress\/ -->\n<title>As-tu une question ? - Biobim<\/title>\n<meta name=\"robots\" content=\"index, follow, max-snippet:-1, max-image-preview:large, max-video-preview:-1\" \/>\n<link rel=\"canonical\" href=\"https:\/\/biobim.com\/fr\/home\/as-tu-une-question\/\" \/>\n<meta property=\"og:locale\" content=\"fr_FR\" \/>\n<meta property=\"og:type\" content=\"article\" \/>\n<meta property=\"og:title\" content=\"As-tu une question ? - Biobim\" \/>\n<meta property=\"og:description\" content=\"As-tu une question ? Consultez d&rsquo;abord les questions fr\u00e9quemment pos\u00e9es, la r\u00e9ponse que vous cherchez s&rsquo;y trouve peut-\u00eatre. Si votre question n\u2019y figure pas ou si vous souhaitez faire un compliment ou une r\u00e9clamation, veuillez contacter-nous via l&rsquo;adresse e-mail ci-dessous. Avez-vous une r\u00e9clamation concernant un produit ? Il se peut que notre responsable qualit\u00e9 veuille [&hellip;]\" \/>\n<meta property=\"og:url\" content=\"https:\/\/biobim.com\/fr\/home\/as-tu-une-question\/\" \/>\n<meta property=\"og:site_name\" content=\"Biobim\" \/>\n<meta property=\"article:modified_time\" content=\"2025-10-22T19:36:59+00:00\" \/>\n<script type=\"application\/ld+json\" class=\"yoast-schema-graph\">{\"@context\":\"https:\\\/\\\/schema.org\",\"@graph\":[{\"@type\":\"WebPage\",\"@id\":\"https:\\\/\\\/biobim.com\\\/fr\\\/home\\\/as-tu-une-question\\\/\",\"url\":\"https:\\\/\\\/biobim.com\\\/fr\\\/home\\\/as-tu-une-question\\\/\",\"name\":\"As-tu une question ? - Biobim\",\"isPartOf\":{\"@id\":\"https:\\\/\\\/biobim.com\\\/fr\\\/#website\"},\"datePublished\":\"2025-10-22T19:05:27+00:00\",\"dateModified\":\"2025-10-22T19:36:59+00:00\",\"breadcrumb\":{\"@id\":\"https:\\\/\\\/biobim.com\\\/fr\\\/home\\\/as-tu-une-question\\\/#breadcrumb\"},\"inLanguage\":\"fr-FR\",\"potentialAction\":[{\"@type\":\"ReadAction\",\"target\":[\"https:\\\/\\\/biobim.com\\\/fr\\\/home\\\/as-tu-une-question\\\/\"]}]},{\"@type\":\"BreadcrumbList\",\"@id\":\"https:\\\/\\\/biobim.com\\\/fr\\\/home\\\/as-tu-une-question\\\/#breadcrumb\",\"itemListElement\":[{\"@type\":\"ListItem\",\"position\":1,\"name\":\"Home\",\"item\":\"https:\\\/\\\/biobim.enict.io\\\/fr\\\/\"},{\"@type\":\"ListItem\",\"position\":2,\"name\":\"Biobim aliments biologiques pour b\u00e9b\u00e9s\",\"item\":\"https:\\\/\\\/biobim.enict.io\\\/fr\\\/\"},{\"@type\":\"ListItem\",\"position\":3,\"name\":\"As-tu une question ?\"}]},{\"@type\":\"WebSite\",\"@id\":\"https:\\\/\\\/biobim.com\\\/fr\\\/#website\",\"url\":\"https:\\\/\\\/biobim.com\\\/fr\\\/\",\"name\":\"Biobim\",\"description\":\"Aliments biologiques pour b\u00e9b\u00e9s depuis 1982\",\"potentialAction\":[{\"@type\":\"SearchAction\",\"target\":{\"@type\":\"EntryPoint\",\"urlTemplate\":\"https:\\\/\\\/biobim.com\\\/fr\\\/?s={search_term_string}\"},\"query-input\":{\"@type\":\"PropertyValueSpecification\",\"valueRequired\":true,\"valueName\":\"search_term_string\"}}],\"inLanguage\":\"fr-FR\"}]}<\/script>\n<!-- \/ Yoast SEO plugin. -->","yoast_head_json":{"title":"As-tu une question ? - Biobim","robots":{"index":"index","follow":"follow","max-snippet":"max-snippet:-1","max-image-preview":"max-image-preview:large","max-video-preview":"max-video-preview:-1"},"canonical":"https:\/\/biobim.com\/fr\/home\/as-tu-une-question\/","og_locale":"fr_FR","og_type":"article","og_title":"As-tu une question ? - Biobim","og_description":"As-tu une question ? Consultez d&rsquo;abord les questions fr\u00e9quemment pos\u00e9es, la r\u00e9ponse que vous cherchez s&rsquo;y trouve peut-\u00eatre. Si votre question n\u2019y figure pas ou si vous souhaitez faire un compliment ou une r\u00e9clamation, veuillez contacter-nous via l&rsquo;adresse e-mail ci-dessous. Avez-vous une r\u00e9clamation concernant un produit ? Il se peut que notre responsable qualit\u00e9 veuille [&hellip;]","og_url":"https:\/\/biobim.com\/fr\/home\/as-tu-une-question\/","og_site_name":"Biobim","article_modified_time":"2025-10-22T19:36:59+00:00","schema":{"@context":"https:\/\/schema.org","@graph":[{"@type":"WebPage","@id":"https:\/\/biobim.com\/fr\/home\/as-tu-une-question\/","url":"https:\/\/biobim.com\/fr\/home\/as-tu-une-question\/","name":"As-tu une question ? - Biobim","isPartOf":{"@id":"https:\/\/biobim.com\/fr\/#website"},"datePublished":"2025-10-22T19:05:27+00:00","dateModified":"2025-10-22T19:36:59+00:00","breadcrumb":{"@id":"https:\/\/biobim.com\/fr\/home\/as-tu-une-question\/#breadcrumb"},"inLanguage":"fr-FR","potentialAction":[{"@type":"ReadAction","target":["https:\/\/biobim.com\/fr\/home\/as-tu-une-question\/"]}]},{"@type":"BreadcrumbList","@id":"https:\/\/biobim.com\/fr\/home\/as-tu-une-question\/#breadcrumb","itemListElement":[{"@type":"ListItem","position":1,"name":"Home","item":"https:\/\/biobim.enict.io\/fr\/"},{"@type":"ListItem","position":2,"name":"Biobim aliments biologiques pour b\u00e9b\u00e9s","item":"https:\/\/biobim.enict.io\/fr\/"},{"@type":"ListItem","position":3,"name":"As-tu une question ?"}]},{"@type":"WebSite","@id":"https:\/\/biobim.com\/fr\/#website","url":"https:\/\/biobim.com\/fr\/","name":"Biobim","description":"Aliments biologiques pour b\u00e9b\u00e9s depuis 1982","potentialAction":[{"@type":"SearchAction","target":{"@type":"EntryPoint","urlTemplate":"https:\/\/biobim.com\/fr\/?s={search_term_string}"},"query-input":{"@type":"PropertyValueSpecification","valueRequired":true,"valueName":"search_term_string"}}],"inLanguage":"fr-FR"}]}},"_links":{"self":[{"href":"https:\/\/biobim.com\/fr\/wp-json\/wp\/v2\/pages\/18225","targetHints":{"allow":["GET"]}}],"collection":[{"href":"https:\/\/biobim.com\/fr\/wp-json\/wp\/v2\/pages"}],"about":[{"href":"https:\/\/biobim.com\/fr\/wp-json\/wp\/v2\/types\/page"}],"author":[{"embeddable":true,"href":"https:\/\/biobim.com\/fr\/wp-json\/wp\/v2\/users\/8195"}],"replies":[{"embeddable":true,"href":"https:\/\/biobim.com\/fr\/wp-json\/wp\/v2\/comments?post=18225"}],"version-history":[{"count":1,"href":"https:\/\/biobim.com\/fr\/wp-json\/wp\/v2\/pages\/18225\/revisions"}],"predecessor-version":[{"id":18267,"href":"https:\/\/biobim.com\/fr\/wp-json\/wp\/v2\/pages\/18225\/revisions\/18267"}],"up":[{"embeddable":true,"href":"https:\/\/biobim.com\/fr\/wp-json\/wp\/v2\/pages\/11929"}],"wp:attachment":[{"href":"https:\/\/biobim.com\/fr\/wp-json\/wp\/v2\/media?parent=18225"}],"curies":[{"name":"wp","href":"https:\/\/api.w.org\/{rel}","templated":true}]}}