{"id":18239,"date":"2025-10-22T20:12:23","date_gmt":"2025-10-22T19:12:23","guid":{"rendered":"https:\/\/biobim.enict.io\/commercial\/"},"modified":"2025-10-31T13:32:52","modified_gmt":"2025-10-31T12:32:52","slug":"commercial","status":"publish","type":"page","link":"https:\/\/biobim.com\/fr\/commercial\/","title":{"rendered":"Biobim dans votre magasin bio sp\u00e9cialis\u00e9"},"content":{"rendered":"\n<p>Nous fournissons nos produits \u00e0 plusieurs magasins bio sp\u00e9cialis\u00e9s, tant au niveau national qu\u2019international. <\/p>\n<p>Contactez alors notre service commercial et renseignez-vous sur les possibilit\u00e9s. Vous pouvez les joindre via <a href=\"mailto:verkoop@udea.nl\">verkoop@udea.nl<\/a> . <\/p>\n","protected":false},"excerpt":{"rendered":"<p>Nous fournissons nos produits \u00e0 plusieurs magasins bio sp\u00e9cialis\u00e9s, tant au niveau national qu\u2019international. Contactez alors notre service commercial et renseignez-vous sur les possibilit\u00e9s. Vous pouvez les joindre via verkoop@udea.nl .<\/p>\n","protected":false},"author":8195,"featured_media":11966,"parent":0,"menu_order":0,"comment_status":"closed","ping_status":"closed","template":"page-sidebar.php","meta":{"_acf_changed":false,"_coblocks_attr":"","_coblocks_dimensions":"","_coblocks_responsive_height":"","_coblocks_accordion_ie_support":"","footnotes":""},"class_list":["post-18239","page","type-page","status-publish","has-post-thumbnail","hentry"],"acf":[],"yoast_head":"<!-- This site is optimized with the Yoast SEO plugin v27.5 - https:\/\/yoast.com\/product\/yoast-seo-wordpress\/ -->\n<title>Biobim dans votre magasin bio sp\u00e9cialis\u00e9 - Biobim<\/title>\n<meta name=\"robots\" content=\"index, follow, max-snippet:-1, max-image-preview:large, max-video-preview:-1\" \/>\n<link rel=\"canonical\" href=\"https:\/\/biobim.com\/fr\/commercial\/\" \/>\n<meta property=\"og:locale\" content=\"fr_FR\" \/>\n<meta property=\"og:type\" content=\"article\" \/>\n<meta property=\"og:title\" content=\"Biobim dans votre magasin bio sp\u00e9cialis\u00e9 - Biobim\" \/>\n<meta property=\"og:description\" content=\"Nous fournissons nos produits \u00e0 plusieurs magasins bio sp\u00e9cialis\u00e9s, tant au niveau national qu\u2019international. Contactez alors notre service commercial et renseignez-vous sur les possibilit\u00e9s. Vous pouvez les joindre via verkoop@udea.nl .\" \/>\n<meta property=\"og:url\" content=\"https:\/\/biobim.com\/fr\/commercial\/\" \/>\n<meta property=\"og:site_name\" content=\"Biobim\" \/>\n<meta property=\"article:modified_time\" content=\"2025-10-31T12:32:52+00:00\" \/>\n<meta property=\"og:image\" content=\"https:\/\/biobim.com\/wp-content\/uploads\/2020\/02\/Beelden-Header-Export.jpg\" \/>\n\t<meta property=\"og:image:width\" content=\"1400\" \/>\n\t<meta property=\"og:image:height\" content=\"500\" \/>\n\t<meta property=\"og:image:type\" content=\"image\/jpeg\" \/>\n<script type=\"application\/ld+json\" class=\"yoast-schema-graph\">{\"@context\":\"https:\\\/\\\/schema.org\",\"@graph\":[{\"@type\":\"WebPage\",\"@id\":\"https:\\\/\\\/biobim.com\\\/fr\\\/commercial\\\/\",\"url\":\"https:\\\/\\\/biobim.com\\\/fr\\\/commercial\\\/\",\"name\":\"Biobim dans votre magasin bio sp\u00e9cialis\u00e9 - Biobim\",\"isPartOf\":{\"@id\":\"https:\\\/\\\/biobim.com\\\/fr\\\/#website\"},\"primaryImageOfPage\":{\"@id\":\"https:\\\/\\\/biobim.com\\\/fr\\\/commercial\\\/#primaryimage\"},\"image\":{\"@id\":\"https:\\\/\\\/biobim.com\\\/fr\\\/commercial\\\/#primaryimage\"},\"thumbnailUrl\":\"https:\\\/\\\/biobim.com\\\/wp-content\\\/uploads\\\/2020\\\/02\\\/Beelden-Header-Export.jpg\",\"datePublished\":\"2025-10-22T19:12:23+00:00\",\"dateModified\":\"2025-10-31T12:32:52+00:00\",\"breadcrumb\":{\"@id\":\"https:\\\/\\\/biobim.com\\\/fr\\\/commercial\\\/#breadcrumb\"},\"inLanguage\":\"fr-FR\",\"potentialAction\":[{\"@type\":\"ReadAction\",\"target\":[\"https:\\\/\\\/biobim.com\\\/fr\\\/commercial\\\/\"]}]},{\"@type\":\"ImageObject\",\"inLanguage\":\"fr-FR\",\"@id\":\"https:\\\/\\\/biobim.com\\\/fr\\\/commercial\\\/#primaryimage\",\"url\":\"https:\\\/\\\/biobim.com\\\/wp-content\\\/uploads\\\/2020\\\/02\\\/Beelden-Header-Export.jpg\",\"contentUrl\":\"https:\\\/\\\/biobim.com\\\/wp-content\\\/uploads\\\/2020\\\/02\\\/Beelden-Header-Export.jpg\",\"width\":1400,\"height\":500},{\"@type\":\"BreadcrumbList\",\"@id\":\"https:\\\/\\\/biobim.com\\\/fr\\\/commercial\\\/#breadcrumb\",\"itemListElement\":[{\"@type\":\"ListItem\",\"position\":1,\"name\":\"Home\",\"item\":\"https:\\\/\\\/biobim.enict.io\\\/fr\\\/\"},{\"@type\":\"ListItem\",\"position\":2,\"name\":\"Biobim dans votre magasin bio sp\u00e9cialis\u00e9\"}]},{\"@type\":\"WebSite\",\"@id\":\"https:\\\/\\\/biobim.com\\\/fr\\\/#website\",\"url\":\"https:\\\/\\\/biobim.com\\\/fr\\\/\",\"name\":\"Biobim\",\"description\":\"Aliments biologiques pour b\u00e9b\u00e9s depuis 1982\",\"potentialAction\":[{\"@type\":\"SearchAction\",\"target\":{\"@type\":\"EntryPoint\",\"urlTemplate\":\"https:\\\/\\\/biobim.com\\\/fr\\\/?s={search_term_string}\"},\"query-input\":{\"@type\":\"PropertyValueSpecification\",\"valueRequired\":true,\"valueName\":\"search_term_string\"}}],\"inLanguage\":\"fr-FR\"}]}<\/script>\n<!-- \/ Yoast SEO plugin. -->","yoast_head_json":{"title":"Biobim dans votre magasin bio sp\u00e9cialis\u00e9 - Biobim","robots":{"index":"index","follow":"follow","max-snippet":"max-snippet:-1","max-image-preview":"max-image-preview:large","max-video-preview":"max-video-preview:-1"},"canonical":"https:\/\/biobim.com\/fr\/commercial\/","og_locale":"fr_FR","og_type":"article","og_title":"Biobim dans votre magasin bio sp\u00e9cialis\u00e9 - Biobim","og_description":"Nous fournissons nos produits \u00e0 plusieurs magasins bio sp\u00e9cialis\u00e9s, tant au niveau national qu\u2019international. Contactez alors notre service commercial et renseignez-vous sur les possibilit\u00e9s. Vous pouvez les joindre via verkoop@udea.nl .","og_url":"https:\/\/biobim.com\/fr\/commercial\/","og_site_name":"Biobim","article_modified_time":"2025-10-31T12:32:52+00:00","og_image":[{"width":1400,"height":500,"url":"https:\/\/biobim.com\/wp-content\/uploads\/2020\/02\/Beelden-Header-Export.jpg","type":"image\/jpeg"}],"schema":{"@context":"https:\/\/schema.org","@graph":[{"@type":"WebPage","@id":"https:\/\/biobim.com\/fr\/commercial\/","url":"https:\/\/biobim.com\/fr\/commercial\/","name":"Biobim dans votre magasin bio sp\u00e9cialis\u00e9 - Biobim","isPartOf":{"@id":"https:\/\/biobim.com\/fr\/#website"},"primaryImageOfPage":{"@id":"https:\/\/biobim.com\/fr\/commercial\/#primaryimage"},"image":{"@id":"https:\/\/biobim.com\/fr\/commercial\/#primaryimage"},"thumbnailUrl":"https:\/\/biobim.com\/wp-content\/uploads\/2020\/02\/Beelden-Header-Export.jpg","datePublished":"2025-10-22T19:12:23+00:00","dateModified":"2025-10-31T12:32:52+00:00","breadcrumb":{"@id":"https:\/\/biobim.com\/fr\/commercial\/#breadcrumb"},"inLanguage":"fr-FR","potentialAction":[{"@type":"ReadAction","target":["https:\/\/biobim.com\/fr\/commercial\/"]}]},{"@type":"ImageObject","inLanguage":"fr-FR","@id":"https:\/\/biobim.com\/fr\/commercial\/#primaryimage","url":"https:\/\/biobim.com\/wp-content\/uploads\/2020\/02\/Beelden-Header-Export.jpg","contentUrl":"https:\/\/biobim.com\/wp-content\/uploads\/2020\/02\/Beelden-Header-Export.jpg","width":1400,"height":500},{"@type":"BreadcrumbList","@id":"https:\/\/biobim.com\/fr\/commercial\/#breadcrumb","itemListElement":[{"@type":"ListItem","position":1,"name":"Home","item":"https:\/\/biobim.enict.io\/fr\/"},{"@type":"ListItem","position":2,"name":"Biobim dans votre magasin bio sp\u00e9cialis\u00e9"}]},{"@type":"WebSite","@id":"https:\/\/biobim.com\/fr\/#website","url":"https:\/\/biobim.com\/fr\/","name":"Biobim","description":"Aliments biologiques pour b\u00e9b\u00e9s depuis 1982","potentialAction":[{"@type":"SearchAction","target":{"@type":"EntryPoint","urlTemplate":"https:\/\/biobim.com\/fr\/?s={search_term_string}"},"query-input":{"@type":"PropertyValueSpecification","valueRequired":true,"valueName":"search_term_string"}}],"inLanguage":"fr-FR"}]}},"_links":{"self":[{"href":"https:\/\/biobim.com\/fr\/wp-json\/wp\/v2\/pages\/18239","targetHints":{"allow":["GET"]}}],"collection":[{"href":"https:\/\/biobim.com\/fr\/wp-json\/wp\/v2\/pages"}],"about":[{"href":"https:\/\/biobim.com\/fr\/wp-json\/wp\/v2\/types\/page"}],"author":[{"embeddable":true,"href":"https:\/\/biobim.com\/fr\/wp-json\/wp\/v2\/users\/8195"}],"replies":[{"embeddable":true,"href":"https:\/\/biobim.com\/fr\/wp-json\/wp\/v2\/comments?post=18239"}],"version-history":[{"count":2,"href":"https:\/\/biobim.com\/fr\/wp-json\/wp\/v2\/pages\/18239\/revisions"}],"predecessor-version":[{"id":18357,"href":"https:\/\/biobim.com\/fr\/wp-json\/wp\/v2\/pages\/18239\/revisions\/18357"}],"wp:featuredmedia":[{"embeddable":true,"href":"https:\/\/biobim.com\/fr\/wp-json\/wp\/v2\/media\/11966"}],"wp:attachment":[{"href":"https:\/\/biobim.com\/fr\/wp-json\/wp\/v2\/media?parent=18239"}],"curies":[{"name":"wp","href":"https:\/\/api.w.org\/{rel}","templated":true}]}}