{"id":18245,"date":"2025-10-22T20:16:18","date_gmt":"2025-10-22T19:16:18","guid":{"rendered":"https:\/\/biobim.enict.io\/informations\/veel-gestelde-vragen\/"},"modified":"2025-11-17T19:40:48","modified_gmt":"2025-11-17T18:40:48","slug":"veel-gestelde-vragen","status":"publish","type":"page","link":"https:\/\/biobim.com\/fr\/informations\/veel-gestelde-vragen\/","title":{"rendered":"Questions fr\u00e9quemment pos\u00e9es"},"content":{"rendered":"\n<h2 class=\"wp-block-heading\">L&rsquo;alimentation au biberon<\/h2>\n\n<div class=\"wp-block-coblocks-accordion\">\n<div class=\"wp-block-coblocks-accordion-item\"><details><summary class=\"wp-block-coblocks-accordion-item__title\">Puis-je pr\u00e9parer du lait maternis\u00e9 pour une journ\u00e9e enti\u00e8re ?<\/summary><div class=\"wp-block-coblocks-accordion-item__content\">\n<p>Si vous conservez du lait maternis\u00e9, des bact\u00e9ries peuvent se d\u00e9velopper. Votre b\u00e9b\u00e9 peut alors tomber malade. De nombreux nutriments sont \u00e9galement perdus. Il est pr\u00e9f\u00e9rable de pr\u00e9parer une pr\u00e9paration \u00e0 chaque fois et de la consommer imm\u00e9diatement.     <!--StartFragment --><span class=\"cf0\">Nous vous recommandons donc de ne pas conserver le lait maternis\u00e9 et de l&rsquo;utiliser dans l&rsquo;heure qui suit.<\/span><!--EndFragment --><\/p>\n<\/div><\/details><\/div>\n<\/div>\n\n<div class=\"wp-block-coblocks-accordion\">\n<div class=\"wp-block-coblocks-accordion-item\"><details><summary class=\"wp-block-coblocks-accordion-item__title\">Puis-je ajouter de la bouillie de riz au lait maternis\u00e9 avant le coucher ?<\/summary><div class=\"wp-block-coblocks-accordion-item__content\">\n<p>\u00c0 partir de quatre mois, vous pouvez ajouter de la bouillie de riz Biobim \u00e0 votre biberon. Augmentez progressivement la quantit\u00e9. Commencez par une cuill\u00e8re \u00e0 soupe. Votre b\u00e9b\u00e9 pourra ainsi s&rsquo;habituer lentement \u00e0 ce nouvel aliment. La bouillie de riz augmente la valeur \u00e9nerg\u00e9tique de l&rsquo;aliment et rassasie votre b\u00e9b\u00e9 plus longtemps.    <\/p>\n<\/div><\/details><\/div>\n<\/div>\n\n<div class=\"wp-block-coblocks-accordion\">\n<div class=\"wp-block-coblocks-accordion-item\"><details><summary class=\"wp-block-coblocks-accordion-item__title\">Que faire si la bouillie m\u00e9lang\u00e9e \u00e0 Biobim Ekobaby ne passe pas la t\u00e9tine ?  <\/summary><div class=\"wp-block-coblocks-accordion-item__content\">\n<p>Dans tous les cas, veillez \u00e0 utiliser un mannequin. Ceux-ci ont une plus grande ouverture (souvent une fente). Si n\u00e9cessaire, vous pouvez agrandir l&rsquo;ouverture \u00e0 l&rsquo;aide d&rsquo;un couteau propre. Il existe \u00e9galement des tasses \u00e0 bec dans lesquelles votre b\u00e9b\u00e9 peut boire en m\u00eame temps de la bouillie et du lait. Enfin, vous pouvez utiliser une cuill\u00e8re pour donner \u00e0 votre b\u00e9b\u00e9 de la bouillie dans un bol.    <\/p>\n<\/div><\/details><\/div>\n<\/div>\n\n<div class=\"wp-block-coblocks-accordion\">\n<div class=\"wp-block-coblocks-accordion-item\"><details><summary class=\"wp-block-coblocks-accordion-item__title\">L&rsquo;alimentation au biberon ne se dissout pas bien, comment est-ce possible ?<\/summary><div class=\"wp-block-coblocks-accordion-item__content\">\n<p>Veillez \u00e0 ce que l&rsquo;eau soit \u00e0 la bonne temp\u00e9rature lorsque vous ajoutez la poudre (environ 40 \u02daC). Si l&rsquo;eau est trop chaude ou trop froide, la poudre se dissout moins bien. Suivez attentivement les instructions de pr\u00e9paration figurant sur l&#8217;emballage.  <\/p>\n<\/div><\/details><\/div>\n<\/div>\n\n<div class=\"wp-block-coblocks-accordion\">\n<div class=\"wp-block-coblocks-accordion-item\"><details><summary class=\"wp-block-coblocks-accordion-item__title\">Pourquoi existe-t-il un Biobim Ekobaby 3 ? <\/summary><div class=\"wp-block-coblocks-accordion-item__content\">\n<p>La composition de Biobim Ekobaby 3 est sp\u00e9cialement adapt\u00e9e aux besoins du jeune enfant en pleine croissance.<\/p>\n<\/div><\/details><\/div>\n<\/div>\n\n<div class=\"wp-block-coblocks-accordion\">\n<div class=\"wp-block-coblocks-accordion-item\"><details><summary class=\"wp-block-coblocks-accordion-item__title\">Comment puis-je emporter du lait maternis\u00e9 ? <\/summary><div class=\"wp-block-coblocks-accordion-item__content\">\n<p>Emportez une quantit\u00e9 mesur\u00e9e d&rsquo;eau bouillie dans un thermos propre et la quantit\u00e9 ad\u00e9quate de lait en poudre Biobim dans un r\u00e9cipient propre. Ajoutez le tout sur place, secouez bien, v\u00e9rifiez la temp\u00e9rature et le tour est jou\u00e9. Pour les jeunes enfants, il est important de nettoyer soigneusement le mat\u00e9riel n\u00e9cessaire avant de l&rsquo;utiliser.  <\/p>\n<\/div><\/details><\/div>\n<\/div>\n\n<div class=\"wp-block-coblocks-accordion\">\n<div class=\"wp-block-coblocks-accordion-item\"><details><summary class=\"wp-block-coblocks-accordion-item__title\">Dois-je faire bouillir l&rsquo;eau pour pr\u00e9parer le lait maternis\u00e9 ? <\/summary><div class=\"wp-block-coblocks-accordion-item__content\">\n<p>Il est recommand\u00e9 de faire bouillir l&rsquo;eau pour le biberon avant de l&rsquo;utiliser. Toutefois, il est important de la laisser refroidir \u00e0 environ 40 degr\u00e9s par la suite. <\/p>\n<\/div><\/details><\/div>\n<\/div>\n\n<h2 class=\"wp-block-heading\">Alimentation compl\u00e9mentaire<\/h2>\n\n<div class=\"wp-block-coblocks-accordion\">\n<div class=\"wp-block-coblocks-accordion-item\"><details><summary class=\"wp-block-coblocks-accordion-item__title\">Les nouveaux porridges sont-ils diff\u00e9rents en termes de go\u00fbt, d&rsquo;odeur et de texture ?<\/summary><div class=\"wp-block-coblocks-accordion-item__content\">\n<p>La nouvelle gamme de bouillies pour b\u00e9b\u00e9s comprend cinq variantes famili\u00e8res. Cependant, tous les porridges ont re\u00e7u de nouveaux noms et une recette am\u00e9lior\u00e9e. Par cons\u00e9quent, il se peut que vous viviez la bouillie diff\u00e9remment de ce \u00e0 quoi vous \u00eates habitu\u00e9.  <\/p>\n<\/div><\/details><\/div>\n<\/div>\n\n<div class=\"wp-block-coblocks-accordion\">\n<div class=\"wp-block-coblocks-accordion-item\"><details><summary class=\"wp-block-coblocks-accordion-item__title\">Puis-je m\u00e9langer le porridge Biobim avec du lait maternel ? <\/summary><div class=\"wp-block-coblocks-accordion-item__content\">\n<p>Toutes nos bouillies pour b\u00e9b\u00e9s se m\u00e9langent parfaitement au lait maternel. La bouillie devient l\u00e9g\u00e8rement plus fine que lorsqu&rsquo;elle est pr\u00e9par\u00e9e avec des pr\u00e9parations pour nourrissons. <\/p>\n<\/div><\/details><\/div>\n<\/div>\n\n<div class=\"wp-block-coblocks-accordion\">\n<div class=\"wp-block-coblocks-accordion-item\"><details><summary class=\"wp-block-coblocks-accordion-item__title\">Quelle est la meilleure fa\u00e7on de commencer l&rsquo;alimentation compl\u00e9mentaire ? <\/summary><div class=\"wp-block-coblocks-accordion-item__content\">\n<p>Vous pouvez commencer l&rsquo;alimentation compl\u00e9mentaire \u00e0 partir de quatre mois. Nous vous recommandons de commencer par une seule collation. Par exemple, vous pouvez commencer par ajouter la bouillie de riz Biobim \u00e0 l&rsquo;allaitement ou au biberon. En outre, vous pouvez introduire la premi\u00e8re collation \u00e0 base de l\u00e9gumes ou de fruits. Choisissez des collations contenant un seul type de l\u00e9gume ou de fruit. Votre b\u00e9b\u00e9 s&rsquo;habituera ainsi plus facilement \u00e0 l&rsquo;alimentation compl\u00e9mentaire. Si cela se passe bien, vous pouvez essayer d&rsquo;autres saveurs.      <\/p>\n<\/div><\/details><\/div>\n<\/div>\n\n<div class=\"wp-block-coblocks-accordion\">\n<div class=\"wp-block-coblocks-accordion-item\"><details><summary class=\"wp-block-coblocks-accordion-item__title\">Combien de temps un pot de Biobim peut-il \u00eatre conserv\u00e9 ? <\/summary><div class=\"wp-block-coblocks-accordion-item__content\">\n<p>Non ouvert, un petit pot de Biobim se conserve jusqu&rsquo;\u00e0 la date indiqu\u00e9e sur le c\u00f4t\u00e9 du couvercle. Les petits pots non ouverts peuvent \u00eatre conserv\u00e9s dans les placards de la cuisine (entre +4 \u00b0C et +37 \u00b0C). Avant la consommation, v\u00e9rifiez que le petit pot n&rsquo;est pas endommag\u00e9 et que le couvercle de s\u00e9curit\u00e9 sous vide se gonfle lors de la premi\u00e8re ouverture. Une fois le petit pot ouvert, il doit \u00eatre conserv\u00e9 ferm\u00e9 au r\u00e9frig\u00e9rateur et consomm\u00e9 dans les 24 heures. La texture et la couleur du contenu du pot sont sujettes \u00e0 des variations naturelles.    <\/p>\n<\/div><\/details><\/div>\n<\/div>\n\n<div class=\"wp-block-coblocks-accordion\">\n<div class=\"wp-block-coblocks-accordion-item\"><details><summary class=\"wp-block-coblocks-accordion-item__title\">Qu&rsquo;est-ce que le nitrate et qu&rsquo;est-ce qui est riche en nitrate ?<\/summary><div class=\"wp-block-coblocks-accordion-item__content\">\n<p>Les l\u00e9gumes sont une source importante de nitrates. On en trouve par exemple dans les \u00e9pinards, la betterave, l&rsquo;endive, le pourpier, la laitue et le chou pointu. Ne donnez pas de l\u00e9gumes riches en nitrates aux nourrissons de moins de six mois et pas plus de deux fois par semaine aux enfants de plus de six mois.  <\/p>\n<\/div><\/details><\/div>\n<\/div>\n\n<div class=\"wp-block-coblocks-accordion\"\/>\n\n<div class=\"wp-block-coblocks-accordion\"\/>\n\n<div class=\"wp-block-coblocks-accordion\"\/>\n","protected":false},"excerpt":{"rendered":"<p>L&rsquo;alimentation au biberon Alimentation compl\u00e9mentaire<\/p>\n","protected":false},"author":8195,"featured_media":0,"parent":11994,"menu_order":0,"comment_status":"closed","ping_status":"closed","template":"page-sidebar.php","meta":{"_acf_changed":false,"_coblocks_attr":"","_coblocks_dimensions":"","_coblocks_responsive_height":"","_coblocks_accordion_ie_support":"","footnotes":""},"class_list":["post-18245","page","type-page","status-publish","hentry"],"acf":[],"yoast_head":"<!-- This site is optimized with the Yoast SEO plugin v27.5 - https:\/\/yoast.com\/product\/yoast-seo-wordpress\/ -->\n<title>Questions fr\u00e9quemment pos\u00e9es - Biobim<\/title>\n<meta name=\"robots\" content=\"index, follow, max-snippet:-1, max-image-preview:large, max-video-preview:-1\" \/>\n<link rel=\"canonical\" href=\"https:\/\/biobim.com\/fr\/informations\/veel-gestelde-vragen\/\" \/>\n<meta property=\"og:locale\" content=\"fr_FR\" \/>\n<meta property=\"og:type\" content=\"article\" \/>\n<meta property=\"og:title\" content=\"Questions fr\u00e9quemment pos\u00e9es - Biobim\" \/>\n<meta property=\"og:description\" content=\"L&rsquo;alimentation au biberon Alimentation compl\u00e9mentaire\" \/>\n<meta property=\"og:url\" content=\"https:\/\/biobim.com\/fr\/informations\/veel-gestelde-vragen\/\" \/>\n<meta property=\"og:site_name\" content=\"Biobim\" \/>\n<meta property=\"article:modified_time\" content=\"2025-11-17T18:40:48+00:00\" \/>\n<meta name=\"twitter:label1\" content=\"Dur\u00e9e de lecture estim\u00e9e\" \/>\n\t<meta name=\"twitter:data1\" content=\"4 minutes\" \/>\n<script type=\"application\/ld+json\" class=\"yoast-schema-graph\">{\"@context\":\"https:\\\/\\\/schema.org\",\"@graph\":[{\"@type\":\"WebPage\",\"@id\":\"https:\\\/\\\/biobim.com\\\/fr\\\/informations\\\/veel-gestelde-vragen\\\/\",\"url\":\"https:\\\/\\\/biobim.com\\\/fr\\\/informations\\\/veel-gestelde-vragen\\\/\",\"name\":\"Questions fr\u00e9quemment pos\u00e9es - Biobim\",\"isPartOf\":{\"@id\":\"https:\\\/\\\/biobim.com\\\/fr\\\/#website\"},\"datePublished\":\"2025-10-22T19:16:18+00:00\",\"dateModified\":\"2025-11-17T18:40:48+00:00\",\"breadcrumb\":{\"@id\":\"https:\\\/\\\/biobim.com\\\/fr\\\/informations\\\/veel-gestelde-vragen\\\/#breadcrumb\"},\"inLanguage\":\"fr-FR\",\"potentialAction\":[{\"@type\":\"ReadAction\",\"target\":[\"https:\\\/\\\/biobim.com\\\/fr\\\/informations\\\/veel-gestelde-vragen\\\/\"]}]},{\"@type\":\"BreadcrumbList\",\"@id\":\"https:\\\/\\\/biobim.com\\\/fr\\\/informations\\\/veel-gestelde-vragen\\\/#breadcrumb\",\"itemListElement\":[{\"@type\":\"ListItem\",\"position\":1,\"name\":\"Home\",\"item\":\"https:\\\/\\\/biobim.enict.io\\\/fr\\\/\"},{\"@type\":\"ListItem\",\"position\":2,\"name\":\"Informations\",\"item\":\"https:\\\/\\\/biobim.enict.io\\\/fr\\\/informations\\\/\"},{\"@type\":\"ListItem\",\"position\":3,\"name\":\"Questions fr\u00e9quemment pos\u00e9es\"}]},{\"@type\":\"WebSite\",\"@id\":\"https:\\\/\\\/biobim.com\\\/fr\\\/#website\",\"url\":\"https:\\\/\\\/biobim.com\\\/fr\\\/\",\"name\":\"Biobim\",\"description\":\"Aliments biologiques pour b\u00e9b\u00e9s depuis 1982\",\"potentialAction\":[{\"@type\":\"SearchAction\",\"target\":{\"@type\":\"EntryPoint\",\"urlTemplate\":\"https:\\\/\\\/biobim.com\\\/fr\\\/?s={search_term_string}\"},\"query-input\":{\"@type\":\"PropertyValueSpecification\",\"valueRequired\":true,\"valueName\":\"search_term_string\"}}],\"inLanguage\":\"fr-FR\"}]}<\/script>\n<!-- \/ Yoast SEO plugin. -->","yoast_head_json":{"title":"Questions fr\u00e9quemment pos\u00e9es - Biobim","robots":{"index":"index","follow":"follow","max-snippet":"max-snippet:-1","max-image-preview":"max-image-preview:large","max-video-preview":"max-video-preview:-1"},"canonical":"https:\/\/biobim.com\/fr\/informations\/veel-gestelde-vragen\/","og_locale":"fr_FR","og_type":"article","og_title":"Questions fr\u00e9quemment pos\u00e9es - Biobim","og_description":"L&rsquo;alimentation au biberon Alimentation compl\u00e9mentaire","og_url":"https:\/\/biobim.com\/fr\/informations\/veel-gestelde-vragen\/","og_site_name":"Biobim","article_modified_time":"2025-11-17T18:40:48+00:00","twitter_misc":{"Dur\u00e9e de lecture estim\u00e9e":"4 minutes"},"schema":{"@context":"https:\/\/schema.org","@graph":[{"@type":"WebPage","@id":"https:\/\/biobim.com\/fr\/informations\/veel-gestelde-vragen\/","url":"https:\/\/biobim.com\/fr\/informations\/veel-gestelde-vragen\/","name":"Questions fr\u00e9quemment pos\u00e9es - Biobim","isPartOf":{"@id":"https:\/\/biobim.com\/fr\/#website"},"datePublished":"2025-10-22T19:16:18+00:00","dateModified":"2025-11-17T18:40:48+00:00","breadcrumb":{"@id":"https:\/\/biobim.com\/fr\/informations\/veel-gestelde-vragen\/#breadcrumb"},"inLanguage":"fr-FR","potentialAction":[{"@type":"ReadAction","target":["https:\/\/biobim.com\/fr\/informations\/veel-gestelde-vragen\/"]}]},{"@type":"BreadcrumbList","@id":"https:\/\/biobim.com\/fr\/informations\/veel-gestelde-vragen\/#breadcrumb","itemListElement":[{"@type":"ListItem","position":1,"name":"Home","item":"https:\/\/biobim.enict.io\/fr\/"},{"@type":"ListItem","position":2,"name":"Informations","item":"https:\/\/biobim.enict.io\/fr\/informations\/"},{"@type":"ListItem","position":3,"name":"Questions fr\u00e9quemment pos\u00e9es"}]},{"@type":"WebSite","@id":"https:\/\/biobim.com\/fr\/#website","url":"https:\/\/biobim.com\/fr\/","name":"Biobim","description":"Aliments biologiques pour b\u00e9b\u00e9s depuis 1982","potentialAction":[{"@type":"SearchAction","target":{"@type":"EntryPoint","urlTemplate":"https:\/\/biobim.com\/fr\/?s={search_term_string}"},"query-input":{"@type":"PropertyValueSpecification","valueRequired":true,"valueName":"search_term_string"}}],"inLanguage":"fr-FR"}]}},"_links":{"self":[{"href":"https:\/\/biobim.com\/fr\/wp-json\/wp\/v2\/pages\/18245","targetHints":{"allow":["GET"]}}],"collection":[{"href":"https:\/\/biobim.com\/fr\/wp-json\/wp\/v2\/pages"}],"about":[{"href":"https:\/\/biobim.com\/fr\/wp-json\/wp\/v2\/types\/page"}],"author":[{"embeddable":true,"href":"https:\/\/biobim.com\/fr\/wp-json\/wp\/v2\/users\/8195"}],"replies":[{"embeddable":true,"href":"https:\/\/biobim.com\/fr\/wp-json\/wp\/v2\/comments?post=18245"}],"version-history":[{"count":7,"href":"https:\/\/biobim.com\/fr\/wp-json\/wp\/v2\/pages\/18245\/revisions"}],"predecessor-version":[{"id":18630,"href":"https:\/\/biobim.com\/fr\/wp-json\/wp\/v2\/pages\/18245\/revisions\/18630"}],"up":[{"embeddable":true,"href":"https:\/\/biobim.com\/fr\/wp-json\/wp\/v2\/pages\/11994"}],"wp:attachment":[{"href":"https:\/\/biobim.com\/fr\/wp-json\/wp\/v2\/media?parent=18245"}],"curies":[{"name":"wp","href":"https:\/\/api.w.org\/{rel}","templated":true}]}}