{"id":18319,"date":"2025-10-31T12:23:11","date_gmt":"2025-10-31T11:23:11","guid":{"rendered":"https:\/\/biobim.com\/biobim\/lhistoire-de-biobim\/"},"modified":"2025-10-31T12:23:11","modified_gmt":"2025-10-31T11:23:11","slug":"lhistoire-de-biobim","status":"publish","type":"page","link":"https:\/\/biobim.com\/fr\/biobim\/lhistoire-de-biobim\/","title":{"rendered":"L&rsquo;histoire de Biobim"},"content":{"rendered":"\n<p class=\"has-text-color has-medium-font-size has-blue-color\">Chez Biobim, nous pensons que prendre soin de votre b\u00e9b\u00e9 commence par des choix honn\u00eates et durables. C&rsquo;est pourquoi nous fabriquons des aliments pour b\u00e9b\u00e9s qui sont non seulement nutritifs et biologiques, mais aussi respectueux du monde dans lequel votre b\u00e9b\u00e9 grandit. Nos produits sont fabriqu\u00e9s avec de l&rsquo;\u00e9lectricit\u00e9 100 % verte, provenant de sources renouvelables telles que l&rsquo;\u00e9nergie \u00e9olienne et solaire.  \n<br\/><br\/>\nNous travaillons avec des fournisseurs europ\u00e9ens qui ont ancr\u00e9 le d\u00e9veloppement durable au c\u0153ur de leur gestion d&rsquo;entreprise. Les c\u00e9r\u00e9ales, le lait et les l\u00e9gumes contenus dans nos produits proviennent autant que possible d&rsquo;Europe, souvent m\u00eame des environs imm\u00e9diats du site de production. Cela signifie des distances de transport plus courtes, moins d&rsquo;\u00e9missions de carbone et plus de transparence.  \n\n<br\/><br\/>Nos emballages sont \u00e9galement con\u00e7us pour prot\u00e9ger l&rsquo;avenir. Des petits pots en verre recyclable au carton fabriqu\u00e9 \u00e0 partir de papier recycl\u00e9, chaque d\u00e9tail compte. L&rsquo;ensemble de notre cha\u00eene est enti\u00e8rement tra\u00e7able, du champ \u00e0 la fourchette. Ainsi, vous savez exactement d&rsquo;o\u00f9 vient chaque ingr\u00e9dient.   \n\n<br\/><br\/>Nos partenaires de production \u00e9conomisent l&rsquo;\u00e9nergie, r\u00e9utilisent la chaleur et contr\u00f4lent en permanence leur consommation d&rsquo;eau et de mati\u00e8res premi\u00e8res. Ils r\u00e9pondent aux normes les plus strictes en mati\u00e8re d&rsquo;alimentation pour b\u00e9b\u00e9s, ce qui favorise \u00e9galement l&rsquo;agriculture durable. Car chez Biobim, le d\u00e9veloppement durable n&rsquo;est pas un \u00e9l\u00e9ment accessoire, mais bien une valeur fondamentale.  \n<br\/><br\/>\nChoisir Biobim, c&rsquo;est choisir une alimentation qui prend \u00e0 c\u0153ur les hommes, les animaux et la plan\u00e8te. Pour que votre b\u00e9b\u00e9 grandisse avec la meilleure attention, aujourd&rsquo;hui et demain. <\/p>\n<p>&nbsp;<\/p>\n","protected":false},"excerpt":{"rendered":"<p>Chez Biobim, nous pensons que prendre soin de votre b\u00e9b\u00e9 commence par des choix honn\u00eates et durables. C&rsquo;est pourquoi nous fabriquons des aliments pour b\u00e9b\u00e9s qui sont non seulement nutritifs et biologiques, mais aussi respectueux du monde dans lequel votre b\u00e9b\u00e9 grandit. Nos produits sont fabriqu\u00e9s avec de l&rsquo;\u00e9lectricit\u00e9 100 % verte, provenant de sources [&hellip;]<\/p>\n","protected":false},"author":8195,"featured_media":0,"parent":11932,"menu_order":0,"comment_status":"closed","ping_status":"closed","template":"page-sidebar.php","meta":{"_acf_changed":false,"_coblocks_attr":"","_coblocks_dimensions":"","_coblocks_responsive_height":"","_coblocks_accordion_ie_support":"","footnotes":""},"class_list":["post-18319","page","type-page","status-publish","hentry"],"acf":[],"yoast_head":"<!-- This site is optimized with the Yoast SEO plugin v27.5 - https:\/\/yoast.com\/product\/yoast-seo-wordpress\/ -->\n<title>L&#039;histoire de Biobim - Biobim<\/title>\n<meta name=\"robots\" content=\"index, follow, max-snippet:-1, max-image-preview:large, max-video-preview:-1\" \/>\n<link rel=\"canonical\" href=\"https:\/\/biobim.com\/fr\/biobim\/lhistoire-de-biobim\/\" \/>\n<meta property=\"og:locale\" content=\"fr_FR\" \/>\n<meta property=\"og:type\" content=\"article\" \/>\n<meta property=\"og:title\" content=\"L&#039;histoire de Biobim - Biobim\" \/>\n<meta property=\"og:description\" content=\"Chez Biobim, nous pensons que prendre soin de votre b\u00e9b\u00e9 commence par des choix honn\u00eates et durables. C&rsquo;est pourquoi nous fabriquons des aliments pour b\u00e9b\u00e9s qui sont non seulement nutritifs et biologiques, mais aussi respectueux du monde dans lequel votre b\u00e9b\u00e9 grandit. Nos produits sont fabriqu\u00e9s avec de l&rsquo;\u00e9lectricit\u00e9 100 % verte, provenant de sources [&hellip;]\" \/>\n<meta property=\"og:url\" content=\"https:\/\/biobim.com\/fr\/biobim\/lhistoire-de-biobim\/\" \/>\n<meta property=\"og:site_name\" content=\"Biobim\" \/>\n<meta name=\"twitter:label1\" content=\"Dur\u00e9e de lecture estim\u00e9e\" \/>\n\t<meta name=\"twitter:data1\" content=\"1 minute\" \/>\n<script type=\"application\/ld+json\" class=\"yoast-schema-graph\">{\"@context\":\"https:\\\/\\\/schema.org\",\"@graph\":[{\"@type\":\"WebPage\",\"@id\":\"https:\\\/\\\/biobim.com\\\/fr\\\/biobim\\\/lhistoire-de-biobim\\\/\",\"url\":\"https:\\\/\\\/biobim.com\\\/fr\\\/biobim\\\/lhistoire-de-biobim\\\/\",\"name\":\"L'histoire de Biobim - Biobim\",\"isPartOf\":{\"@id\":\"https:\\\/\\\/biobim.com\\\/fr\\\/#website\"},\"datePublished\":\"2025-10-31T11:23:11+00:00\",\"breadcrumb\":{\"@id\":\"https:\\\/\\\/biobim.com\\\/fr\\\/biobim\\\/lhistoire-de-biobim\\\/#breadcrumb\"},\"inLanguage\":\"fr-FR\",\"potentialAction\":[{\"@type\":\"ReadAction\",\"target\":[\"https:\\\/\\\/biobim.com\\\/fr\\\/biobim\\\/lhistoire-de-biobim\\\/\"]}]},{\"@type\":\"BreadcrumbList\",\"@id\":\"https:\\\/\\\/biobim.com\\\/fr\\\/biobim\\\/lhistoire-de-biobim\\\/#breadcrumb\",\"itemListElement\":[{\"@type\":\"ListItem\",\"position\":1,\"name\":\"Home\",\"item\":\"https:\\\/\\\/biobim.enict.io\\\/fr\\\/\"},{\"@type\":\"ListItem\",\"position\":2,\"name\":\"A propos de nous\",\"item\":\"https:\\\/\\\/biobim.com\\\/fr\\\/biobim\\\/?lang=fr\"},{\"@type\":\"ListItem\",\"position\":3,\"name\":\"L&#8217;histoire de Biobim\"}]},{\"@type\":\"WebSite\",\"@id\":\"https:\\\/\\\/biobim.com\\\/fr\\\/#website\",\"url\":\"https:\\\/\\\/biobim.com\\\/fr\\\/\",\"name\":\"Biobim\",\"description\":\"Aliments biologiques pour b\u00e9b\u00e9s depuis 1982\",\"potentialAction\":[{\"@type\":\"SearchAction\",\"target\":{\"@type\":\"EntryPoint\",\"urlTemplate\":\"https:\\\/\\\/biobim.com\\\/fr\\\/?s={search_term_string}\"},\"query-input\":{\"@type\":\"PropertyValueSpecification\",\"valueRequired\":true,\"valueName\":\"search_term_string\"}}],\"inLanguage\":\"fr-FR\"}]}<\/script>\n<!-- \/ Yoast SEO plugin. -->","yoast_head_json":{"title":"L'histoire de Biobim - Biobim","robots":{"index":"index","follow":"follow","max-snippet":"max-snippet:-1","max-image-preview":"max-image-preview:large","max-video-preview":"max-video-preview:-1"},"canonical":"https:\/\/biobim.com\/fr\/biobim\/lhistoire-de-biobim\/","og_locale":"fr_FR","og_type":"article","og_title":"L'histoire de Biobim - Biobim","og_description":"Chez Biobim, nous pensons que prendre soin de votre b\u00e9b\u00e9 commence par des choix honn\u00eates et durables. C&rsquo;est pourquoi nous fabriquons des aliments pour b\u00e9b\u00e9s qui sont non seulement nutritifs et biologiques, mais aussi respectueux du monde dans lequel votre b\u00e9b\u00e9 grandit. Nos produits sont fabriqu\u00e9s avec de l&rsquo;\u00e9lectricit\u00e9 100 % verte, provenant de sources [&hellip;]","og_url":"https:\/\/biobim.com\/fr\/biobim\/lhistoire-de-biobim\/","og_site_name":"Biobim","twitter_misc":{"Dur\u00e9e de lecture estim\u00e9e":"1 minute"},"schema":{"@context":"https:\/\/schema.org","@graph":[{"@type":"WebPage","@id":"https:\/\/biobim.com\/fr\/biobim\/lhistoire-de-biobim\/","url":"https:\/\/biobim.com\/fr\/biobim\/lhistoire-de-biobim\/","name":"L'histoire de Biobim - Biobim","isPartOf":{"@id":"https:\/\/biobim.com\/fr\/#website"},"datePublished":"2025-10-31T11:23:11+00:00","breadcrumb":{"@id":"https:\/\/biobim.com\/fr\/biobim\/lhistoire-de-biobim\/#breadcrumb"},"inLanguage":"fr-FR","potentialAction":[{"@type":"ReadAction","target":["https:\/\/biobim.com\/fr\/biobim\/lhistoire-de-biobim\/"]}]},{"@type":"BreadcrumbList","@id":"https:\/\/biobim.com\/fr\/biobim\/lhistoire-de-biobim\/#breadcrumb","itemListElement":[{"@type":"ListItem","position":1,"name":"Home","item":"https:\/\/biobim.enict.io\/fr\/"},{"@type":"ListItem","position":2,"name":"A propos de nous","item":"https:\/\/biobim.com\/fr\/biobim\/?lang=fr"},{"@type":"ListItem","position":3,"name":"L&#8217;histoire de Biobim"}]},{"@type":"WebSite","@id":"https:\/\/biobim.com\/fr\/#website","url":"https:\/\/biobim.com\/fr\/","name":"Biobim","description":"Aliments biologiques pour b\u00e9b\u00e9s depuis 1982","potentialAction":[{"@type":"SearchAction","target":{"@type":"EntryPoint","urlTemplate":"https:\/\/biobim.com\/fr\/?s={search_term_string}"},"query-input":{"@type":"PropertyValueSpecification","valueRequired":true,"valueName":"search_term_string"}}],"inLanguage":"fr-FR"}]}},"_links":{"self":[{"href":"https:\/\/biobim.com\/fr\/wp-json\/wp\/v2\/pages\/18319","targetHints":{"allow":["GET"]}}],"collection":[{"href":"https:\/\/biobim.com\/fr\/wp-json\/wp\/v2\/pages"}],"about":[{"href":"https:\/\/biobim.com\/fr\/wp-json\/wp\/v2\/types\/page"}],"author":[{"embeddable":true,"href":"https:\/\/biobim.com\/fr\/wp-json\/wp\/v2\/users\/8195"}],"replies":[{"embeddable":true,"href":"https:\/\/biobim.com\/fr\/wp-json\/wp\/v2\/comments?post=18319"}],"version-history":[{"count":1,"href":"https:\/\/biobim.com\/fr\/wp-json\/wp\/v2\/pages\/18319\/revisions"}],"predecessor-version":[{"id":18320,"href":"https:\/\/biobim.com\/fr\/wp-json\/wp\/v2\/pages\/18319\/revisions\/18320"}],"up":[{"embeddable":true,"href":"https:\/\/biobim.com\/fr\/wp-json\/wp\/v2\/pages\/11932"}],"wp:attachment":[{"href":"https:\/\/biobim.com\/fr\/wp-json\/wp\/v2\/media?parent=18319"}],"curies":[{"name":"wp","href":"https:\/\/api.w.org\/{rel}","templated":true}]}}