{"id":18325,"date":"2025-10-31T12:44:32","date_gmt":"2025-10-31T11:44:32","guid":{"rendered":"https:\/\/biobim.com\/lalimentation-des-la-naissance\/"},"modified":"2025-10-31T13:03:13","modified_gmt":"2025-10-31T12:03:13","slug":"lalimentation-des-la-naissance","status":"publish","type":"page","link":"https:\/\/biobim.com\/fr\/informations\/nutrition-par-tranche-dage\/lalimentation-des-la-naissance\/","title":{"rendered":"L&rsquo;alimentation d\u00e8s la naissance"},"content":{"rendered":"<p>Quelques heures apr\u00e8s la naissance, les nourrissons peuvent faire des grimaces en go\u00fbtant des saveurs sucr\u00e9es, am\u00e8res et acides. Les b\u00e9b\u00e9s serrent leurs l\u00e8vres l&rsquo;une contre l&rsquo;autre et crispent leur visage lorsqu&rsquo;ils go\u00fbtent quelque chose d&rsquo;acide. Contrairement au premier exemple, les nouveau-n\u00e9s d\u00e9tendent leur visage et r\u00e9agissent favorablement \u00e0 un go\u00fbt sucr\u00e9.  <\/p>\n<p>Un \u00ab processus d&rsquo;apprentissage \u00bb du go\u00fbt a d\u00e9j\u00e0 lieu dans l&rsquo;ut\u00e9rus. Il a \u00e9t\u00e9 d\u00e9montr\u00e9 qu&rsquo;un f\u0153tus dans l&rsquo;ut\u00e9rus est capable de \u00ab go\u00fbter \u00bb le liquide amniotique. Le lait maternel est similaire au liquide amniotique en termes d&rsquo;odeur et de go\u00fbt. Cela permet au b\u00e9b\u00e9 de reconna\u00eetre son \u00ab propre \u00bb lait maternel.   <\/p>\n<p>Le lait maternel a un go\u00fbt sucr\u00e9 et apporte au nouveau-n\u00e9 une alimentation et une protection compl\u00e8tes. En outre, le lait maternel offre de nouvelles saveurs issues de l&rsquo;alimentation de la m\u00e8re. Par exemple, si la m\u00e8re aime les carottes et en mange r\u00e9guli\u00e8rement, cette saveur sera \u00e9galement transmise r\u00e9guli\u00e8rement au b\u00e9b\u00e9 par le biais du lait maternel. De cette fa\u00e7on, b\u00e9b\u00e9 est initi\u00e9 \u00e0 de nouveaux go\u00fbts et apprend \u00e0 les appr\u00e9cier.   <\/p>\n<p>L&rsquo;allaitement est la plus belle et la meilleure chose qu&rsquo;un b\u00e9b\u00e9 puisse recevoir. L&rsquo;amour et le contact avec votre b\u00e9b\u00e9 dans le cadre de l&rsquo;allaitement sont in\u00e9galables.<br \/>\nLe lait maternel contient beaucoup de nutriments pr\u00e9cieux et de d\u00e9fenses. Ils sont n\u00e9cessaires \u00e0 la croissance et au d\u00e9veloppement de votre b\u00e9b\u00e9. Un b\u00e9b\u00e9 profite pleinement de ces avantages s&rsquo;il est allait\u00e9 pendant au moins six mois.   <\/p>\n<p>&nbsp;<\/p>\n","protected":false},"excerpt":{"rendered":"<p>Quelques heures apr\u00e8s la naissance, les nourrissons peuvent faire des grimaces en go\u00fbtant des saveurs sucr\u00e9es, am\u00e8res et acides. Les b\u00e9b\u00e9s serrent leurs l\u00e8vres l&rsquo;une contre l&rsquo;autre et crispent leur visage lorsqu&rsquo;ils go\u00fbtent quelque chose d&rsquo;acide. Contrairement au premier exemple, les nouveau-n\u00e9s d\u00e9tendent leur visage et r\u00e9agissent favorablement \u00e0 un go\u00fbt sucr\u00e9. Un \u00ab processus [&hellip;]<\/p>\n","protected":false},"author":8195,"featured_media":18327,"parent":18333,"menu_order":0,"comment_status":"closed","ping_status":"closed","template":"page-sidebar.php","meta":{"_acf_changed":false,"_coblocks_attr":"","_coblocks_dimensions":"","_coblocks_responsive_height":"","_coblocks_accordion_ie_support":"","footnotes":""},"class_list":["post-18325","page","type-page","status-publish","has-post-thumbnail","hentry"],"acf":[],"yoast_head":"<!-- This site is optimized with the Yoast SEO plugin v27.3 - https:\/\/yoast.com\/product\/yoast-seo-wordpress\/ -->\n<title>L&#039;alimentation d\u00e8s la naissance - Biobim<\/title>\n<meta name=\"robots\" content=\"index, follow, max-snippet:-1, max-image-preview:large, max-video-preview:-1\" \/>\n<link rel=\"canonical\" href=\"https:\/\/biobim.com\/fr\/informations\/nutrition-par-tranche-dage\/lalimentation-des-la-naissance\/\" \/>\n<meta property=\"og:locale\" content=\"fr_FR\" \/>\n<meta property=\"og:type\" content=\"article\" \/>\n<meta property=\"og:title\" content=\"L&#039;alimentation d\u00e8s la naissance - Biobim\" \/>\n<meta property=\"og:description\" content=\"Quelques heures apr\u00e8s la naissance, les nourrissons peuvent faire des grimaces en go\u00fbtant des saveurs sucr\u00e9es, am\u00e8res et acides. Les b\u00e9b\u00e9s serrent leurs l\u00e8vres l&rsquo;une contre l&rsquo;autre et crispent leur visage lorsqu&rsquo;ils go\u00fbtent quelque chose d&rsquo;acide. Contrairement au premier exemple, les nouveau-n\u00e9s d\u00e9tendent leur visage et r\u00e9agissent favorablement \u00e0 un go\u00fbt sucr\u00e9. Un \u00ab processus [&hellip;]\" \/>\n<meta property=\"og:url\" content=\"https:\/\/biobim.com\/fr\/informations\/nutrition-par-tranche-dage\/lalimentation-des-la-naissance\/\" \/>\n<meta property=\"og:site_name\" content=\"Biobim\" \/>\n<meta property=\"article:modified_time\" content=\"2025-10-31T12:03:13+00:00\" \/>\n<meta property=\"og:image\" content=\"https:\/\/biobim.com\/wp-content\/uploads\/2020\/02\/Beelden-Header-Home-B.jpg\" \/>\n\t<meta property=\"og:image:width\" content=\"1400\" \/>\n\t<meta property=\"og:image:height\" content=\"500\" \/>\n\t<meta property=\"og:image:type\" content=\"image\/jpeg\" \/>\n<meta name=\"twitter:label1\" content=\"Dur\u00e9e de lecture estim\u00e9e\" \/>\n\t<meta name=\"twitter:data1\" content=\"1 minute\" \/>\n<script type=\"application\/ld+json\" class=\"yoast-schema-graph\">{\"@context\":\"https:\\\/\\\/schema.org\",\"@graph\":[{\"@type\":\"WebPage\",\"@id\":\"https:\\\/\\\/biobim.com\\\/fr\\\/informations\\\/nutrition-par-tranche-dage\\\/lalimentation-des-la-naissance\\\/\",\"url\":\"https:\\\/\\\/biobim.com\\\/fr\\\/informations\\\/nutrition-par-tranche-dage\\\/lalimentation-des-la-naissance\\\/\",\"name\":\"L'alimentation d\u00e8s la naissance - Biobim\",\"isPartOf\":{\"@id\":\"https:\\\/\\\/biobim.com\\\/fr\\\/#website\"},\"primaryImageOfPage\":{\"@id\":\"https:\\\/\\\/biobim.com\\\/fr\\\/informations\\\/nutrition-par-tranche-dage\\\/lalimentation-des-la-naissance\\\/#primaryimage\"},\"image\":{\"@id\":\"https:\\\/\\\/biobim.com\\\/fr\\\/informations\\\/nutrition-par-tranche-dage\\\/lalimentation-des-la-naissance\\\/#primaryimage\"},\"thumbnailUrl\":\"https:\\\/\\\/biobim.com\\\/wp-content\\\/uploads\\\/2020\\\/02\\\/Beelden-Header-Home-B.jpg\",\"datePublished\":\"2025-10-31T11:44:32+00:00\",\"dateModified\":\"2025-10-31T12:03:13+00:00\",\"breadcrumb\":{\"@id\":\"https:\\\/\\\/biobim.com\\\/fr\\\/informations\\\/nutrition-par-tranche-dage\\\/lalimentation-des-la-naissance\\\/#breadcrumb\"},\"inLanguage\":\"fr-FR\",\"potentialAction\":[{\"@type\":\"ReadAction\",\"target\":[\"https:\\\/\\\/biobim.com\\\/fr\\\/informations\\\/nutrition-par-tranche-dage\\\/lalimentation-des-la-naissance\\\/\"]}]},{\"@type\":\"ImageObject\",\"inLanguage\":\"fr-FR\",\"@id\":\"https:\\\/\\\/biobim.com\\\/fr\\\/informations\\\/nutrition-par-tranche-dage\\\/lalimentation-des-la-naissance\\\/#primaryimage\",\"url\":\"https:\\\/\\\/biobim.com\\\/wp-content\\\/uploads\\\/2020\\\/02\\\/Beelden-Header-Home-B.jpg\",\"contentUrl\":\"https:\\\/\\\/biobim.com\\\/wp-content\\\/uploads\\\/2020\\\/02\\\/Beelden-Header-Home-B.jpg\",\"width\":1400,\"height\":500,\"caption\":\"Een moeder en baby afgebeeld voor Biobim biologische babyvoeding.\"},{\"@type\":\"BreadcrumbList\",\"@id\":\"https:\\\/\\\/biobim.com\\\/fr\\\/informations\\\/nutrition-par-tranche-dage\\\/lalimentation-des-la-naissance\\\/#breadcrumb\",\"itemListElement\":[{\"@type\":\"ListItem\",\"position\":1,\"name\":\"Home\",\"item\":\"https:\\\/\\\/biobim.enict.io\\\/fr\\\/\"},{\"@type\":\"ListItem\",\"position\":2,\"name\":\"Informations\",\"item\":\"https:\\\/\\\/biobim.enict.io\\\/fr\\\/informations\\\/\"},{\"@type\":\"ListItem\",\"position\":3,\"name\":\"Nutrition par tranche d&#8217;\u00e2ge\",\"item\":\"https:\\\/\\\/biobim.enict.io\\\/fr\\\/informations\\\/nutrition-par-tranche-dage\\\/\"},{\"@type\":\"ListItem\",\"position\":4,\"name\":\"L&#8217;alimentation d\u00e8s la naissance\"}]},{\"@type\":\"WebSite\",\"@id\":\"https:\\\/\\\/biobim.com\\\/fr\\\/#website\",\"url\":\"https:\\\/\\\/biobim.com\\\/fr\\\/\",\"name\":\"Biobim\",\"description\":\"Aliments biologiques pour b\u00e9b\u00e9s depuis 1982\",\"potentialAction\":[{\"@type\":\"SearchAction\",\"target\":{\"@type\":\"EntryPoint\",\"urlTemplate\":\"https:\\\/\\\/biobim.com\\\/fr\\\/?s={search_term_string}\"},\"query-input\":{\"@type\":\"PropertyValueSpecification\",\"valueRequired\":true,\"valueName\":\"search_term_string\"}}],\"inLanguage\":\"fr-FR\"}]}<\/script>\n<!-- \/ Yoast SEO plugin. -->","yoast_head_json":{"title":"L'alimentation d\u00e8s la naissance - Biobim","robots":{"index":"index","follow":"follow","max-snippet":"max-snippet:-1","max-image-preview":"max-image-preview:large","max-video-preview":"max-video-preview:-1"},"canonical":"https:\/\/biobim.com\/fr\/informations\/nutrition-par-tranche-dage\/lalimentation-des-la-naissance\/","og_locale":"fr_FR","og_type":"article","og_title":"L'alimentation d\u00e8s la naissance - Biobim","og_description":"Quelques heures apr\u00e8s la naissance, les nourrissons peuvent faire des grimaces en go\u00fbtant des saveurs sucr\u00e9es, am\u00e8res et acides. Les b\u00e9b\u00e9s serrent leurs l\u00e8vres l&rsquo;une contre l&rsquo;autre et crispent leur visage lorsqu&rsquo;ils go\u00fbtent quelque chose d&rsquo;acide. Contrairement au premier exemple, les nouveau-n\u00e9s d\u00e9tendent leur visage et r\u00e9agissent favorablement \u00e0 un go\u00fbt sucr\u00e9. Un \u00ab processus [&hellip;]","og_url":"https:\/\/biobim.com\/fr\/informations\/nutrition-par-tranche-dage\/lalimentation-des-la-naissance\/","og_site_name":"Biobim","article_modified_time":"2025-10-31T12:03:13+00:00","og_image":[{"width":1400,"height":500,"url":"https:\/\/biobim.com\/wp-content\/uploads\/2020\/02\/Beelden-Header-Home-B.jpg","type":"image\/jpeg"}],"twitter_misc":{"Dur\u00e9e de lecture estim\u00e9e":"1 minute"},"schema":{"@context":"https:\/\/schema.org","@graph":[{"@type":"WebPage","@id":"https:\/\/biobim.com\/fr\/informations\/nutrition-par-tranche-dage\/lalimentation-des-la-naissance\/","url":"https:\/\/biobim.com\/fr\/informations\/nutrition-par-tranche-dage\/lalimentation-des-la-naissance\/","name":"L'alimentation d\u00e8s la naissance - Biobim","isPartOf":{"@id":"https:\/\/biobim.com\/fr\/#website"},"primaryImageOfPage":{"@id":"https:\/\/biobim.com\/fr\/informations\/nutrition-par-tranche-dage\/lalimentation-des-la-naissance\/#primaryimage"},"image":{"@id":"https:\/\/biobim.com\/fr\/informations\/nutrition-par-tranche-dage\/lalimentation-des-la-naissance\/#primaryimage"},"thumbnailUrl":"https:\/\/biobim.com\/wp-content\/uploads\/2020\/02\/Beelden-Header-Home-B.jpg","datePublished":"2025-10-31T11:44:32+00:00","dateModified":"2025-10-31T12:03:13+00:00","breadcrumb":{"@id":"https:\/\/biobim.com\/fr\/informations\/nutrition-par-tranche-dage\/lalimentation-des-la-naissance\/#breadcrumb"},"inLanguage":"fr-FR","potentialAction":[{"@type":"ReadAction","target":["https:\/\/biobim.com\/fr\/informations\/nutrition-par-tranche-dage\/lalimentation-des-la-naissance\/"]}]},{"@type":"ImageObject","inLanguage":"fr-FR","@id":"https:\/\/biobim.com\/fr\/informations\/nutrition-par-tranche-dage\/lalimentation-des-la-naissance\/#primaryimage","url":"https:\/\/biobim.com\/wp-content\/uploads\/2020\/02\/Beelden-Header-Home-B.jpg","contentUrl":"https:\/\/biobim.com\/wp-content\/uploads\/2020\/02\/Beelden-Header-Home-B.jpg","width":1400,"height":500,"caption":"Een moeder en baby afgebeeld voor Biobim biologische babyvoeding."},{"@type":"BreadcrumbList","@id":"https:\/\/biobim.com\/fr\/informations\/nutrition-par-tranche-dage\/lalimentation-des-la-naissance\/#breadcrumb","itemListElement":[{"@type":"ListItem","position":1,"name":"Home","item":"https:\/\/biobim.enict.io\/fr\/"},{"@type":"ListItem","position":2,"name":"Informations","item":"https:\/\/biobim.enict.io\/fr\/informations\/"},{"@type":"ListItem","position":3,"name":"Nutrition par tranche d&#8217;\u00e2ge","item":"https:\/\/biobim.enict.io\/fr\/informations\/nutrition-par-tranche-dage\/"},{"@type":"ListItem","position":4,"name":"L&#8217;alimentation d\u00e8s la naissance"}]},{"@type":"WebSite","@id":"https:\/\/biobim.com\/fr\/#website","url":"https:\/\/biobim.com\/fr\/","name":"Biobim","description":"Aliments biologiques pour b\u00e9b\u00e9s depuis 1982","potentialAction":[{"@type":"SearchAction","target":{"@type":"EntryPoint","urlTemplate":"https:\/\/biobim.com\/fr\/?s={search_term_string}"},"query-input":{"@type":"PropertyValueSpecification","valueRequired":true,"valueName":"search_term_string"}}],"inLanguage":"fr-FR"}]}},"_links":{"self":[{"href":"https:\/\/biobim.com\/fr\/wp-json\/wp\/v2\/pages\/18325","targetHints":{"allow":["GET"]}}],"collection":[{"href":"https:\/\/biobim.com\/fr\/wp-json\/wp\/v2\/pages"}],"about":[{"href":"https:\/\/biobim.com\/fr\/wp-json\/wp\/v2\/types\/page"}],"author":[{"embeddable":true,"href":"https:\/\/biobim.com\/fr\/wp-json\/wp\/v2\/users\/8195"}],"replies":[{"embeddable":true,"href":"https:\/\/biobim.com\/fr\/wp-json\/wp\/v2\/comments?post=18325"}],"version-history":[{"count":1,"href":"https:\/\/biobim.com\/fr\/wp-json\/wp\/v2\/pages\/18325\/revisions"}],"predecessor-version":[{"id":18335,"href":"https:\/\/biobim.com\/fr\/wp-json\/wp\/v2\/pages\/18325\/revisions\/18335"}],"up":[{"embeddable":true,"href":"https:\/\/biobim.com\/fr\/wp-json\/wp\/v2\/pages\/18333"}],"wp:featuredmedia":[{"embeddable":true,"href":"https:\/\/biobim.com\/fr\/wp-json\/wp\/v2\/media\/18327"}],"wp:attachment":[{"href":"https:\/\/biobim.com\/fr\/wp-json\/wp\/v2\/media?parent=18325"}],"curies":[{"name":"wp","href":"https:\/\/api.w.org\/{rel}","templated":true}]}}