{"id":18333,"date":"2025-10-31T13:03:13","date_gmt":"2025-10-31T12:03:13","guid":{"rendered":"https:\/\/biobim.com\/informations\/nutrition-par-tranche-dage\/"},"modified":"2025-11-27T16:42:57","modified_gmt":"2025-11-27T15:42:57","slug":"nutrition-par-tranche-dage","status":"publish","type":"page","link":"https:\/\/biobim.com\/fr\/informations\/nutrition-par-tranche-dage\/","title":{"rendered":"Nutrition par tranche d&rsquo;\u00e2ge"},"content":{"rendered":"\n<div class=\"wp-block-columns is-layout-flex wp-container-core-columns-is-layout-9d6595d7 wp-block-columns-is-layout-flex\">\n<div class=\"wp-block-column is-layout-flow wp-block-column-is-layout-flow\">\n<h2 class=\"wp-block-heading\">Nutrition par tranche d&rsquo;\u00e2ge<\/h2>\n\n\n\n<p class=\"has-blue-color has-text-color has-link-color has-medium-font-size wp-elements-e939b103ec5d1a0c3d7e99672cf86b93\">La premi\u00e8re ann\u00e9e de vie de votre enfant consiste \u00e0 d\u00e9couvrir de nouveaux go\u00fbts et de nouvelles textures. Cette page offre une vue d&rsquo;ensemble des informations qui peuvent \u00eatre importantes pour vous. Notre gamme est compos\u00e9e par tranche d&rsquo;\u00e2ge. Il est ainsi facile de voir quels sont les produits qui conviennent \u00e0 votre enfant.   <\/p>\n\n\n\n<figure class=\"wp-block-image size-full\"><img loading=\"lazy\" decoding=\"async\" width=\"617\" height=\"13\" src=\"https:\/\/biobim.com\/wp-content\/uploads\/2020\/02\/divider-616.png\" alt=\"\" class=\"wp-image-11864\" srcset=\"https:\/\/biobim.com\/wp-content\/uploads\/2020\/02\/divider-616.png 617w, https:\/\/biobim.com\/wp-content\/uploads\/2020\/02\/divider-616-300x6.png 300w, https:\/\/biobim.com\/wp-content\/uploads\/2020\/02\/divider-616-280x6.png 280w, https:\/\/biobim.com\/wp-content\/uploads\/2020\/02\/divider-616-116x2.png 116w, https:\/\/biobim.com\/wp-content\/uploads\/2020\/02\/divider-616-180x4.png 180w, https:\/\/biobim.com\/wp-content\/uploads\/2020\/02\/divider-616-380x8.png 380w, https:\/\/biobim.com\/wp-content\/uploads\/2020\/02\/divider-616-604x13.png 604w, https:\/\/biobim.com\/wp-content\/uploads\/2020\/02\/divider-616-232x5.png 232w, https:\/\/biobim.com\/wp-content\/uploads\/2020\/02\/divider-616-400x8.png 400w\" sizes=\"auto, (max-width: 617px) 100vw, 617px\" \/><\/figure>\n\n\n\n<h4 class=\"wp-block-heading\"><a href=\"https:\/\/biobim.enict.io\/fr\/informations\/nutrition-par-tranche-dage\/lalimentation-des-la-naissance\/\">L&rsquo;alimentation d\u00e8s la naissance<\/a><\/h4>\n\n\n\n<p>M\u00eame peu apr\u00e8s la naissance, les b\u00e9b\u00e9s r\u00e9agissent diff\u00e9remment aux go\u00fbts : le sucr\u00e9 suscite une r\u00e9action positive, tandis que l&rsquo;acide et l&rsquo;amer sont per\u00e7us comme d\u00e9sagr\u00e9ables. Le d\u00e9veloppement du go\u00fbt commence d\u00e9j\u00e0 dans l&rsquo;ut\u00e9rus, le f\u0153tus go\u00fbtant les saveurs du liquide amniotique, ce qui l&rsquo;aidera plus tard \u00e0 reconna\u00eetre l&rsquo;odeur et le go\u00fbt du lait maternel. Le lait maternel est non seulement nutritif et protecteur, mais il transmet \u00e9galement les saveurs du r\u00e9gime alimentaire de la m\u00e8re, stimulant ainsi le d\u00e9veloppement du go\u00fbt de l&rsquo;enfant.  <\/p>\n\n\n\n<h4 class=\"wp-block-heading\"><a href=\"https:\/\/biobim.enict.io\/fr\/informations\/nutrition-par-tranche-dage\/alimentation-a-partir-de-4-mois\/\">Alimentation \u00e0 partir de 4 mois<\/a><\/h4>\n\n\n\n<p>Entre quatre et six mois, votre b\u00e9b\u00e9 peut lentement commencer \u00e0 prendre des petites bouch\u00e9es en m\u00eame temps qu&rsquo;il est nourri au sein ou au biberon, notamment pour s&rsquo;habituer \u00e0 de nouvelles saveurs et \u00e0 manger \u00e0 la cuill\u00e8re. Commencez par des saveurs simples et douces, comme la pomme ou le potiron, et proposez-les \u00e0 plusieurs reprises pour habituer progressivement votre b\u00e9b\u00e9 aux aliments solides. <\/p>\n<\/div>\n\n\n\n<div class=\"wp-block-column is-layout-flow wp-block-column-is-layout-flow\">\n<h4 class=\"wp-block-heading\"><a href=\"https:\/\/biobim.enict.io\/fr\/informations\/nutrition-par-tranche-dage\/lalimentation-a-partir-de-6-mois\/\">L&rsquo;alimentation \u00e0 partir de 6 mois<\/a><\/h4>\n\n\n\n<p>\u00c0 partir de six mois, votre b\u00e9b\u00e9 a besoin d&rsquo;une alimentation solide en plus de l&rsquo;allaitement au sein ou au biberon, et apprend progressivement de nouveaux go\u00fbts, de nouvelles habitudes alimentaires et de nouvelles fa\u00e7ons de manger. Manger ensemble devient de plus en plus important, et vous pouvez maintenant offrir \u00e0 votre b\u00e9b\u00e9 de petites bouch\u00e9es sucr\u00e9es du repas familial. <\/p>\n\n\n\n<h4 class=\"wp-block-heading\"><a href=\"https:\/\/biobim.enict.io\/fr\/informations\/nutrition-par-tranche-dage\/lalimentation-a-partir-de-12-mois\/\">L&rsquo;alimentation \u00e0 partir de 12 mois<\/a><\/h4>\n\n\n\n<p>Au cours de la premi\u00e8re ann\u00e9e, votre b\u00e9b\u00e9 continue \u00e0 se d\u00e9velopper rapidement, d\u00e9couvrant de nouvelles textures d&rsquo;aliments ainsi que des go\u00fbts diff\u00e9rents. Parce que votre enfant a besoin de beaucoup de nutriments, mais a un petit estomac, il est important de lui proposer des repas principaux et des en-cas sains, pris en commun en famille. <\/p>\n\n\n\n<div class=\"wp-block-group has-pink-background-color has-background\"><div class=\"wp-block-group__inner-container is-layout-constrained wp-block-group-is-layout-constrained\">\n<div class=\"wp-block-group\"><div class=\"wp-block-group__inner-container is-layout-constrained wp-block-group-is-layout-constrained\">\n<h4 class=\"wp-block-heading has-text-align-center has-lightgrey-color has-text-color has-link-color has-large-font-size wp-elements-092283e72ce00ea5e6e4d1f7ac332c43\">assortiment<\/h4>\n\n\n\n<p class=\"has-text-align-center has-lightgrey-color has-text-color has-link-color has-medium-font-size wp-elements-331162ef826fa21d9234f00f922ba112\">Sur la page des produits, vous trouverez notre gamme qui comprend des pr\u00e9parations pour nourrissons, des bouillies, des collations \u00e0 base de fruits et l\u00e9gumes et des snacks. Sur chaque produit, vous trouverez l&rsquo;\u00e2ge auquel il convient. Faites d\u00e9couvrir \u00e0 votre enfant nos produits biologiques.  <\/p>\n<\/div><\/div>\n<\/div><\/div>\n\n\n\n<div class=\"wp-block-group\"><div class=\"wp-block-group__inner-container is-layout-constrained wp-block-group-is-layout-constrained\">\n<p><\/p>\n<\/div><\/div>\n<\/div>\n<\/div>\n\n\n<p><!-- \/wp:post-content --><\/p>\n<p><!-- wp:columns --><\/p>\n<div class=\"wp-block-columns\"><!-- wp:column --><\/p>\n<div class=\"wp-block-column\"> <\/div>\n<p><!-- \/wp:column --><\/p>\n<p><!-- wp:column --><\/p>\n<div class=\"wp-block-column\"> <\/div>\n<p><!-- \/wp:column --><\/p>\n<\/div>\n<p><!-- \/wp:columns --><\/p>","protected":false},"excerpt":{"rendered":"<p>Nutrition par tranche d&rsquo;\u00e2ge La premi\u00e8re ann\u00e9e de vie de votre enfant consiste \u00e0 d\u00e9couvrir de nouveaux go\u00fbts et de nouvelles textures. Cette page offre une vue d&rsquo;ensemble des informations qui peuvent \u00eatre importantes pour vous. Notre gamme est compos\u00e9e par tranche d&rsquo;\u00e2ge. Il est ainsi facile de voir quels sont les produits qui conviennent [&hellip;]<\/p>\n","protected":false},"author":8195,"featured_media":18567,"parent":11994,"menu_order":0,"comment_status":"closed","ping_status":"closed","template":"single.php","meta":{"_acf_changed":false,"_coblocks_attr":"","_coblocks_dimensions":"","_coblocks_responsive_height":"","_coblocks_accordion_ie_support":"","footnotes":""},"class_list":["post-18333","page","type-page","status-publish","has-post-thumbnail","hentry"],"acf":[],"yoast_head":"<!-- This site is optimized with the Yoast SEO plugin v27.5 - https:\/\/yoast.com\/product\/yoast-seo-wordpress\/ -->\n<title>Nutrition par tranche d&#039;\u00e2ge - Biobim<\/title>\n<meta name=\"robots\" content=\"index, follow, max-snippet:-1, max-image-preview:large, max-video-preview:-1\" \/>\n<link rel=\"canonical\" href=\"https:\/\/biobim.com\/fr\/informations\/nutrition-par-tranche-dage\/\" \/>\n<meta property=\"og:locale\" content=\"fr_FR\" \/>\n<meta property=\"og:type\" content=\"article\" \/>\n<meta property=\"og:title\" content=\"Nutrition par tranche d&#039;\u00e2ge - Biobim\" \/>\n<meta property=\"og:description\" content=\"Nutrition par tranche d&rsquo;\u00e2ge La premi\u00e8re ann\u00e9e de vie de votre enfant consiste \u00e0 d\u00e9couvrir de nouveaux go\u00fbts et de nouvelles textures. Cette page offre une vue d&rsquo;ensemble des informations qui peuvent \u00eatre importantes pour vous. Notre gamme est compos\u00e9e par tranche d&rsquo;\u00e2ge. Il est ainsi facile de voir quels sont les produits qui conviennent [&hellip;]\" \/>\n<meta property=\"og:url\" content=\"https:\/\/biobim.com\/fr\/informations\/nutrition-par-tranche-dage\/\" \/>\n<meta property=\"og:site_name\" content=\"Biobim\" \/>\n<meta property=\"article:modified_time\" content=\"2025-11-27T15:42:57+00:00\" \/>\n<meta property=\"og:image\" content=\"https:\/\/biobim.com\/wp-content\/uploads\/2020\/02\/divider-616.png\" \/>\n\t<meta property=\"og:image:width\" content=\"617\" \/>\n\t<meta property=\"og:image:height\" content=\"13\" \/>\n\t<meta property=\"og:image:type\" content=\"image\/png\" \/>\n<meta name=\"twitter:label1\" content=\"Dur\u00e9e de lecture estim\u00e9e\" \/>\n\t<meta name=\"twitter:data1\" content=\"3 minutes\" \/>\n<script type=\"application\/ld+json\" class=\"yoast-schema-graph\">{\"@context\":\"https:\\\/\\\/schema.org\",\"@graph\":[{\"@type\":\"WebPage\",\"@id\":\"https:\\\/\\\/biobim.com\\\/fr\\\/informations\\\/nutrition-par-tranche-dage\\\/\",\"url\":\"https:\\\/\\\/biobim.com\\\/fr\\\/informations\\\/nutrition-par-tranche-dage\\\/\",\"name\":\"Nutrition par tranche d'\u00e2ge - Biobim\",\"isPartOf\":{\"@id\":\"https:\\\/\\\/biobim.com\\\/fr\\\/#website\"},\"primaryImageOfPage\":{\"@id\":\"https:\\\/\\\/biobim.com\\\/fr\\\/informations\\\/nutrition-par-tranche-dage\\\/#primaryimage\"},\"image\":{\"@id\":\"https:\\\/\\\/biobim.com\\\/fr\\\/informations\\\/nutrition-par-tranche-dage\\\/#primaryimage\"},\"thumbnailUrl\":\"https:\\\/\\\/biobim.com\\\/wp-content\\\/uploads\\\/2025\\\/11\\\/Biobim_online_banner_1400x500px.jpg\",\"datePublished\":\"2025-10-31T12:03:13+00:00\",\"dateModified\":\"2025-11-27T15:42:57+00:00\",\"breadcrumb\":{\"@id\":\"https:\\\/\\\/biobim.com\\\/fr\\\/informations\\\/nutrition-par-tranche-dage\\\/#breadcrumb\"},\"inLanguage\":\"fr-FR\",\"potentialAction\":[{\"@type\":\"ReadAction\",\"target\":[\"https:\\\/\\\/biobim.com\\\/fr\\\/informations\\\/nutrition-par-tranche-dage\\\/\"]}]},{\"@type\":\"ImageObject\",\"inLanguage\":\"fr-FR\",\"@id\":\"https:\\\/\\\/biobim.com\\\/fr\\\/informations\\\/nutrition-par-tranche-dage\\\/#primaryimage\",\"url\":\"https:\\\/\\\/biobim.com\\\/wp-content\\\/uploads\\\/2025\\\/11\\\/Biobim_online_banner_1400x500px.jpg\",\"contentUrl\":\"https:\\\/\\\/biobim.com\\\/wp-content\\\/uploads\\\/2025\\\/11\\\/Biobim_online_banner_1400x500px.jpg\",\"width\":1400,\"height\":500},{\"@type\":\"BreadcrumbList\",\"@id\":\"https:\\\/\\\/biobim.com\\\/fr\\\/informations\\\/nutrition-par-tranche-dage\\\/#breadcrumb\",\"itemListElement\":[{\"@type\":\"ListItem\",\"position\":1,\"name\":\"Home\",\"item\":\"https:\\\/\\\/biobim.enict.io\\\/fr\\\/\"},{\"@type\":\"ListItem\",\"position\":2,\"name\":\"Informations\",\"item\":\"https:\\\/\\\/biobim.enict.io\\\/fr\\\/informations\\\/\"},{\"@type\":\"ListItem\",\"position\":3,\"name\":\"Nutrition par tranche d&#8217;\u00e2ge\"}]},{\"@type\":\"WebSite\",\"@id\":\"https:\\\/\\\/biobim.com\\\/fr\\\/#website\",\"url\":\"https:\\\/\\\/biobim.com\\\/fr\\\/\",\"name\":\"Biobim\",\"description\":\"Aliments biologiques pour b\u00e9b\u00e9s depuis 1982\",\"potentialAction\":[{\"@type\":\"SearchAction\",\"target\":{\"@type\":\"EntryPoint\",\"urlTemplate\":\"https:\\\/\\\/biobim.com\\\/fr\\\/?s={search_term_string}\"},\"query-input\":{\"@type\":\"PropertyValueSpecification\",\"valueRequired\":true,\"valueName\":\"search_term_string\"}}],\"inLanguage\":\"fr-FR\"}]}<\/script>\n<!-- \/ Yoast SEO plugin. -->","yoast_head_json":{"title":"Nutrition par tranche d'\u00e2ge - Biobim","robots":{"index":"index","follow":"follow","max-snippet":"max-snippet:-1","max-image-preview":"max-image-preview:large","max-video-preview":"max-video-preview:-1"},"canonical":"https:\/\/biobim.com\/fr\/informations\/nutrition-par-tranche-dage\/","og_locale":"fr_FR","og_type":"article","og_title":"Nutrition par tranche d'\u00e2ge - Biobim","og_description":"Nutrition par tranche d&rsquo;\u00e2ge La premi\u00e8re ann\u00e9e de vie de votre enfant consiste \u00e0 d\u00e9couvrir de nouveaux go\u00fbts et de nouvelles textures. Cette page offre une vue d&rsquo;ensemble des informations qui peuvent \u00eatre importantes pour vous. Notre gamme est compos\u00e9e par tranche d&rsquo;\u00e2ge. Il est ainsi facile de voir quels sont les produits qui conviennent [&hellip;]","og_url":"https:\/\/biobim.com\/fr\/informations\/nutrition-par-tranche-dage\/","og_site_name":"Biobim","article_modified_time":"2025-11-27T15:42:57+00:00","og_image":[{"width":617,"height":13,"url":"https:\/\/biobim.com\/wp-content\/uploads\/2020\/02\/divider-616.png","type":"image\/png"}],"twitter_misc":{"Dur\u00e9e de lecture estim\u00e9e":"3 minutes"},"schema":{"@context":"https:\/\/schema.org","@graph":[{"@type":"WebPage","@id":"https:\/\/biobim.com\/fr\/informations\/nutrition-par-tranche-dage\/","url":"https:\/\/biobim.com\/fr\/informations\/nutrition-par-tranche-dage\/","name":"Nutrition par tranche d'\u00e2ge - Biobim","isPartOf":{"@id":"https:\/\/biobim.com\/fr\/#website"},"primaryImageOfPage":{"@id":"https:\/\/biobim.com\/fr\/informations\/nutrition-par-tranche-dage\/#primaryimage"},"image":{"@id":"https:\/\/biobim.com\/fr\/informations\/nutrition-par-tranche-dage\/#primaryimage"},"thumbnailUrl":"https:\/\/biobim.com\/wp-content\/uploads\/2025\/11\/Biobim_online_banner_1400x500px.jpg","datePublished":"2025-10-31T12:03:13+00:00","dateModified":"2025-11-27T15:42:57+00:00","breadcrumb":{"@id":"https:\/\/biobim.com\/fr\/informations\/nutrition-par-tranche-dage\/#breadcrumb"},"inLanguage":"fr-FR","potentialAction":[{"@type":"ReadAction","target":["https:\/\/biobim.com\/fr\/informations\/nutrition-par-tranche-dage\/"]}]},{"@type":"ImageObject","inLanguage":"fr-FR","@id":"https:\/\/biobim.com\/fr\/informations\/nutrition-par-tranche-dage\/#primaryimage","url":"https:\/\/biobim.com\/wp-content\/uploads\/2025\/11\/Biobim_online_banner_1400x500px.jpg","contentUrl":"https:\/\/biobim.com\/wp-content\/uploads\/2025\/11\/Biobim_online_banner_1400x500px.jpg","width":1400,"height":500},{"@type":"BreadcrumbList","@id":"https:\/\/biobim.com\/fr\/informations\/nutrition-par-tranche-dage\/#breadcrumb","itemListElement":[{"@type":"ListItem","position":1,"name":"Home","item":"https:\/\/biobim.enict.io\/fr\/"},{"@type":"ListItem","position":2,"name":"Informations","item":"https:\/\/biobim.enict.io\/fr\/informations\/"},{"@type":"ListItem","position":3,"name":"Nutrition par tranche d&#8217;\u00e2ge"}]},{"@type":"WebSite","@id":"https:\/\/biobim.com\/fr\/#website","url":"https:\/\/biobim.com\/fr\/","name":"Biobim","description":"Aliments biologiques pour b\u00e9b\u00e9s depuis 1982","potentialAction":[{"@type":"SearchAction","target":{"@type":"EntryPoint","urlTemplate":"https:\/\/biobim.com\/fr\/?s={search_term_string}"},"query-input":{"@type":"PropertyValueSpecification","valueRequired":true,"valueName":"search_term_string"}}],"inLanguage":"fr-FR"}]}},"_links":{"self":[{"href":"https:\/\/biobim.com\/fr\/wp-json\/wp\/v2\/pages\/18333","targetHints":{"allow":["GET"]}}],"collection":[{"href":"https:\/\/biobim.com\/fr\/wp-json\/wp\/v2\/pages"}],"about":[{"href":"https:\/\/biobim.com\/fr\/wp-json\/wp\/v2\/types\/page"}],"author":[{"embeddable":true,"href":"https:\/\/biobim.com\/fr\/wp-json\/wp\/v2\/users\/8195"}],"replies":[{"embeddable":true,"href":"https:\/\/biobim.com\/fr\/wp-json\/wp\/v2\/comments?post=18333"}],"version-history":[{"count":4,"href":"https:\/\/biobim.com\/fr\/wp-json\/wp\/v2\/pages\/18333\/revisions"}],"predecessor-version":[{"id":18653,"href":"https:\/\/biobim.com\/fr\/wp-json\/wp\/v2\/pages\/18333\/revisions\/18653"}],"up":[{"embeddable":true,"href":"https:\/\/biobim.com\/fr\/wp-json\/wp\/v2\/pages\/11994"}],"wp:featuredmedia":[{"embeddable":true,"href":"https:\/\/biobim.com\/fr\/wp-json\/wp\/v2\/media\/18567"}],"wp:attachment":[{"href":"https:\/\/biobim.com\/fr\/wp-json\/wp\/v2\/media?parent=18333"}],"curies":[{"name":"wp","href":"https:\/\/api.w.org\/{rel}","templated":true}]}}